{"id":20019,"date":"2016-10-05T13:25:52","date_gmt":"2016-10-05T11:25:52","guid":{"rendered":"https:\/\/www.initiative-sauberes-trinkwasser.ch\/participer\/"},"modified":"2024-12-13T14:45:47","modified_gmt":"2024-12-13T13:45:47","slug":"participer","status":"publish","type":"page","link":"https:\/\/www.initiative-sauberes-trinkwasser.ch\/fr\/participer\/","title":{"rendered":"Participer"},"content":{"rendered":"\n<figure class=\"wp-block-image size-large\"><img loading=\"lazy\" width=\"1024\" height=\"542\" src=\"https:\/\/www.initiative-sauberes-trinkwasser.ch\/wp-content\/uploads\/2020\/11\/Artikelblid_Mithelfen_051118-1024x542.jpg\" alt=\"Initiative unterst\u00fctzen\" class=\"wp-image-21080\" srcset=\"https:\/\/www.initiative-sauberes-trinkwasser.ch\/wp-content\/uploads\/2020\/11\/Artikelblid_Mithelfen_051118-1024x542.jpg 1024w, https:\/\/www.initiative-sauberes-trinkwasser.ch\/wp-content\/uploads\/2020\/11\/Artikelblid_Mithelfen_051118-300x159.jpg 300w, https:\/\/www.initiative-sauberes-trinkwasser.ch\/wp-content\/uploads\/2020\/11\/Artikelblid_Mithelfen_051118-768x406.jpg 768w, https:\/\/www.initiative-sauberes-trinkwasser.ch\/wp-content\/uploads\/2020\/11\/Artikelblid_Mithelfen_051118.jpg 1200w\" sizes=\"(max-width: 1024px) 100vw, 1024px\" \/><\/figure>\n\n\n<h4>Vous pouvez contribuer au succ\u00e8s de l&rsquo;Initiative pour une eau potable propre de la mani\u00e8re suivante:<\/h4>\n<ul>\n<li style=\"list-style-type: none;\">\n<ul>\n<li><strong>Faire un don pour l&rsquo;initiative<\/strong><br>Soutenez-nous avec un <a href=\"https:\/\/www.initiative-sauberes-trinkwasser.ch\/fr\/spenden\/\">don<\/a>.<\/li>\n<li><strong>Partagez notre<\/strong> <a href=\"https:\/\/www.initiative-sauberes-trinkwasser.ch\/fr\/#erklaervideo\">vid\u00e9o<\/a><\/li>\n<li><strong>Mettez un espace priv\u00e9 \u00e0 disposition pour les drapeaux ou soutenez-nous avec votre v\u00e9lo.<\/strong><br>Vous pouvez commander des drapeaux et des affiches pour v\u00e9lo <a href=\"https:\/\/www.initiative-sauberes-trinkwasser.ch\/fr\/material-bestellen\/\">ici<\/a>.<\/li>\n<li><strong>Commandez des flyers et distribuez-les dans votre entourage<\/strong><br>Vous pouvez commander des flyers <a href=\"https:\/\/www.initiative-sauberes-trinkwasser.ch\/fr\/commande-du-materiel\/\">ici<\/a>.<\/li>\n<li><strong>Partagez nos articles et messages sur&nbsp; Facebook, <a href=\"https:\/\/www.instagram.com\/trinkwasserinitiative\/?hl=de\">Instagram<\/a> et <a href=\"https:\/\/twitter.com\/Trinkwasser_ch\">Twitter<\/a><\/strong><\/li>\n<li><strong>Convaincre votre entourage pour l&rsquo;initiative<\/strong><br>Vous trouverez les faits et les arguments dans le <a href=\"https:\/\/www.initiative-sauberes-trinkwasser.ch\/wp-content\/uploads\/2020\/08\/Flyer_fr_A5_200813.pdf\">flyer<\/a>, la <a href=\"https:\/\/www.initiative-sauberes-trinkwasser.ch\/wp-content\/uploads\/2020\/06\/TWI_FaktenHintergr\u00fcnde_20200624.pdf\">fiche technique d&rsquo;information<\/a> (en allemand) et sous la rubrique <a href=\"https:\/\/www.initiative-sauberes-trinkwasser.ch\/fr\/nachrichten\/\">actualit\u00e9s<\/a>.<\/li>\n<li><strong>Rejoignez l&rsquo;association de soutien <\/strong><strong>\u00abUne eau propre pour tous<\/strong>\u00bb<br>Nous sommes heureux d&rsquo;accueillir de nouveaux <a href=\"https:\/\/www.initiative-sauberes-trinkwasser.ch\/fr\/verein\/\">membres<\/a>.<\/li>\n<\/ul>\n<\/li>\n<\/ul>\n<p>Avec vous, nous nous r\u00e9jouissons de convaincre le peuple suisse \u00e0 soutenir l&rsquo;Initiative pour une eau potable propre. Pour notre b\u00e9n\u00e9fice \u00e0 tous, nos enfants et petits-enfants, et pour le b\u00e9n\u00e9fice des plantes et des animaux.<\/p>\n\n\n<div style=\"height:20px\" aria-hidden=\"true\" class=\"wp-block-spacer\"><\/div>\n","protected":false},"excerpt":{"rendered":"<p>Vous pouvez contribuer au succ\u00e8s de l&rsquo;Initiative pour une eau potable propre de la mani\u00e8re suivante: Faire un don pour l&rsquo;initiativeSoutenez-nous avec un don. Partagez notre vid\u00e9o Mettez un espace priv\u00e9 \u00e0 disposition pour les drapeaux ou soutenez-nous avec votre v\u00e9lo.Vous pouvez commander des drapeaux et des affiches pour v\u00e9lo ici. Commandez des flyers et [&hellip;]<\/p>\n","protected":false},"author":5,"featured_media":0,"parent":0,"menu_order":0,"comment_status":"closed","ping_status":"open","template":"","meta":{"inline_featured_image":false},"acf":[],"featured_image_urls":{"full":"","thumbnail":"","medium":"","medium_large":"","large":"","1536x1536":"","2048x2048":"","post-thumbnail":"","twentytwenty-fullscreen":""},"post_excerpt_stackable":"<p>Vous pouvez contribuer au succ\u00e8s de l&rsquo;Initiative pour une eau potable propre de la mani\u00e8re suivante: Faire un don pour l&rsquo;initiativeSoutenez-nous avec un don. Partagez notre vid\u00e9o Mettez un espace priv\u00e9 \u00e0 disposition pour les drapeaux ou soutenez-nous avec votre v\u00e9lo.Vous pouvez commander des drapeaux et des affiches pour v\u00e9lo ici. Commandez des flyers et distribuez-les dans votre entourageVous pouvez commander des flyers ici. Partagez nos articles et messages sur&nbsp; Facebook, Instagram et Twitter Convaincre votre entourage pour l&rsquo;initiativeVous trouverez les faits et les arguments dans le flyer, la fiche technique d&rsquo;information (en allemand) et sous la rubrique actualit\u00e9s. Rejoignez\u2026<\/p>\n","category_list":"","author_info":{"name":"Walter Kummer","url":"https:\/\/www.initiative-sauberes-trinkwasser.ch\/fr\/author\/walter-kummer\/"},"comments_num":"0 commentaire","featured_image_urls_v2":{"full":"","thumbnail":"","medium":"","medium_large":"","large":"","1536x1536":"","2048x2048":"","post-thumbnail":"","twentytwenty-fullscreen":""},"post_excerpt_stackable_v2":"<p>Vous pouvez contribuer au succ\u00e8s de l&rsquo;Initiative pour une eau potable propre de la mani\u00e8re suivante: Faire un don pour l&rsquo;initiativeSoutenez-nous avec un don. Partagez notre vid\u00e9o Mettez un espace priv\u00e9 \u00e0 disposition pour les drapeaux ou soutenez-nous avec votre v\u00e9lo.Vous pouvez commander des drapeaux et des affiches pour v\u00e9lo ici. Commandez des flyers et distribuez-les dans votre entourageVous pouvez commander des flyers ici. Partagez nos articles et messages sur&nbsp; Facebook, Instagram et Twitter Convaincre votre entourage pour l&rsquo;initiativeVous trouverez les faits et les arguments dans le flyer, la fiche technique d&rsquo;information (en allemand) et sous la rubrique actualit\u00e9s. Rejoignez\u2026<\/p>\n","category_list_v2":"","author_info_v2":{"name":"Walter Kummer","url":"https:\/\/www.initiative-sauberes-trinkwasser.ch\/fr\/author\/walter-kummer\/"},"comments_num_v2":"0 commentaire","yoast_head":"<!-- This site is optimized with the Yoast SEO plugin v19.4 - https:\/\/yoast.com\/wordpress\/plugins\/seo\/ -->\n<title>Participer - Initiative pour une eau potable propre<\/title>\n<meta name=\"robots\" content=\"index, follow, max-snippet:-1, max-image-preview:large, max-video-preview:-1\" \/>\n<link rel=\"canonical\" href=\"https:\/\/www.initiative-sauberes-trinkwasser.ch\/fr\/participer\/\" \/>\n<meta property=\"og:locale\" content=\"fr_FR\" \/>\n<meta property=\"og:type\" content=\"article\" \/>\n<meta property=\"og:title\" content=\"Participer - Initiative pour une eau potable propre\" \/>\n<meta property=\"og:description\" content=\"Vous pouvez contribuer au succ\u00e8s de l&rsquo;Initiative pour une eau potable propre de la mani\u00e8re suivante: Faire un don pour l&rsquo;initiativeSoutenez-nous avec un don. Partagez notre vid\u00e9o Mettez un espace priv\u00e9 \u00e0 disposition pour les drapeaux ou soutenez-nous avec votre v\u00e9lo.Vous pouvez commander des drapeaux et des affiches pour v\u00e9lo ici. Commandez des flyers et [&hellip;]\" \/>\n<meta property=\"og:url\" content=\"https:\/\/www.initiative-sauberes-trinkwasser.ch\/fr\/participer\/\" \/>\n<meta property=\"og:site_name\" content=\"Trinkwasserinitiative\" \/>\n<meta property=\"article:modified_time\" content=\"2024-12-13T13:45:47+00:00\" \/>\n<meta property=\"og:image\" content=\"https:\/\/www.initiative-sauberes-trinkwasser.ch\/wp-content\/uploads\/2020\/11\/Artikelblid_Mithelfen_051118-1024x542.jpg\" \/>\n<meta name=\"twitter:card\" content=\"summary_large_image\" \/>\n<meta name=\"twitter:label1\" content=\"Dur\u00e9e de lecture estim\u00e9e\" \/>\n\t<meta name=\"twitter:data1\" content=\"1 minute\" \/>\n<script type=\"application\/ld+json\" class=\"yoast-schema-graph\">{\"@context\":\"https:\/\/schema.org\",\"@graph\":[{\"@type\":\"WebSite\",\"@id\":\"https:\/\/www.initiative-sauberes-trinkwasser.ch\/#website\",\"url\":\"https:\/\/www.initiative-sauberes-trinkwasser.ch\/\",\"name\":\"Trinkwasserinitiative\",\"description\":\"\",\"potentialAction\":[{\"@type\":\"SearchAction\",\"target\":{\"@type\":\"EntryPoint\",\"urlTemplate\":\"https:\/\/www.initiative-sauberes-trinkwasser.ch\/?s={search_term_string}\"},\"query-input\":\"required name=search_term_string\"}],\"inLanguage\":\"fr-FR\"},{\"@type\":\"WebPage\",\"@id\":\"https:\/\/www.initiative-sauberes-trinkwasser.ch\/fr\/participer\/\",\"url\":\"https:\/\/www.initiative-sauberes-trinkwasser.ch\/fr\/participer\/\",\"name\":\"Participer - Initiative pour une eau potable propre\",\"isPartOf\":{\"@id\":\"https:\/\/www.initiative-sauberes-trinkwasser.ch\/#website\"},\"datePublished\":\"2016-10-05T11:25:52+00:00\",\"dateModified\":\"2024-12-13T13:45:47+00:00\",\"breadcrumb\":{\"@id\":\"https:\/\/www.initiative-sauberes-trinkwasser.ch\/fr\/participer\/#breadcrumb\"},\"inLanguage\":\"fr-FR\",\"potentialAction\":[{\"@type\":\"ReadAction\",\"target\":[\"https:\/\/www.initiative-sauberes-trinkwasser.ch\/fr\/participer\/\"]}]},{\"@type\":\"BreadcrumbList\",\"@id\":\"https:\/\/www.initiative-sauberes-trinkwasser.ch\/fr\/participer\/#breadcrumb\",\"itemListElement\":[{\"@type\":\"ListItem\",\"position\":1,\"name\":\"Home\",\"item\":\"https:\/\/www.initiative-sauberes-trinkwasser.ch\/fr\/\"},{\"@type\":\"ListItem\",\"position\":2,\"name\":\"Participer\"}]}]}<\/script>\n<!-- \/ Yoast SEO plugin. -->","yoast_head_json":{"title":"Participer - Initiative pour une eau potable propre","robots":{"index":"index","follow":"follow","max-snippet":"max-snippet:-1","max-image-preview":"max-image-preview:large","max-video-preview":"max-video-preview:-1"},"canonical":"https:\/\/www.initiative-sauberes-trinkwasser.ch\/fr\/participer\/","og_locale":"fr_FR","og_type":"article","og_title":"Participer - Initiative pour une eau potable propre","og_description":"Vous pouvez contribuer au succ\u00e8s de l&rsquo;Initiative pour une eau potable propre de la mani\u00e8re suivante: Faire un don pour l&rsquo;initiativeSoutenez-nous avec un don. Partagez notre vid\u00e9o Mettez un espace priv\u00e9 \u00e0 disposition pour les drapeaux ou soutenez-nous avec votre v\u00e9lo.Vous pouvez commander des drapeaux et des affiches pour v\u00e9lo ici. Commandez des flyers et [&hellip;]","og_url":"https:\/\/www.initiative-sauberes-trinkwasser.ch\/fr\/participer\/","og_site_name":"Trinkwasserinitiative","article_modified_time":"2024-12-13T13:45:47+00:00","og_image":[{"url":"https:\/\/www.initiative-sauberes-trinkwasser.ch\/wp-content\/uploads\/2020\/11\/Artikelblid_Mithelfen_051118-1024x542.jpg"}],"twitter_card":"summary_large_image","twitter_misc":{"Dur\u00e9e de lecture estim\u00e9e":"1 minute"},"schema":{"@context":"https:\/\/schema.org","@graph":[{"@type":"WebSite","@id":"https:\/\/www.initiative-sauberes-trinkwasser.ch\/#website","url":"https:\/\/www.initiative-sauberes-trinkwasser.ch\/","name":"Trinkwasserinitiative","description":"","potentialAction":[{"@type":"SearchAction","target":{"@type":"EntryPoint","urlTemplate":"https:\/\/www.initiative-sauberes-trinkwasser.ch\/?s={search_term_string}"},"query-input":"required name=search_term_string"}],"inLanguage":"fr-FR"},{"@type":"WebPage","@id":"https:\/\/www.initiative-sauberes-trinkwasser.ch\/fr\/participer\/","url":"https:\/\/www.initiative-sauberes-trinkwasser.ch\/fr\/participer\/","name":"Participer - Initiative pour une eau potable propre","isPartOf":{"@id":"https:\/\/www.initiative-sauberes-trinkwasser.ch\/#website"},"datePublished":"2016-10-05T11:25:52+00:00","dateModified":"2024-12-13T13:45:47+00:00","breadcrumb":{"@id":"https:\/\/www.initiative-sauberes-trinkwasser.ch\/fr\/participer\/#breadcrumb"},"inLanguage":"fr-FR","potentialAction":[{"@type":"ReadAction","target":["https:\/\/www.initiative-sauberes-trinkwasser.ch\/fr\/participer\/"]}]},{"@type":"BreadcrumbList","@id":"https:\/\/www.initiative-sauberes-trinkwasser.ch\/fr\/participer\/#breadcrumb","itemListElement":[{"@type":"ListItem","position":1,"name":"Home","item":"https:\/\/www.initiative-sauberes-trinkwasser.ch\/fr\/"},{"@type":"ListItem","position":2,"name":"Participer"}]}]}},"_links":{"self":[{"href":"https:\/\/www.initiative-sauberes-trinkwasser.ch\/fr\/wp-json\/wp\/v2\/pages\/20019"}],"collection":[{"href":"https:\/\/www.initiative-sauberes-trinkwasser.ch\/fr\/wp-json\/wp\/v2\/pages"}],"about":[{"href":"https:\/\/www.initiative-sauberes-trinkwasser.ch\/fr\/wp-json\/wp\/v2\/types\/page"}],"author":[{"embeddable":true,"href":"https:\/\/www.initiative-sauberes-trinkwasser.ch\/fr\/wp-json\/wp\/v2\/users\/5"}],"replies":[{"embeddable":true,"href":"https:\/\/www.initiative-sauberes-trinkwasser.ch\/fr\/wp-json\/wp\/v2\/comments?post=20019"}],"version-history":[{"count":8,"href":"https:\/\/www.initiative-sauberes-trinkwasser.ch\/fr\/wp-json\/wp\/v2\/pages\/20019\/revisions"}],"predecessor-version":[{"id":45556,"href":"https:\/\/www.initiative-sauberes-trinkwasser.ch\/fr\/wp-json\/wp\/v2\/pages\/20019\/revisions\/45556"}],"wp:attachment":[{"href":"https:\/\/www.initiative-sauberes-trinkwasser.ch\/fr\/wp-json\/wp\/v2\/media?parent=20019"}],"curies":[{"name":"wp","href":"https:\/\/api.w.org\/{rel}","templated":true}]}}