{"id":20023,"date":"2016-11-06T19:51:07","date_gmt":"2016-11-06T18:51:07","guid":{"rendered":"https:\/\/www.initiative-sauberes-trinkwasser.ch\/production-sans-pesticides\/"},"modified":"2025-12-09T23:24:48","modified_gmt":"2025-12-09T22:24:48","slug":"production-sans-pesticides","status":"publish","type":"page","link":"https:\/\/www.initiative-sauberes-trinkwasser.ch\/fr\/production-sans-pesticides\/","title":{"rendered":"Production sans pesticides"},"content":{"rendered":"<h3 style=\"clear: both;\"><strong>L&rsquo;initiative exige que seule la production sans pesticide soit subventionn\u00e9e.<\/strong><\/h3>\n<p>Par \u00ab\u00a0production sans pesticides\u00a0\u00bb, l&rsquo;initiative entend la production alimentaire sans pesticides chimiques de synth\u00e8se. Les moyens utilis\u00e9s dans l\u2019agriculture biologique ne sont pas affect\u00e9s par l\u2019initiative (voir l\u2019<a href=\"https:\/\/www.initiative-sauberes-trinkwasser.ch\/wp-content\/uploads\/2020\/03\/180504-Gutachten-zur-Trinkwasserinitiative_B\u00e4hr_Grosz.pdf\">expertise de la FSP et VSA<\/a>, en allemand). L\u2019initiative accorde une p\u00e9riode de transition de 8 ans au moment de l\u2019adoption de l\u2019initiative.<\/p>\n<p>85 % \u00e0 90 % des pesticides sont r\u00e9pandus par l\u2019agriculture conventionnelle et le reste par les transports, les jardins priv\u00e9s ou les espaces verts publics. Une proportion importante de ces pesticides finit&nbsp;<a href=\"http:\/\/www.eawag.ch\/fr\/news-agenda\/actualites\/detail\/news\/anhaltend-hohe-pestizidbelastung-in-kleinen-baechen\/\" target=\"_blank\" rel=\"noopener noreferrer\">dans l\u2019eau,<\/a> est v\u00e9hicul\u00e9e par <a href=\"https:\/\/www.letemps.ch\/economie\/bio-suisse-riposte-face-pollution-sols\">l&rsquo;air<\/a>, dans nos <a href=\"https:\/\/www.rts.ch\/info\/sciences-tech\/10899363-un-dangereux-pesticide-se-cache-dans-les-patates-suisses.html\">aliments<\/a>, et dans <a href=\"https:\/\/web.archive.org\/web\/20220320094056\/https:\/\/www.bafu.admin.ch\/bafu\/fr\/home\/themes\/eaux\/info-specialistes\/etat-des-eaux\/etat-des-eaux-souterraines\/eaux-souterraines--qualite\/produits-phytosanitaires-dans-les-eaux-souterraines.html\">l&rsquo;eau potable<\/a>. En chemin, ces substances toxiques tuent non seulement les ravageurs, mais aussi quantit\u00e9 d&rsquo;auxiliaires et de microorganismes utiles, d\u2019abeilles, ainsi que d\u2019insectes et de plantes d\u2019une grande importance pour la qualit\u00e9 des sols, la <a href=\"https:\/\/www.initiative-sauberes-trinkwasser.ch\/fr\/kernthemen-der-initiative\/biodiversitaet\/\">biodiversit\u00e9<\/a> et l&rsquo;environnement.<\/p>\n<p>La qualit\u00e9 de notre eau d\u00e9pend directement de sa filtration par des sols sains et vivants. Pour la premi\u00e8re fois, un <a href=\"https:\/\/www.admin.ch\/gov\/fr\/accueil\/documentation\/communiques.msg-id-69016.html\" target=\"_blank\" rel=\"noopener noreferrer\" class=\"broken_link\">rapport de l&rsquo;Office f\u00e9d\u00e9ral de l&rsquo;environnement publi\u00e9 en 2017<\/a> montre que notre sol est soumis \u00e0 d\u2019\u00e9normes pressions et qu\u2019ils ne sont pas exploit\u00e9s de mani\u00e8re durable.<\/p>\n<p><strong>145 Pesticides dans les cours d&rsquo;eaux<\/strong><\/p>\n<p>Sur le Plateau suisse, la pollution des cours d&rsquo;eau par les pesticides sur plusieurs milliers de kilom\u00e8tres d\u00e9passe \u00e0 la fois les valeurs limites en vigueur et les crit\u00e8res de qualit\u00e9 environnementale bas\u00e9s sur les risques. En 2017, <a href=\"https:\/\/web.archive.org\/web\/20190914100021\/https:\/\/www.eawag.ch\/fr\/news-agenda\/actualites\/detail\/news\/zu-viele-pflanzenschutzmittel-in-kleinen-baechen\/?tx_news_pi1%5Bcontroller%5D=News&amp;tx_news_pi1%5Baction%5D=detail&amp;cHash=327438057f26b3cc02cb08e054213892\">l&rsquo;institut de recherche sur l&rsquo;eau EAWAG<\/a> a pr\u00e9lev\u00e9 des \u00e9chantillons dans cinq cours d&rsquo;eau situ\u00e9s dans des bassins versants avec une utilisation intensive des terres agricoles, mais pas inhabituelle. Entre 71 et 89 substances actives ont \u00e9t\u00e9 trouv\u00e9es par site, soit un total de 145 substances. Les valeurs limites ont \u00e9t\u00e9 d\u00e9pass\u00e9es une ou plusieurs fois pour 66 substances.<\/p>\n<p><strong>Pesticides et r\u00e9sidus de pesticides dans l&rsquo;eau potable<br><\/strong><\/p>\n<p>Selon l&rsquo;ordonnance sur la protection des eaux, les substances artificielles \u00e0 longue dur\u00e9e de vie ne devraient en principe pas \u00eatre pr\u00e9sentes dans les eaux souterraines (80 % de notre eau potable provient des eaux souterraines, 20 % des lacs), ind\u00e9pendamment des risques pour la sant\u00e9. Ce dernier point est particuli\u00e8rement pertinent dans le cas des eaux souterraines, car celles-ci ne se renouvellent souvent qu&rsquo;apr\u00e8s quelques ann\u00e9es, voire apr\u00e8s quelques d\u00e9cennies, et ont donc la \u00ab\u00a0m\u00e9moire longue\u00a0\u00bb. N\u00e9anmoins, le dernier <a href=\"https:\/\/web.archive.org\/web\/20220320094056\/https:\/\/www.bafu.admin.ch\/bafu\/fr\/home\/themes\/eaux\/info-specialistes\/etat-des-eaux\/etat-des-eaux-souterraines\/eaux-souterraines--qualite\/produits-phytosanitaires-dans-les-eaux-souterraines.html\">rapport de l&rsquo;OFEV<\/a> montre que des r\u00e9sidus de pesticides et de leurs produits de d\u00e9gradation sont pr\u00e9sents dans les eaux souterraines sur plus de 50 % des stations de mesure dans tout le pays. Dans les zones d&rsquo;agriculture intensive, des r\u00e9sidus de pesticides sont d\u00e9tect\u00e9s dans plus de 90 % des points de contr\u00f4le.<\/p>\n<p><strong>Plus d&rsquo;un <a href=\"https:\/\/www.srf.ch\/play\/tv\/schweiz-aktuell\/video\/chlorothalonil-belastet-wasser-in-ueber-50-berner-gemeinden?id=080bbc30-7357-4120-aaf6-ebdd4501322f&amp;startTime=55.289423\">million de Suisses<\/a> consomment de l&rsquo;eau potable contamin\u00e9e par des r\u00e9sidus de pesticides d\u00e9passant la valeur limite.<\/strong><\/p>\n<p><img loading=\"lazy\" class=\"alignnone wp-image-8945 size-large\" src=\"https:\/\/www.initiative-sauberes-trinkwasser.ch\/wp-content\/uploads\/2018\/11\/Artikelblid_Pestizide_011118-795x421.jpg\" alt=\"Pestizide im Trinkwasser\" width=\"795\" height=\"421\"><\/p>\n<p><strong>Une augmentation pr\u00e9vue des valeurs limites pour les pesticides<\/strong><\/p>\n<p>Au lieu d&rsquo;appliquer syst\u00e9matiquement la loi sur la protection de l&rsquo;eau et de restreindre l&rsquo;utilisation des pesticides, le gouvernement f\u00e9d\u00e9ral a d\u00e9cid\u00e9 d&rsquo;augmenter les valeurs limites de certains pesticides dans les eaux de surface \u00e0 partir <a href=\"https:\/\/www.newsd.admin.ch\/newsd\/message\/attachments\/60235.pdf\">du 1er avril 2020<\/a>.<\/p>\n<p><strong>Retrait de pesticides du march\u00e9<\/strong><\/p>\n<p>Souvent, les cons\u00e9quences de l&rsquo;utilisation des pesticides ne sont visibles qu&rsquo;apr\u00e8s de nombreuses ann\u00e9es. Rien qu&rsquo;au cours des ann\u00e9es 2005-2020, <a href=\"https:\/\/www.initiative-sauberes-trinkwasser.ch\/wp-content\/uploads\/2020\/11\/Substances-actives-retirees-OPPh_20200701.pdf\">175<\/a> substances actives de pesticides autrefois approuv\u00e9es ont \u00e9t\u00e9 retir\u00e9es du march\u00e9 en Suisse, dans certains cas apr\u00e8s que des dommages \u00e0 la sant\u00e9 ou \u00e0 l&rsquo;environnement aient \u00e9t\u00e9 caus\u00e9s. Certains pesticides polluent nos eaux souterraines encore aujourd&rsquo;hui, de nombreuses ann\u00e9es apr\u00e8s leur interdiction. La qualit\u00e9 de notre eau et notre sant\u00e9 d\u00e9pendent fortement des m\u00e9thodes et des outils utilis\u00e9s par l&rsquo;agriculture pour produire nos aliments.<\/p>\n<p>Il s&rsquo;av\u00e8re que les valeurs limites \u00e0 elles seules ne suffisent pas \u00e0 prot\u00e9ger les eaux souterraines et l&rsquo;eau potable. Notre eau potable ne pourra \u00eatre prot\u00e9g\u00e9e en permanence que si l&rsquo;utilisation de pesticides est arr\u00eat\u00e9e et que la production alimentaire est enti\u00e8rement exempte de pesticides.<\/p>\n<p>Des milliers d&rsquo;agricultrices et d&rsquo;agriculteurs produisent des aliments sans pesticides avec beaucoup de succ\u00e8s depuis des d\u00e9cennies. Ils nous montrent la voie vers un avenir durable et sain &#8211; pour nous, nos enfants et les g\u00e9n\u00e9rations futures.<\/p>\n<p><strong>C&rsquo;est pourquoi l&rsquo;initiative demande, entre autres, que les subventions ne soient vers\u00e9es qu&rsquo;aux exploitations qui produisent sans pesticides.<\/strong><\/p>\n<p><a href=\"https:\/\/www.initiative-sauberes-trinkwasser.ch\/fr\/questions-frequemment-posees\/\">Arguments<\/a><\/p>\n<p><strong>Information:<\/strong><br><a href=\"https:\/\/www.eawag.ch\/fr\/news-agenda\/actualites\/detail\/les-pics-de-concentration-de-courte-duree-sont-tres-sous-estimes\/\" target=\"_blank\" rel=\"noopener noreferrer\">Les pics de concentration de courte dur\u00e9e sont tr\u00e8s sous-estim\u00e9s<\/a><br><a href=\"https:\/\/web.archive.org\/web\/20250424090812\/https:\/\/www.agroscope.admin.ch\/agroscope\/fr\/home\/actualite\/newsroom\/2020\/02-24_european-alliance.html\" target=\"_blank\" rel=\"noopener noreferrer\">Vers une agriculture sans pesticide<\/a><br><a href=\"https:\/\/www.admin.ch\/gov\/fr\/accueil\/documentation\/communiques.msg-id-77491.html\" target=\"_blank\" rel=\"noopener noreferrer\" class=\"broken_link\">Retrait du chlorothalonil avec effet imm\u00e9diat<\/a><br><a href=\"https:\/\/www.rts.ch\/info\/suisse\/10599279-berne-envisage-d-interdire-quinze-pesticides-contenant-du-chlorothalonil.html\" rel=\"noopener\">Berne envisage d&rsquo;interdire quinze pesticides contenant du chlorothalonil<\/a><br><a href=\"https:\/\/www.20min.ch\/ro\/news\/romandie\/story\/L-eau-polluee-par-un-fongicide-a-Domdidier-26792995\" target=\"_blank\" rel=\"noopener noreferrer\">L&rsquo;eau pollu\u00e9e par un fongicide \u00e0 Domdidier<\/a><br><a href=\"https:\/\/www.rts.ch\/info\/suisse\/10347519-plus-de-90-des-champs-bio-du-plateau-contamines-par-des-pesticides.html\" target=\"_blank\" rel=\"noopener noreferrer\">Plus de 90% des champs bio du Plateau contamin\u00e9s par des pesticides<\/a><br><a href=\"https:\/\/www.eawag.ch\/fr\/news-agenda\/actualites\/detail\/news\/landwirtschaft-beeintraechtigt-kleinwasserlebewesen-mehr-als-abwaesser\/\" target=\"_blank\" rel=\"noopener noreferrer\">Les petits organismes aquatiques sont plus affect\u00e9s par l\u2019agriculture que par les eaux us\u00e9es<\/a><br><a href=\"https:\/\/web.archive.org\/web\/20220320094056\/https:\/\/www.bafu.admin.ch\/bafu\/fr\/home\/themes\/eaux\/info-specialistes\/etat-des-eaux\/etat-des-eaux-souterraines\/eaux-souterraines--qualite\/produits-phytosanitaires-dans-les-eaux-souterraines.html\" target=\"_blank\" rel=\"noopener noreferrer\">Produits phytosanitaires dans les eaux souterraines<br><\/a><a href=\"https:\/\/www.admin.ch\/gov\/fr\/accueil\/documentation\/communiques.msg-id-69016.html\" target=\"_blank\" rel=\"noopener noreferrer\" class=\"broken_link\">Premier rapport sur l\u2019\u00e9tat des sols en Suisse : notre base vitale est sous pression<\/a><br><a href=\"http:\/\/www.eawag.ch\/fr\/news-agenda\/actualites\/detail\/news\/anhaltend-hohe-pestizidbelastung-in-kleinen-baechen\/\" target=\"_blank\" rel=\"noopener noreferrer\">Encore de fortes concentrations de pesticides dans les resseaux<\/a><\/p>\n\n\n<div style=\"height:20px\" aria-hidden=\"true\" class=\"wp-block-spacer\"><\/div>\n","protected":false},"excerpt":{"rendered":"<p>L&rsquo;initiative exige que seule la production sans pesticide soit subventionn\u00e9e. Par \u00ab\u00a0production sans pesticides\u00a0\u00bb, l&rsquo;initiative entend la production alimentaire sans pesticides chimiques de synth\u00e8se. Les moyens utilis\u00e9s dans l\u2019agriculture biologique ne sont pas affect\u00e9s par l\u2019initiative (voir l\u2019expertise de la FSP et VSA, en allemand). L\u2019initiative accorde une p\u00e9riode de transition de 8 ans au [&hellip;]<\/p>\n","protected":false},"author":5,"featured_media":0,"parent":0,"menu_order":0,"comment_status":"closed","ping_status":"open","template":"","meta":{"inline_featured_image":false},"acf":[],"featured_image_urls":{"full":"","thumbnail":"","medium":"","medium_large":"","large":"","1536x1536":"","2048x2048":"","post-thumbnail":"","twentytwenty-fullscreen":""},"post_excerpt_stackable":"<p>L&rsquo;initiative exige que seule la production sans pesticide soit subventionn\u00e9e. Par \u00ab\u00a0production sans pesticides\u00a0\u00bb, l&rsquo;initiative entend la production alimentaire sans pesticides chimiques de synth\u00e8se. Les moyens utilis\u00e9s dans l\u2019agriculture biologique ne sont pas affect\u00e9s par l\u2019initiative (voir l\u2019expertise de la FSP et VSA, en allemand). L\u2019initiative accorde une p\u00e9riode de transition de 8 ans au moment de l\u2019adoption de l\u2019initiative. 85 % \u00e0 90 % des pesticides sont r\u00e9pandus par l\u2019agriculture conventionnelle et le reste par les transports, les jardins priv\u00e9s ou les espaces verts publics. Une proportion importante de ces pesticides finit&nbsp;dans l\u2019eau, est v\u00e9hicul\u00e9e par l&rsquo;air, dans nos\u2026<\/p>\n","category_list":"","author_info":{"name":"Walter Kummer","url":"https:\/\/www.initiative-sauberes-trinkwasser.ch\/fr\/author\/walter-kummer\/"},"comments_num":"0 commentaire","featured_image_urls_v2":{"full":"","thumbnail":"","medium":"","medium_large":"","large":"","1536x1536":"","2048x2048":"","post-thumbnail":"","twentytwenty-fullscreen":""},"post_excerpt_stackable_v2":"<p>L&rsquo;initiative exige que seule la production sans pesticide soit subventionn\u00e9e. Par \u00ab\u00a0production sans pesticides\u00a0\u00bb, l&rsquo;initiative entend la production alimentaire sans pesticides chimiques de synth\u00e8se. Les moyens utilis\u00e9s dans l\u2019agriculture biologique ne sont pas affect\u00e9s par l\u2019initiative (voir l\u2019expertise de la FSP et VSA, en allemand). L\u2019initiative accorde une p\u00e9riode de transition de 8 ans au moment de l\u2019adoption de l\u2019initiative. 85 % \u00e0 90 % des pesticides sont r\u00e9pandus par l\u2019agriculture conventionnelle et le reste par les transports, les jardins priv\u00e9s ou les espaces verts publics. Une proportion importante de ces pesticides finit&nbsp;dans l\u2019eau, est v\u00e9hicul\u00e9e par l&rsquo;air, dans nos\u2026<\/p>\n","category_list_v2":"","author_info_v2":{"name":"Walter Kummer","url":"https:\/\/www.initiative-sauberes-trinkwasser.ch\/fr\/author\/walter-kummer\/"},"comments_num_v2":"0 commentaire","yoast_head":"<!-- This site is optimized with the Yoast SEO plugin v19.4 - https:\/\/yoast.com\/wordpress\/plugins\/seo\/ -->\n<title>Production sans pesticides - Initiative pour une eau potable propre<\/title>\n<meta name=\"robots\" content=\"index, follow, max-snippet:-1, max-image-preview:large, max-video-preview:-1\" \/>\n<link rel=\"canonical\" href=\"https:\/\/www.initiative-sauberes-trinkwasser.ch\/fr\/production-sans-pesticides\/\" \/>\n<meta property=\"og:locale\" content=\"fr_FR\" \/>\n<meta property=\"og:type\" content=\"article\" \/>\n<meta property=\"og:title\" content=\"Production sans pesticides - Initiative pour une eau potable propre\" \/>\n<meta property=\"og:description\" content=\"L&rsquo;initiative exige que seule la production sans pesticide soit subventionn\u00e9e. Par \u00ab\u00a0production sans pesticides\u00a0\u00bb, l&rsquo;initiative entend la production alimentaire sans pesticides chimiques de synth\u00e8se. Les moyens utilis\u00e9s dans l\u2019agriculture biologique ne sont pas affect\u00e9s par l\u2019initiative (voir l\u2019expertise de la FSP et VSA, en allemand). L\u2019initiative accorde une p\u00e9riode de transition de 8 ans au [&hellip;]\" \/>\n<meta property=\"og:url\" content=\"https:\/\/www.initiative-sauberes-trinkwasser.ch\/fr\/production-sans-pesticides\/\" \/>\n<meta property=\"og:site_name\" content=\"Trinkwasserinitiative\" \/>\n<meta property=\"article:modified_time\" content=\"2025-12-09T22:24:48+00:00\" \/>\n<meta property=\"og:image\" content=\"https:\/\/www.initiative-sauberes-trinkwasser.ch\/wp-content\/uploads\/2018\/11\/Artikelblid_Pestizide_011118-795x421.jpg\" \/>\n<meta name=\"twitter:card\" content=\"summary_large_image\" \/>\n<meta name=\"twitter:label1\" content=\"Dur\u00e9e de lecture estim\u00e9e\" \/>\n\t<meta name=\"twitter:data1\" content=\"4 minutes\" \/>\n<script type=\"application\/ld+json\" class=\"yoast-schema-graph\">{\"@context\":\"https:\/\/schema.org\",\"@graph\":[{\"@type\":\"WebSite\",\"@id\":\"https:\/\/www.initiative-sauberes-trinkwasser.ch\/#website\",\"url\":\"https:\/\/www.initiative-sauberes-trinkwasser.ch\/\",\"name\":\"Trinkwasserinitiative\",\"description\":\"\",\"potentialAction\":[{\"@type\":\"SearchAction\",\"target\":{\"@type\":\"EntryPoint\",\"urlTemplate\":\"https:\/\/www.initiative-sauberes-trinkwasser.ch\/?s={search_term_string}\"},\"query-input\":\"required name=search_term_string\"}],\"inLanguage\":\"fr-FR\"},{\"@type\":\"WebPage\",\"@id\":\"https:\/\/www.initiative-sauberes-trinkwasser.ch\/fr\/production-sans-pesticides\/\",\"url\":\"https:\/\/www.initiative-sauberes-trinkwasser.ch\/fr\/production-sans-pesticides\/\",\"name\":\"Production sans pesticides - Initiative pour une eau potable propre\",\"isPartOf\":{\"@id\":\"https:\/\/www.initiative-sauberes-trinkwasser.ch\/#website\"},\"datePublished\":\"2016-11-06T18:51:07+00:00\",\"dateModified\":\"2025-12-09T22:24:48+00:00\",\"breadcrumb\":{\"@id\":\"https:\/\/www.initiative-sauberes-trinkwasser.ch\/fr\/production-sans-pesticides\/#breadcrumb\"},\"inLanguage\":\"fr-FR\",\"potentialAction\":[{\"@type\":\"ReadAction\",\"target\":[\"https:\/\/www.initiative-sauberes-trinkwasser.ch\/fr\/production-sans-pesticides\/\"]}]},{\"@type\":\"BreadcrumbList\",\"@id\":\"https:\/\/www.initiative-sauberes-trinkwasser.ch\/fr\/production-sans-pesticides\/#breadcrumb\",\"itemListElement\":[{\"@type\":\"ListItem\",\"position\":1,\"name\":\"Home\",\"item\":\"https:\/\/www.initiative-sauberes-trinkwasser.ch\/fr\/\"},{\"@type\":\"ListItem\",\"position\":2,\"name\":\"Production sans pesticides\"}]}]}<\/script>\n<!-- \/ Yoast SEO plugin. -->","yoast_head_json":{"title":"Production sans pesticides - Initiative pour une eau potable propre","robots":{"index":"index","follow":"follow","max-snippet":"max-snippet:-1","max-image-preview":"max-image-preview:large","max-video-preview":"max-video-preview:-1"},"canonical":"https:\/\/www.initiative-sauberes-trinkwasser.ch\/fr\/production-sans-pesticides\/","og_locale":"fr_FR","og_type":"article","og_title":"Production sans pesticides - Initiative pour une eau potable propre","og_description":"L&rsquo;initiative exige que seule la production sans pesticide soit subventionn\u00e9e. Par \u00ab\u00a0production sans pesticides\u00a0\u00bb, l&rsquo;initiative entend la production alimentaire sans pesticides chimiques de synth\u00e8se. Les moyens utilis\u00e9s dans l\u2019agriculture biologique ne sont pas affect\u00e9s par l\u2019initiative (voir l\u2019expertise de la FSP et VSA, en allemand). L\u2019initiative accorde une p\u00e9riode de transition de 8 ans au [&hellip;]","og_url":"https:\/\/www.initiative-sauberes-trinkwasser.ch\/fr\/production-sans-pesticides\/","og_site_name":"Trinkwasserinitiative","article_modified_time":"2025-12-09T22:24:48+00:00","og_image":[{"url":"https:\/\/www.initiative-sauberes-trinkwasser.ch\/wp-content\/uploads\/2018\/11\/Artikelblid_Pestizide_011118-795x421.jpg"}],"twitter_card":"summary_large_image","twitter_misc":{"Dur\u00e9e de lecture estim\u00e9e":"4 minutes"},"schema":{"@context":"https:\/\/schema.org","@graph":[{"@type":"WebSite","@id":"https:\/\/www.initiative-sauberes-trinkwasser.ch\/#website","url":"https:\/\/www.initiative-sauberes-trinkwasser.ch\/","name":"Trinkwasserinitiative","description":"","potentialAction":[{"@type":"SearchAction","target":{"@type":"EntryPoint","urlTemplate":"https:\/\/www.initiative-sauberes-trinkwasser.ch\/?s={search_term_string}"},"query-input":"required name=search_term_string"}],"inLanguage":"fr-FR"},{"@type":"WebPage","@id":"https:\/\/www.initiative-sauberes-trinkwasser.ch\/fr\/production-sans-pesticides\/","url":"https:\/\/www.initiative-sauberes-trinkwasser.ch\/fr\/production-sans-pesticides\/","name":"Production sans pesticides - Initiative pour une eau potable propre","isPartOf":{"@id":"https:\/\/www.initiative-sauberes-trinkwasser.ch\/#website"},"datePublished":"2016-11-06T18:51:07+00:00","dateModified":"2025-12-09T22:24:48+00:00","breadcrumb":{"@id":"https:\/\/www.initiative-sauberes-trinkwasser.ch\/fr\/production-sans-pesticides\/#breadcrumb"},"inLanguage":"fr-FR","potentialAction":[{"@type":"ReadAction","target":["https:\/\/www.initiative-sauberes-trinkwasser.ch\/fr\/production-sans-pesticides\/"]}]},{"@type":"BreadcrumbList","@id":"https:\/\/www.initiative-sauberes-trinkwasser.ch\/fr\/production-sans-pesticides\/#breadcrumb","itemListElement":[{"@type":"ListItem","position":1,"name":"Home","item":"https:\/\/www.initiative-sauberes-trinkwasser.ch\/fr\/"},{"@type":"ListItem","position":2,"name":"Production sans pesticides"}]}]}},"_links":{"self":[{"href":"https:\/\/www.initiative-sauberes-trinkwasser.ch\/fr\/wp-json\/wp\/v2\/pages\/20023"}],"collection":[{"href":"https:\/\/www.initiative-sauberes-trinkwasser.ch\/fr\/wp-json\/wp\/v2\/pages"}],"about":[{"href":"https:\/\/www.initiative-sauberes-trinkwasser.ch\/fr\/wp-json\/wp\/v2\/types\/page"}],"author":[{"embeddable":true,"href":"https:\/\/www.initiative-sauberes-trinkwasser.ch\/fr\/wp-json\/wp\/v2\/users\/5"}],"replies":[{"embeddable":true,"href":"https:\/\/www.initiative-sauberes-trinkwasser.ch\/fr\/wp-json\/wp\/v2\/comments?post=20023"}],"version-history":[{"count":8,"href":"https:\/\/www.initiative-sauberes-trinkwasser.ch\/fr\/wp-json\/wp\/v2\/pages\/20023\/revisions"}],"predecessor-version":[{"id":45692,"href":"https:\/\/www.initiative-sauberes-trinkwasser.ch\/fr\/wp-json\/wp\/v2\/pages\/20023\/revisions\/45692"}],"wp:attachment":[{"href":"https:\/\/www.initiative-sauberes-trinkwasser.ch\/fr\/wp-json\/wp\/v2\/media?parent=20023"}],"curies":[{"name":"wp","href":"https:\/\/api.w.org\/{rel}","templated":true}]}}