{"id":20024,"date":"2016-11-06T19:55:39","date_gmt":"2016-11-06T18:55:39","guid":{"rendered":"https:\/\/www.initiative-sauberes-trinkwasser.ch\/biodiversite\/"},"modified":"2025-12-09T23:21:14","modified_gmt":"2025-12-09T22:21:14","slug":"biodiversite","status":"publish","type":"page","link":"https:\/\/www.initiative-sauberes-trinkwasser.ch\/fr\/biodiversite\/","title":{"rendered":"Biodiversit\u00e9"},"content":{"rendered":"<h3>L&rsquo;initiative demande une r\u00e9orientation des subventions vers une production alimentaire qui pr\u00e9serve la biodiversit\u00e9.<\/h3>\n<div class=\"kampagne biodiversitaet\">\n<div class=\"img\">La biodiversit\u00e9 suisse des prairies au plus mal<p><\/p>\n<p><figure id=\"attachment_8960\" aria-describedby=\"caption-attachment-8960\" style=\"width: 333px\" class=\"wp-caption alignleft\"><img loading=\"lazy\" class=\"wp-image-8960 size-full\" src=\"https:\/\/www.initiative-sauberes-trinkwasser.ch\/wp-content\/uploads\/2018\/11\/Kampagnensujets_900px_breit_261018_3-1.png\" alt=\"\" width=\"333\" height=\"290\"><figcaption id=\"caption-attachment-8960\" class=\"wp-caption-text\"><b>1950<\/b>: La bio\u00addiversit\u00e9 v\u00e9g\u00e9tale et animale<\/figcaption><\/figure><br>\n<figure id=\"attachment_8961\" aria-describedby=\"caption-attachment-8961\" style=\"width: 333px\" class=\"wp-caption alignleft\"><img loading=\"lazy\" class=\"wp-image-8961 size-full\" src=\"https:\/\/www.initiative-sauberes-trinkwasser.ch\/wp-content\/uploads\/2018\/11\/Kampagnensujets_900px_breit_261018_3-2.png\" alt=\"\" width=\"333\" height=\"290\"><figcaption id=\"caption-attachment-8961\" class=\"wp-caption-text\"><b>Aujourd\u2019hui:<\/b> la diversit\u00e9 v\u00e9g\u00e9tale<\/figcaption><\/figure><br>\n<figure id=\"attachment_8962\" aria-describedby=\"caption-attachment-8962\" style=\"width: 333px\" class=\"wp-caption alignleft\"><img loading=\"lazy\" class=\"wp-image-8962 size-full\" src=\"https:\/\/www.initiative-sauberes-trinkwasser.ch\/wp-content\/uploads\/2018\/11\/Kampagnensujets_900px_breit_261018_3-3.png\" alt=\"\" width=\"333\" height=\"290\"><figcaption id=\"caption-attachment-8962\" class=\"wp-caption-text\"><b>Aujourd\u2019hui:<\/b> la diversit\u00e9 animale<\/figcaption><\/figure>\n<\/p><\/div>\n<div style=\"clear: both;\">&nbsp;<\/div>\n<ul>\n<li class=\"reich\">riche<\/li>\n<li class=\"verarmt\">appauvrie<\/li>\n<li class=\"kein\">inexistante<\/li>\n<\/ul>\n<\/div>\n<p><em>Source: Andreas Bosshard \u00abDas Naturwiesland der Schweiz und Mitteleuropas\u00bb<\/em><\/p>\n<p><a href=\"https:\/\/web.archive.org\/web\/20220509205151\/https:\/\/www.bafu.admin.ch\/bafu\/fr\/home\/themes\/biodiversite\/info-specialistes\/mesures-de-conservation-de-la-biodiversite\/strategie-et-plan-daction-pour-la-biodiversite.html\"><strong>La biodiversit\u00e9 est une ressource vitale pour nous et pour toutes les g\u00e9n\u00e9rations futures.<br><\/strong><\/a>Par biodiversit\u00e9, on entend la diversit\u00e9 des esp\u00e8ces (animaux, plantes, champignons, micro-organismes), la diversit\u00e9 g\u00e9n\u00e9tique, c&rsquo;est-\u00e0-dire la variabilit\u00e9 des individus d&rsquo;une m\u00eame esp\u00e8ce, et la diversit\u00e9 des habitats, ainsi que les interactions biologiques \u00e0 l\u2019int\u00e9rieur de ces diff\u00e9rents niveaux et entre eux. Une biodiversit\u00e9 riche est indispensable \u00e0 la stabilit\u00e9 et \u00e0 la productivit\u00e9 des \u00e9cosyst\u00e8mes ainsi que pour des sols sains et fertiles. L\u2019alimentation humaine en d\u00e9pend directement et aucune autre activit\u00e9 humaine n\u2019influence aussi fortement la diversit\u00e9 biologique que l\u2019agriculture.<\/p>\n<p>Aucune autre activit\u00e9 humaine n\u2019influence autant la biodiversit\u00e9 que l\u2019agriculture. Pendant des si\u00e8cles, les agriculteurs d\u2019Europe centrale ont contribu\u00e9 \u00e0 une forte augmentation de la vari\u00e9t\u00e9 des esp\u00e8ces. Mais \u00e0 partir des ann\u00e9es 50, l\u2019av\u00e8nement de m\u00e9thodes industrielles adapt\u00e9es \u00e0 la production agricole ont rapidement chang\u00e9 la donne. La production alimentaire trop intensive d\u2019aujourd\u2019hui a conduit, en moins de quelques d\u00e9cennies, \u00e0 un v\u00e9ritable effondrement de la biodiversit\u00e9. En particulier, la pulv\u00e9risation de pesticides ainsi que l\u2019\u00e9pandage effr\u00e9n\u00e9 de lisier et les \u00e9missions d&rsquo;azote provenant de l\u2019\u00e9levage trop intensif, favoris\u00e9 par les importations de fourrage pour le b\u00e9tail, sont particuli\u00e8rement d\u00e9vastateurs pour l\u2019\u00e9cosyst\u00e8me. Le danger, c\u2019est que ce type d\u2019agriculture, non seulement d\u00e9truit sa base de production, mais aussi conduit \u00e0 une impasse \u00e9conomique car les co\u00fbts de production que n\u00e9cessitent ces techniques et adjuvants sont bien trop \u00e9lev\u00e9s. Par suite d\u2019ann\u00e9es d\u2019industrialisation, l\u2019agriculture suisse a contract\u00e9 d\u2019\u00e9normes d\u00e9ficits. Ce n\u2019est qu\u2019\u00e0 la faveur de mesures protectionnistes et de milliards de subventions de l\u2019Etat que les agriculteurs peuvent aujourd\u2019hui s\u2019octroyer un salaire.<\/p>\n<p>Une agriculture proche de la nature n\u2019est manifestement pas seulement beaucoup plus \u00e9conomique, mais elle se soucie aussi de la biodiversit\u00e9 en mettant en \u0153uvre une production \u00e9cologique, au lieu de d\u00e9truire l\u2019environnement.<\/p>\n<p><a href=\"https:\/\/www.initiative-sauberes-trinkwasser.ch\/fr\/questions-frequemment-posees\/\">Arguments<\/a><\/p>\n<p><strong>Information:<br><\/strong><a href=\"https:\/\/scnat.ch\/fr\/publications\/uuid\/i\/a778640f-0474-5b5e-aee5-b20140ff94ad-Apports_excessifs_d%E2%80%99azote_et_de_phosphore_nuisent_%C3%A0_la_biodiversit%C3%A9%2C_aux_for%C3%AAts_et_aux_eaux\" target=\"_blank\" rel=\"noopener noreferrer\">Apports excessifs d\u2019azote et de phosphore nuisent a\u0300 la biodiversite\u0301, aux fore\u0302ts et aux eaux<\/a><br><a href=\"https:\/\/web.archive.org\/web\/20241102140330\/https:\/\/www.agroscope.admin.ch\/agroscope\/fr\/home\/actualite\/newsroom\/2019\/10-17_artenvielfalt-und-ertrag.html\" target=\"_blank\" rel=\"noopener noreferrer\">Plus la biodiversit\u00e9 est \u00e9lev\u00e9e, plus les rendements sont importants dans l\u2019agriculture<\/a><br><a href=\"https:\/\/www.rts.ch\/play\/radio\/cqfd\/audio\/hecatombe-chez-les-insectes?id=10791262\" target=\"_blank\" rel=\"noopener noreferrer\">H\u00e9catombe chez les insectes<\/a><br><a href=\"https:\/\/web.archive.org\/web\/20220509205151\/https:\/\/www.bafu.admin.ch\/bafu\/fr\/home\/themes\/biodiversite\/info-specialistes\/mesures-de-conservation-de-la-biodiversite\/strategie-et-plan-daction-pour-la-biodiversite.html\" target=\"_blank\" rel=\"noopener noreferrer\">Strat\u00e9gie Biodiversit\u00e9 Suisse et plan d\u2019action<br><\/a><a href=\"https:\/\/sciencesnaturelles.ch\/service\/publications\/35223-etat-de-la-biodiversite-en-suisse-en-2014---une-analyse-scientifique?_ga=2.117449164.41801766.1514616067-529714412.1514616067\" target=\"_blank\" rel=\"noopener noreferrer\">Etat de la biodiversit\u00e9 en Suisse en 2014 &#8211; Une analyse scientifique<\/a><\/p>\n\n\n<div style=\"height:20px\" aria-hidden=\"true\" class=\"wp-block-spacer\"><\/div>\n","protected":false},"excerpt":{"rendered":"<p>L&rsquo;initiative demande une r\u00e9orientation des subventions vers une production alimentaire qui pr\u00e9serve la biodiversit\u00e9. La biodiversit\u00e9 suisse des prairies au plus mal &nbsp; riche appauvrie inexistante Source: Andreas Bosshard \u00abDas Naturwiesland der Schweiz und Mitteleuropas\u00bb La biodiversit\u00e9 est une ressource vitale pour nous et pour toutes les g\u00e9n\u00e9rations futures.Par biodiversit\u00e9, on entend la diversit\u00e9 des [&hellip;]<\/p>\n","protected":false},"author":5,"featured_media":0,"parent":0,"menu_order":0,"comment_status":"closed","ping_status":"open","template":"","meta":{"inline_featured_image":false},"acf":[],"featured_image_urls":{"full":"","thumbnail":"","medium":"","medium_large":"","large":"","1536x1536":"","2048x2048":"","post-thumbnail":"","twentytwenty-fullscreen":""},"post_excerpt_stackable":"<p>L&rsquo;initiative demande une r\u00e9orientation des subventions vers une production alimentaire qui pr\u00e9serve la biodiversit\u00e9. La biodiversit\u00e9 suisse des prairies au plus mal 1950: La bio\u00addiversit\u00e9 v\u00e9g\u00e9tale et animale Aujourd\u2019hui: la diversit\u00e9 v\u00e9g\u00e9tale Aujourd\u2019hui: la diversit\u00e9 animale &nbsp; riche appauvrie inexistante Source: Andreas Bosshard \u00abDas Naturwiesland der Schweiz und Mitteleuropas\u00bb La biodiversit\u00e9 est une ressource vitale pour nous et pour toutes les g\u00e9n\u00e9rations futures.Par biodiversit\u00e9, on entend la diversit\u00e9 des esp\u00e8ces (animaux, plantes, champignons, micro-organismes), la diversit\u00e9 g\u00e9n\u00e9tique, c&rsquo;est-\u00e0-dire la variabilit\u00e9 des individus d&rsquo;une m\u00eame esp\u00e8ce, et la diversit\u00e9 des habitats, ainsi que les interactions biologiques \u00e0 l\u2019int\u00e9rieur de ces diff\u00e9rents\u2026<\/p>\n","category_list":"","author_info":{"name":"Walter Kummer","url":"https:\/\/www.initiative-sauberes-trinkwasser.ch\/fr\/author\/walter-kummer\/"},"comments_num":"0 commentaire","featured_image_urls_v2":{"full":"","thumbnail":"","medium":"","medium_large":"","large":"","1536x1536":"","2048x2048":"","post-thumbnail":"","twentytwenty-fullscreen":""},"post_excerpt_stackable_v2":"<p>L&rsquo;initiative demande une r\u00e9orientation des subventions vers une production alimentaire qui pr\u00e9serve la biodiversit\u00e9. La biodiversit\u00e9 suisse des prairies au plus mal 1950: La bio\u00addiversit\u00e9 v\u00e9g\u00e9tale et animale Aujourd\u2019hui: la diversit\u00e9 v\u00e9g\u00e9tale Aujourd\u2019hui: la diversit\u00e9 animale &nbsp; riche appauvrie inexistante Source: Andreas Bosshard \u00abDas Naturwiesland der Schweiz und Mitteleuropas\u00bb La biodiversit\u00e9 est une ressource vitale pour nous et pour toutes les g\u00e9n\u00e9rations futures.Par biodiversit\u00e9, on entend la diversit\u00e9 des esp\u00e8ces (animaux, plantes, champignons, micro-organismes), la diversit\u00e9 g\u00e9n\u00e9tique, c&rsquo;est-\u00e0-dire la variabilit\u00e9 des individus d&rsquo;une m\u00eame esp\u00e8ce, et la diversit\u00e9 des habitats, ainsi que les interactions biologiques \u00e0 l\u2019int\u00e9rieur de ces diff\u00e9rents\u2026<\/p>\n","category_list_v2":"","author_info_v2":{"name":"Walter Kummer","url":"https:\/\/www.initiative-sauberes-trinkwasser.ch\/fr\/author\/walter-kummer\/"},"comments_num_v2":"0 commentaire","yoast_head":"<!-- This site is optimized with the Yoast SEO plugin v19.4 - https:\/\/yoast.com\/wordpress\/plugins\/seo\/ -->\n<title>Biodiversit\u00e9 - Initiative pour une eau potable propre<\/title>\n<meta name=\"robots\" content=\"index, follow, max-snippet:-1, max-image-preview:large, max-video-preview:-1\" \/>\n<link rel=\"canonical\" href=\"https:\/\/www.initiative-sauberes-trinkwasser.ch\/fr\/biodiversite\/\" \/>\n<meta property=\"og:locale\" content=\"fr_FR\" \/>\n<meta property=\"og:type\" content=\"article\" \/>\n<meta property=\"og:title\" content=\"Biodiversit\u00e9 - Initiative pour une eau potable propre\" \/>\n<meta property=\"og:description\" content=\"L&rsquo;initiative demande une r\u00e9orientation des subventions vers une production alimentaire qui pr\u00e9serve la biodiversit\u00e9. La biodiversit\u00e9 suisse des prairies au plus mal &nbsp; riche appauvrie inexistante Source: Andreas Bosshard \u00abDas Naturwiesland der Schweiz und Mitteleuropas\u00bb La biodiversit\u00e9 est une ressource vitale pour nous et pour toutes les g\u00e9n\u00e9rations futures.Par biodiversit\u00e9, on entend la diversit\u00e9 des [&hellip;]\" \/>\n<meta property=\"og:url\" content=\"https:\/\/www.initiative-sauberes-trinkwasser.ch\/fr\/biodiversite\/\" \/>\n<meta property=\"og:site_name\" content=\"Trinkwasserinitiative\" \/>\n<meta property=\"article:modified_time\" content=\"2025-12-09T22:21:14+00:00\" \/>\n<meta property=\"og:image\" content=\"https:\/\/www.initiative-sauberes-trinkwasser.ch\/wp-content\/uploads\/2018\/11\/Kampagnensujets_900px_breit_261018_3-1.png\" \/>\n<meta name=\"twitter:card\" content=\"summary_large_image\" \/>\n<meta name=\"twitter:label1\" content=\"Dur\u00e9e de lecture estim\u00e9e\" \/>\n\t<meta name=\"twitter:data1\" content=\"3 minutes\" \/>\n<script type=\"application\/ld+json\" class=\"yoast-schema-graph\">{\"@context\":\"https:\/\/schema.org\",\"@graph\":[{\"@type\":\"WebSite\",\"@id\":\"https:\/\/www.initiative-sauberes-trinkwasser.ch\/fr\/#website\",\"url\":\"https:\/\/www.initiative-sauberes-trinkwasser.ch\/fr\/\",\"name\":\"Trinkwasserinitiative\",\"description\":\"\",\"potentialAction\":[{\"@type\":\"SearchAction\",\"target\":{\"@type\":\"EntryPoint\",\"urlTemplate\":\"https:\/\/www.initiative-sauberes-trinkwasser.ch\/fr\/?s={search_term_string}\"},\"query-input\":\"required name=search_term_string\"}],\"inLanguage\":\"fr-FR\"},{\"@type\":\"WebPage\",\"@id\":\"https:\/\/www.initiative-sauberes-trinkwasser.ch\/fr\/biodiversite\/\",\"url\":\"https:\/\/www.initiative-sauberes-trinkwasser.ch\/fr\/biodiversite\/\",\"name\":\"Biodiversit\u00e9 - Initiative pour une eau potable propre\",\"isPartOf\":{\"@id\":\"https:\/\/www.initiative-sauberes-trinkwasser.ch\/fr\/#website\"},\"datePublished\":\"2016-11-06T18:55:39+00:00\",\"dateModified\":\"2025-12-09T22:21:14+00:00\",\"breadcrumb\":{\"@id\":\"https:\/\/www.initiative-sauberes-trinkwasser.ch\/fr\/biodiversite\/#breadcrumb\"},\"inLanguage\":\"fr-FR\",\"potentialAction\":[{\"@type\":\"ReadAction\",\"target\":[\"https:\/\/www.initiative-sauberes-trinkwasser.ch\/fr\/biodiversite\/\"]}]},{\"@type\":\"BreadcrumbList\",\"@id\":\"https:\/\/www.initiative-sauberes-trinkwasser.ch\/fr\/biodiversite\/#breadcrumb\",\"itemListElement\":[{\"@type\":\"ListItem\",\"position\":1,\"name\":\"Home\",\"item\":\"https:\/\/www.initiative-sauberes-trinkwasser.ch\/fr\/\"},{\"@type\":\"ListItem\",\"position\":2,\"name\":\"Biodiversit\u00e9\"}]}]}<\/script>\n<!-- \/ Yoast SEO plugin. -->","yoast_head_json":{"title":"Biodiversit\u00e9 - Initiative pour une eau potable propre","robots":{"index":"index","follow":"follow","max-snippet":"max-snippet:-1","max-image-preview":"max-image-preview:large","max-video-preview":"max-video-preview:-1"},"canonical":"https:\/\/www.initiative-sauberes-trinkwasser.ch\/fr\/biodiversite\/","og_locale":"fr_FR","og_type":"article","og_title":"Biodiversit\u00e9 - Initiative pour une eau potable propre","og_description":"L&rsquo;initiative demande une r\u00e9orientation des subventions vers une production alimentaire qui pr\u00e9serve la biodiversit\u00e9. La biodiversit\u00e9 suisse des prairies au plus mal &nbsp; riche appauvrie inexistante Source: Andreas Bosshard \u00abDas Naturwiesland der Schweiz und Mitteleuropas\u00bb La biodiversit\u00e9 est une ressource vitale pour nous et pour toutes les g\u00e9n\u00e9rations futures.Par biodiversit\u00e9, on entend la diversit\u00e9 des [&hellip;]","og_url":"https:\/\/www.initiative-sauberes-trinkwasser.ch\/fr\/biodiversite\/","og_site_name":"Trinkwasserinitiative","article_modified_time":"2025-12-09T22:21:14+00:00","og_image":[{"url":"https:\/\/www.initiative-sauberes-trinkwasser.ch\/wp-content\/uploads\/2018\/11\/Kampagnensujets_900px_breit_261018_3-1.png"}],"twitter_card":"summary_large_image","twitter_misc":{"Dur\u00e9e de lecture estim\u00e9e":"3 minutes"},"schema":{"@context":"https:\/\/schema.org","@graph":[{"@type":"WebSite","@id":"https:\/\/www.initiative-sauberes-trinkwasser.ch\/fr\/#website","url":"https:\/\/www.initiative-sauberes-trinkwasser.ch\/fr\/","name":"Trinkwasserinitiative","description":"","potentialAction":[{"@type":"SearchAction","target":{"@type":"EntryPoint","urlTemplate":"https:\/\/www.initiative-sauberes-trinkwasser.ch\/fr\/?s={search_term_string}"},"query-input":"required name=search_term_string"}],"inLanguage":"fr-FR"},{"@type":"WebPage","@id":"https:\/\/www.initiative-sauberes-trinkwasser.ch\/fr\/biodiversite\/","url":"https:\/\/www.initiative-sauberes-trinkwasser.ch\/fr\/biodiversite\/","name":"Biodiversit\u00e9 - Initiative pour une eau potable propre","isPartOf":{"@id":"https:\/\/www.initiative-sauberes-trinkwasser.ch\/fr\/#website"},"datePublished":"2016-11-06T18:55:39+00:00","dateModified":"2025-12-09T22:21:14+00:00","breadcrumb":{"@id":"https:\/\/www.initiative-sauberes-trinkwasser.ch\/fr\/biodiversite\/#breadcrumb"},"inLanguage":"fr-FR","potentialAction":[{"@type":"ReadAction","target":["https:\/\/www.initiative-sauberes-trinkwasser.ch\/fr\/biodiversite\/"]}]},{"@type":"BreadcrumbList","@id":"https:\/\/www.initiative-sauberes-trinkwasser.ch\/fr\/biodiversite\/#breadcrumb","itemListElement":[{"@type":"ListItem","position":1,"name":"Home","item":"https:\/\/www.initiative-sauberes-trinkwasser.ch\/fr\/"},{"@type":"ListItem","position":2,"name":"Biodiversit\u00e9"}]}]}},"_links":{"self":[{"href":"https:\/\/www.initiative-sauberes-trinkwasser.ch\/fr\/wp-json\/wp\/v2\/pages\/20024"}],"collection":[{"href":"https:\/\/www.initiative-sauberes-trinkwasser.ch\/fr\/wp-json\/wp\/v2\/pages"}],"about":[{"href":"https:\/\/www.initiative-sauberes-trinkwasser.ch\/fr\/wp-json\/wp\/v2\/types\/page"}],"author":[{"embeddable":true,"href":"https:\/\/www.initiative-sauberes-trinkwasser.ch\/fr\/wp-json\/wp\/v2\/users\/5"}],"replies":[{"embeddable":true,"href":"https:\/\/www.initiative-sauberes-trinkwasser.ch\/fr\/wp-json\/wp\/v2\/comments?post=20024"}],"version-history":[{"count":11,"href":"https:\/\/www.initiative-sauberes-trinkwasser.ch\/fr\/wp-json\/wp\/v2\/pages\/20024\/revisions"}],"predecessor-version":[{"id":45689,"href":"https:\/\/www.initiative-sauberes-trinkwasser.ch\/fr\/wp-json\/wp\/v2\/pages\/20024\/revisions\/45689"}],"wp:attachment":[{"href":"https:\/\/www.initiative-sauberes-trinkwasser.ch\/fr\/wp-json\/wp\/v2\/media?parent=20024"}],"curies":[{"name":"wp","href":"https:\/\/api.w.org\/{rel}","templated":true}]}}