{"id":20025,"date":"2016-12-25T18:40:36","date_gmt":"2016-12-25T17:40:36","guid":{"rendered":"https:\/\/www.initiative-sauberes-trinkwasser.ch\/association\/"},"modified":"2025-12-09T23:25:01","modified_gmt":"2025-12-09T22:25:01","slug":"association","status":"publish","type":"page","link":"https:\/\/www.initiative-sauberes-trinkwasser.ch\/fr\/association\/","title":{"rendered":"Association"},"content":{"rendered":"<h2>Nous ne pouvons vivre sans eau. La terre nous l\u2019offre, pure et gratuite.<\/h2>\n<p>L\u2019association pour \u00ab&nbsp;Une eau propre pour tous\u201c<\/p>\n<ul>\n<li>Engagement: les substances qui polluent nos eaux et l\u2019eau potable, n\u2019entrent plus dans le cycle de l\u2019eau. Ainsi, il n\u2019est plus n\u00e9cessaire d\u2019avoir recours aux co\u00fbteux traitements des eaux.<\/li>\n<li>Prise de conscience: la pollution des eaux en Suisse et partout dans le monde nous concerne tous. Elle a de s\u00e9rieuses r\u00e9percussions aussi bien sur la sant\u00e9 des humains et de la plan\u00e8te, des animaux et des plantes, que des cons\u00e9quences graves sur l\u2019\u00e9conomie.<\/li>\n<li>Encouragement&nbsp;: penser de mani\u00e8re naturelle qui nous incite \u00e0 agir d\u2019une nouvelle mani\u00e8re et nous rapproche de la Terre sur laquelle nous sommes invit\u00e9s, et qui nous fournit ce dont nous avons besoin.<\/li>\n<li>Id\u00e9e directrice: Terre saine \u2013 organismes vivants sains<\/li>\n<li>Objectif de l\u2019initiative pour \u00ab une eau potable propre et une alimentation saine&nbsp;\u00bb est de mettre fin&nbsp;\u00e0 la pollution de nos eaux et de notre eau potable par l\u2019agriculture industrielle.<\/li>\n<\/ul>\n<p><strong>L\u2019initiative \u00ab&nbsp;Eau propre pour tous et des aliments sains&nbsp;\u00bb est notre premier grand projet.<\/strong> Votre adh\u00e9sion nous aidera \u00e0 mettre fin aux pollutions des eaux et de notre eau potable dues \u00e0 l\u2019exploitation agricole. Merci de tout c\u0153ur pour votre participation!<\/p>\n<p><a class=\"pdf\" href=\"https:\/\/www.initiative-sauberes-trinkwasser.ch\/wp-content\/uploads\/2020\/08\/Sauberes-Wasser-f\u00fcr-alle_Statuten_fr_141201b.pdf\" target=\"_blank\" rel=\"noopener noreferrer\">Statuts de l&rsquo;Association<\/a><\/p>\n\n\n<div class=\"wp-block-ugb-accordion ugb-accordion ugb-87804a5 ugb-accordion--v2 ugb-accordion--design-basic ugb-main-block\" aria-expanded=\"false\"><style>.ugb-87804a5 .ugb-accordion__heading{background-color:#f0f0f0 !important}.ugb-87804a5 .ugb-accordion__heading:before{background-color:#f0f0f0 !important}.ugb-87804a5 .ugb-accordion__title{font-size:20px !important;color:#6d6d6d}.ugb-87804a5 .ugb-accordion__arrow{width:15px !important;height:15px !important;fill:#6d6d6d}<\/style><div class=\"ugb-inner-block\"><div class=\"ugb-block-content\"><div class=\"ugb-accordion__item\"><div class=\"ugb-accordion__heading\" role=\"button\" tabindex=\"0\"><h5 class=\"ugb-accordion__title\">Devenez membre<\/h5><svg xmlns=\"http:\/\/www.w3.org\/2000\/svg\" viewbox=\"0 0 20 20\" class=\"ugb-accordion__arrow\" width=\"20\" height=\"20\"><path d=\"M16.7 3.3L10 10 3.3 3.4 0 6.7l10 10v-.1l10-9.9z\"><\/path><\/svg><\/div><div class=\"ugb-accordion__content\" role=\"region\"><div class=\"ugb-accordion__content-inner\">\n<p class=\"has-small-font-size\">*La cotisation annuelle est de Fr. 70.&#8211;<\/p>\n\n\n<div role=\"form\" class=\"wpcf7\" id=\"wpcf7-f45243-o1\" lang=\"de-CH\" dir=\"ltr\">\n<div class=\"screen-reader-response\"><p role=\"status\" aria-live=\"polite\" aria-atomic=\"true\"><\/p> <ul><\/ul><\/div>\n<form action=\"\/fr\/wp-json\/wp\/v2\/pages\/20025#wpcf7-f45243-o1\" method=\"post\" class=\"wpcf7-form init\" novalidate=\"novalidate\" data-status=\"init\">\n<div style=\"display: none;\">\n<input type=\"hidden\" name=\"_wpcf7\" value=\"45243\" \/>\n<input type=\"hidden\" name=\"_wpcf7_version\" value=\"5.5.6.1\" \/>\n<input type=\"hidden\" name=\"_wpcf7_locale\" value=\"de_CH\" \/>\n<input type=\"hidden\" name=\"_wpcf7_unit_tag\" value=\"wpcf7-f45243-o1\" \/>\n<input type=\"hidden\" name=\"_wpcf7_container_post\" value=\"0\" \/>\n<input type=\"hidden\" name=\"_wpcf7_posted_data_hash\" value=\"\" \/>\n<input type=\"hidden\" name=\"_wpcf7_recaptcha_response\" value=\"\" \/>\n<\/div>\n<p><label>Pr\u00e9nom *<br \/>\n    <span class=\"wpcf7-form-control-wrap vorname\"><input type=\"text\" name=\"vorname\" value=\"\" size=\"40\" class=\"wpcf7-form-control wpcf7-text wpcf7-validates-as-required\" aria-required=\"true\" aria-invalid=\"false\" \/><\/span> <\/label><\/p>\n<p><label>Nom *<br \/>\n    <span class=\"wpcf7-form-control-wrap nachname\"><input type=\"text\" name=\"nachname\" value=\"\" size=\"40\" class=\"wpcf7-form-control wpcf7-text wpcf7-validates-as-required\" aria-required=\"true\" aria-invalid=\"false\" \/><\/span> <\/label><\/p>\n<p><label>Rue, num\u00e9ro *<br \/>\n    <span class=\"wpcf7-form-control-wrap adresse\"><input type=\"text\" name=\"adresse\" value=\"\" size=\"40\" class=\"wpcf7-form-control wpcf7-text wpcf7-validates-as-required\" aria-required=\"true\" aria-invalid=\"false\" \/><\/span> <\/label><\/p>\n<p><label>N\u00b0postal *<br \/>\n    <span class=\"wpcf7-form-control-wrap plz\"><input type=\"number\" name=\"plz\" value=\"\" class=\"wpcf7-form-control wpcf7-number wpcf7-validates-as-required wpcf7-validates-as-number\" aria-required=\"true\" aria-invalid=\"false\" \/><\/span><\/label><\/p>\n<p><label>Lieu *<br \/>\n    <span class=\"wpcf7-form-control-wrap ort\"><input type=\"text\" name=\"ort\" value=\"\" size=\"40\" class=\"wpcf7-form-control wpcf7-text wpcf7-validates-as-required\" aria-required=\"true\" aria-invalid=\"false\" \/><\/span> <\/label><\/p>\n<p><label>Email *<br \/>\n    <span class=\"wpcf7-form-control-wrap email\"><input type=\"email\" name=\"email\" value=\"\" size=\"40\" class=\"wpcf7-form-control wpcf7-text wpcf7-email wpcf7-validates-as-required wpcf7-validates-as-email\" aria-required=\"true\" aria-invalid=\"false\" \/><\/span><\/label><\/p>\n<p><label> Message<br \/>\n    <span class=\"wpcf7-form-control-wrap message\"><textarea name=\"message\" cols=\"40\" rows=\"10\" class=\"wpcf7-form-control wpcf7-textarea\" aria-invalid=\"false\"><\/textarea><\/span> <\/label><br \/>\n<label><span class=\"wpcf7-form-control-wrap Zustimmung\"><span class=\"wpcf7-form-control wpcf7-acceptance\"><span class=\"wpcf7-list-item\"><label><input type=\"checkbox\" name=\"Zustimmung\" value=\"1\" aria-invalid=\"false\" \/><span class=\"wpcf7-list-item-label\">Confirmer l'inscription<\/span><\/label><\/span><\/span><\/span> <label><\/p>\n<p><input type=\"submit\" value=\"Envoyer\" class=\"wpcf7-form-control has-spinner wpcf7-submit btn-red verein-fr\" \/><\/p>\n<p style=\"display: none !important;\"><label>&#916;<textarea name=\"_wpcf7_ak_hp_textarea\" cols=\"45\" rows=\"8\" maxlength=\"100\"><\/textarea><\/label><input type=\"hidden\" id=\"ak_js_1\" name=\"_wpcf7_ak_js\" value=\"113\"\/><script>document.getElementById( \"ak_js_1\" ).setAttribute( \"value\", ( new Date() ).getTime() );<\/script><\/p><div class=\"wpcf7-response-output\" aria-hidden=\"true\"><\/div><\/form><\/div>\n<\/div><\/div><\/div><\/div><\/div><\/div>\n\n\n\n<h2><strong>\u00c9liminer les micropolluants du cycle de l\u2019eau<\/strong><\/h2>\n\n\n\n<p>Les micropolluants dans les eaux et dans l\u2019eau potable proviennent d\u2019innombrables produits utilis\u00e9s dans la vie quotidienne. M\u00e9dicaments, pesticides, produits de nettoyage, cosm\u00e9tiques, plastique etc.<br>Ces micropolluants p\u00e9n\u00e8trent dans l\u2019eau \u00e0 partir des STEP et de sources diffuses telles que l\u2019agriculture.<br>Les micropolluants qui ne sont ni d\u00e9gradables ni filtrables, doivent \u00eatre collect\u00e9s avant qu\u2019ils n\u2019entrent dans le cycle de l\u2019eau. En parall\u00e8le, la recherche de substituts d\u00e9gradables doit \u00eatre encourag\u00e9e.<\/p>\n\n\n\n<p><a href=\"https:\/\/player.vimeo.com\/video\/104550561\" target=\"_blank\" rel=\"noreferrer noopener\">Mikroverunreinigung \u2013 Die leise Vergiftung des Wassers<br><\/a><a href=\"https:\/\/www.youtube.com\/watch?time_continue=32&amp;v=6BlKVJZfa-A\" target=\"_blank\" rel=\"noreferrer noopener\">Pestizide und Medikamente im Trinkwasser<\/a><\/p>\n\n\n\n<h2><strong>Les toilettes \u00e0 chasse d\u2019eau ont besoin de beaucoup d\u2019eau (potable)<\/strong><\/h2>\n\n\n\n<p>Depuis que les toilettes \u00e0 chasse d\u2019eau existent, elles sont le symbole du progr\u00e8s hygi\u00e9nique, mais en m\u00eame temps l\u2019embl\u00e8me d\u2019un non-sens \u00e9cologique grave: chaque fois qu\u2019un homme tire la chasse d\u2019eau, il m\u00e9lange le cycle de l\u2019eau avec le cycle des nutriments de la nature, pour finalement de nouveau s\u00e9parer les substances les unes des autres dans une station d\u2019\u00e9puration des eaux us\u00e9es, ou de les rejeter non trait\u00e9es dans un cours d\u2019eau.<\/p>\n\n\n\n<p>Les eaux us\u00e9es des h\u00f4pitaux, des cliniques et des homes sont fortement pollu\u00e9es par des r\u00e9sidus de m\u00e9dicaments et d\u2019autres substances probl\u00e9matiques. Ce d\u00e9fi peut \u00eatre ma\u00eetris\u00e9 plus efficacement si les d\u00e9jections pollu\u00e9es avec ces micropolluants n\u2019arrivent pas du tout dans les \u00e9gouts. C\u2019est pour cela que les premi\u00e8res toilettes mobiles et sans eau au monde ont \u00e9t\u00e9 d\u00e9velopp\u00e9es: Rollac 1.0 permet une protection efficace de l\u2019eau, sans grand effort.<br><a href=\"https:\/\/www.arabern.ch\/uploads\/media\/Factsheet_III_Was_geschieht_mit_dem_Klaerschlamm_20.01.2011_01.pdf\" target=\"_blank\" rel=\"noreferrer noopener\"><br><\/a><a href=\"https:\/\/web.archive.org\/web\/20210614022332\/https:\/\/www.ecovia.ch\/ausstellungs-und-modellbau\/komposttoiletten.html\" target=\"_blank\" rel=\"noreferrer noopener\">ecovia Komposttoilette<br><\/a>www.closac.com<\/p>\n\n\n\n<h2>Les centrales nucl\u00e9aires menacent notre eau potable<\/h2>\n\n\n\n<p>La population suisse est insuffisamment prot\u00e9g\u00e9e en cas d\u2019accident nucl\u00e9aire. C\u2019est ce qui est critiqu\u00e9 par trois commissions d\u2019experts f\u00e9d\u00e9raux. L\u2019autorit\u00e9 de surveillance en Suisse a ignor\u00e9 le danger de contamination de l\u2019eau potable en cas de dysfonctionnement d\u2019une centrale nucl\u00e9aire. Un rapport de la Soci\u00e9t\u00e9 Suisse de l\u2019Industrie du Gaz et des Eaux (SSIGE) part du principe qu\u2019au moins 580\u2019000 personnes qui puisent leur eau potable directement ou indirectement dans la rivi\u00e8re ou dans le lac en aval de la centrale nucl\u00e9aire de M\u00fchleberg, seraient potentiellement touch\u00e9es par une panne de la centrale nucl\u00e9aire. Les utilisateurs d\u2019eau potable de l\u2019autre c\u00f4t\u00e9 de la fronti\u00e8re n\u2019y sont pas pris en compte.<\/p>\n\n\n\n<p><a href=\"https:\/\/web.archive.org\/web\/20230618004209\/https:\/\/atomschutzverband.ch\/wordpress\/wp-content\/uploads\/brochure_eau_potable_20141231.pdf\" target=\"_blank\" rel=\"noreferrer noopener\">Centrales nucl\u00e9aires Suisses: P\u00e9ril sur les ressources en eau potable<\/a><br><a href=\"http:\/\/www.muehleberg-vom-netz.ch\/trinkwasser\" target=\"_blank\" rel=\"noreferrer noopener\">AKW M\u00fchleberg gef\u00e4hrdet das Trinkwasser<\/a><\/p>\n\n\n\n<h2>La fracturation hydraulique (fracking) menace notre eau potable<\/h2>\n\n\n\n<p>Dans la fracturation hydraulique (\u00abhydraulic fracturing\u00bb), l\u2019eau, le sable et les produits chimiques sont pomp\u00e9s sous haute pression dans le sol, pour fracturer la roche et ainsi atteindre le gaz qui se trouve en-dessous. Ce faisant, des eaux souterraines, des lacs et des rivi\u00e8res peuvent \u00eatre contamin\u00e9s par les produits chimiques utilis\u00e9s, et m\u00eame causer des tremblements de terre. Il n\u2019y a ni la possibilit\u00e9 de garder les effets sous contr\u00f4le, ni de r\u00e9parer les dommages caus\u00e9s. La m\u00e9thode de fracturation doit donc \u00eatre interdite dans toute la Suisse.<\/p>\n\n\n\n<p><a rel=\"noreferrer noopener\" href=\"https:\/\/www.nzz.ch\/newsticker\/trinkwasserbelastung-durch-fracking-1.18105273\" target=\"_blank\">Trinkwasserbelastung durch Fracking<br><\/a><a rel=\"noreferrer noopener\" href=\"http:\/\/www.bernerzeitung.ch\/region\/kanton-bern\/Fracking-wird-gesetzlich-verboten\/story\/25488532\" target=\"_blank\">Fracking wird im Kt. Bern gesetzlich verboten<\/a><\/p>\n\n\n\n<div style=\"height:20px\" aria-hidden=\"true\" class=\"wp-block-spacer\"><\/div>\n","protected":false},"excerpt":{"rendered":"<p>Nous ne pouvons vivre sans eau. La terre nous l\u2019offre, pure et gratuite. L\u2019association pour \u00ab&nbsp;Une eau propre pour tous\u201c Engagement: les substances qui polluent nos eaux et l\u2019eau potable, n\u2019entrent plus dans le cycle de l\u2019eau. Ainsi, il n\u2019est plus n\u00e9cessaire d\u2019avoir recours aux co\u00fbteux traitements des eaux. Prise de conscience: la pollution des [&hellip;]<\/p>\n","protected":false},"author":5,"featured_media":0,"parent":0,"menu_order":0,"comment_status":"closed","ping_status":"closed","template":"","meta":{"inline_featured_image":false},"acf":[],"featured_image_urls":{"full":"","thumbnail":"","medium":"","medium_large":"","large":"","1536x1536":"","2048x2048":"","post-thumbnail":"","twentytwenty-fullscreen":""},"post_excerpt_stackable":"<p>Nous ne pouvons vivre sans eau. La terre nous l\u2019offre, pure et gratuite. L\u2019association pour \u00ab&nbsp;Une eau propre pour tous\u201c Engagement: les substances qui polluent nos eaux et l\u2019eau potable, n\u2019entrent plus dans le cycle de l\u2019eau. Ainsi, il n\u2019est plus n\u00e9cessaire d\u2019avoir recours aux co\u00fbteux traitements des eaux. Prise de conscience: la pollution des eaux en Suisse et partout dans le monde nous concerne tous. Elle a de s\u00e9rieuses r\u00e9percussions aussi bien sur la sant\u00e9 des humains et de la plan\u00e8te, des animaux et des plantes, que des cons\u00e9quences graves sur l\u2019\u00e9conomie. Encouragement&nbsp;: penser de mani\u00e8re naturelle qui nous\u2026<\/p>\n","category_list":"","author_info":{"name":"Walter Kummer","url":"https:\/\/www.initiative-sauberes-trinkwasser.ch\/fr\/author\/walter-kummer\/"},"comments_num":"0 commentaire","featured_image_urls_v2":{"full":"","thumbnail":"","medium":"","medium_large":"","large":"","1536x1536":"","2048x2048":"","post-thumbnail":"","twentytwenty-fullscreen":""},"post_excerpt_stackable_v2":"<p>Nous ne pouvons vivre sans eau. La terre nous l\u2019offre, pure et gratuite. L\u2019association pour \u00ab&nbsp;Une eau propre pour tous\u201c Engagement: les substances qui polluent nos eaux et l\u2019eau potable, n\u2019entrent plus dans le cycle de l\u2019eau. Ainsi, il n\u2019est plus n\u00e9cessaire d\u2019avoir recours aux co\u00fbteux traitements des eaux. Prise de conscience: la pollution des eaux en Suisse et partout dans le monde nous concerne tous. Elle a de s\u00e9rieuses r\u00e9percussions aussi bien sur la sant\u00e9 des humains et de la plan\u00e8te, des animaux et des plantes, que des cons\u00e9quences graves sur l\u2019\u00e9conomie. Encouragement&nbsp;: penser de mani\u00e8re naturelle qui nous\u2026<\/p>\n","category_list_v2":"","author_info_v2":{"name":"Walter Kummer","url":"https:\/\/www.initiative-sauberes-trinkwasser.ch\/fr\/author\/walter-kummer\/"},"comments_num_v2":"0 commentaire","yoast_head":"<!-- This site is optimized with the Yoast SEO plugin v19.4 - https:\/\/yoast.com\/wordpress\/plugins\/seo\/ -->\n<title>Association - Initiative pour une eau potable propre<\/title>\n<meta name=\"robots\" content=\"index, follow, max-snippet:-1, max-image-preview:large, max-video-preview:-1\" \/>\n<link rel=\"canonical\" href=\"https:\/\/www.initiative-sauberes-trinkwasser.ch\/fr\/association\/\" \/>\n<meta property=\"og:locale\" content=\"fr_FR\" \/>\n<meta property=\"og:type\" content=\"article\" \/>\n<meta property=\"og:title\" content=\"Association - Initiative pour une eau potable propre\" \/>\n<meta property=\"og:description\" content=\"Nous ne pouvons vivre sans eau. La terre nous l\u2019offre, pure et gratuite. L\u2019association pour \u00ab&nbsp;Une eau propre pour tous\u201c Engagement: les substances qui polluent nos eaux et l\u2019eau potable, n\u2019entrent plus dans le cycle de l\u2019eau. Ainsi, il n\u2019est plus n\u00e9cessaire d\u2019avoir recours aux co\u00fbteux traitements des eaux. Prise de conscience: la pollution des [&hellip;]\" \/>\n<meta property=\"og:url\" content=\"https:\/\/www.initiative-sauberes-trinkwasser.ch\/fr\/association\/\" \/>\n<meta property=\"og:site_name\" content=\"Trinkwasserinitiative\" \/>\n<meta property=\"article:modified_time\" content=\"2025-12-09T22:25:01+00:00\" \/>\n<meta property=\"og:image\" content=\"https:\/\/www.initiative-sauberes-trinkwasser.ch\/wp-content\/uploads\/2020\/12\/TWI_Spenden_unterstu\u0308tzen_FB-1.png\" \/>\n\t<meta property=\"og:image:width\" content=\"3917\" \/>\n\t<meta property=\"og:image:height\" content=\"3283\" \/>\n\t<meta property=\"og:image:type\" content=\"image\/png\" \/>\n<meta name=\"twitter:card\" content=\"summary_large_image\" \/>\n<meta name=\"twitter:label1\" content=\"Dur\u00e9e de lecture estim\u00e9e\" \/>\n\t<meta name=\"twitter:data1\" content=\"4 minutes\" \/>\n<script type=\"application\/ld+json\" class=\"yoast-schema-graph\">{\"@context\":\"https:\/\/schema.org\",\"@graph\":[{\"@type\":\"WebSite\",\"@id\":\"https:\/\/www.initiative-sauberes-trinkwasser.ch\/#website\",\"url\":\"https:\/\/www.initiative-sauberes-trinkwasser.ch\/\",\"name\":\"Trinkwasserinitiative\",\"description\":\"\",\"potentialAction\":[{\"@type\":\"SearchAction\",\"target\":{\"@type\":\"EntryPoint\",\"urlTemplate\":\"https:\/\/www.initiative-sauberes-trinkwasser.ch\/?s={search_term_string}\"},\"query-input\":\"required name=search_term_string\"}],\"inLanguage\":\"fr-FR\"},{\"@type\":\"WebPage\",\"@id\":\"https:\/\/www.initiative-sauberes-trinkwasser.ch\/fr\/association\/\",\"url\":\"https:\/\/www.initiative-sauberes-trinkwasser.ch\/fr\/association\/\",\"name\":\"Association - Initiative pour une eau potable propre\",\"isPartOf\":{\"@id\":\"https:\/\/www.initiative-sauberes-trinkwasser.ch\/#website\"},\"datePublished\":\"2016-12-25T17:40:36+00:00\",\"dateModified\":\"2025-12-09T22:25:01+00:00\",\"breadcrumb\":{\"@id\":\"https:\/\/www.initiative-sauberes-trinkwasser.ch\/fr\/association\/#breadcrumb\"},\"inLanguage\":\"fr-FR\",\"potentialAction\":[{\"@type\":\"ReadAction\",\"target\":[\"https:\/\/www.initiative-sauberes-trinkwasser.ch\/fr\/association\/\"]}]},{\"@type\":\"BreadcrumbList\",\"@id\":\"https:\/\/www.initiative-sauberes-trinkwasser.ch\/fr\/association\/#breadcrumb\",\"itemListElement\":[{\"@type\":\"ListItem\",\"position\":1,\"name\":\"Home\",\"item\":\"https:\/\/www.initiative-sauberes-trinkwasser.ch\/fr\/\"},{\"@type\":\"ListItem\",\"position\":2,\"name\":\"Association\"}]}]}<\/script>\n<!-- \/ Yoast SEO plugin. -->","yoast_head_json":{"title":"Association - Initiative pour une eau potable propre","robots":{"index":"index","follow":"follow","max-snippet":"max-snippet:-1","max-image-preview":"max-image-preview:large","max-video-preview":"max-video-preview:-1"},"canonical":"https:\/\/www.initiative-sauberes-trinkwasser.ch\/fr\/association\/","og_locale":"fr_FR","og_type":"article","og_title":"Association - Initiative pour une eau potable propre","og_description":"Nous ne pouvons vivre sans eau. La terre nous l\u2019offre, pure et gratuite. L\u2019association pour \u00ab&nbsp;Une eau propre pour tous\u201c Engagement: les substances qui polluent nos eaux et l\u2019eau potable, n\u2019entrent plus dans le cycle de l\u2019eau. Ainsi, il n\u2019est plus n\u00e9cessaire d\u2019avoir recours aux co\u00fbteux traitements des eaux. Prise de conscience: la pollution des [&hellip;]","og_url":"https:\/\/www.initiative-sauberes-trinkwasser.ch\/fr\/association\/","og_site_name":"Trinkwasserinitiative","article_modified_time":"2025-12-09T22:25:01+00:00","og_image":[{"width":3917,"height":3283,"url":"https:\/\/www.initiative-sauberes-trinkwasser.ch\/wp-content\/uploads\/2020\/12\/TWI_Spenden_unterstu\u0308tzen_FB-1.png","type":"image\/png"}],"twitter_card":"summary_large_image","twitter_misc":{"Dur\u00e9e de lecture estim\u00e9e":"4 minutes"},"schema":{"@context":"https:\/\/schema.org","@graph":[{"@type":"WebSite","@id":"https:\/\/www.initiative-sauberes-trinkwasser.ch\/#website","url":"https:\/\/www.initiative-sauberes-trinkwasser.ch\/","name":"Trinkwasserinitiative","description":"","potentialAction":[{"@type":"SearchAction","target":{"@type":"EntryPoint","urlTemplate":"https:\/\/www.initiative-sauberes-trinkwasser.ch\/?s={search_term_string}"},"query-input":"required name=search_term_string"}],"inLanguage":"fr-FR"},{"@type":"WebPage","@id":"https:\/\/www.initiative-sauberes-trinkwasser.ch\/fr\/association\/","url":"https:\/\/www.initiative-sauberes-trinkwasser.ch\/fr\/association\/","name":"Association - Initiative pour une eau potable propre","isPartOf":{"@id":"https:\/\/www.initiative-sauberes-trinkwasser.ch\/#website"},"datePublished":"2016-12-25T17:40:36+00:00","dateModified":"2025-12-09T22:25:01+00:00","breadcrumb":{"@id":"https:\/\/www.initiative-sauberes-trinkwasser.ch\/fr\/association\/#breadcrumb"},"inLanguage":"fr-FR","potentialAction":[{"@type":"ReadAction","target":["https:\/\/www.initiative-sauberes-trinkwasser.ch\/fr\/association\/"]}]},{"@type":"BreadcrumbList","@id":"https:\/\/www.initiative-sauberes-trinkwasser.ch\/fr\/association\/#breadcrumb","itemListElement":[{"@type":"ListItem","position":1,"name":"Home","item":"https:\/\/www.initiative-sauberes-trinkwasser.ch\/fr\/"},{"@type":"ListItem","position":2,"name":"Association"}]}]}},"_links":{"self":[{"href":"https:\/\/www.initiative-sauberes-trinkwasser.ch\/fr\/wp-json\/wp\/v2\/pages\/20025"}],"collection":[{"href":"https:\/\/www.initiative-sauberes-trinkwasser.ch\/fr\/wp-json\/wp\/v2\/pages"}],"about":[{"href":"https:\/\/www.initiative-sauberes-trinkwasser.ch\/fr\/wp-json\/wp\/v2\/types\/page"}],"author":[{"embeddable":true,"href":"https:\/\/www.initiative-sauberes-trinkwasser.ch\/fr\/wp-json\/wp\/v2\/users\/5"}],"replies":[{"embeddable":true,"href":"https:\/\/www.initiative-sauberes-trinkwasser.ch\/fr\/wp-json\/wp\/v2\/comments?post=20025"}],"version-history":[{"count":14,"href":"https:\/\/www.initiative-sauberes-trinkwasser.ch\/fr\/wp-json\/wp\/v2\/pages\/20025\/revisions"}],"predecessor-version":[{"id":45691,"href":"https:\/\/www.initiative-sauberes-trinkwasser.ch\/fr\/wp-json\/wp\/v2\/pages\/20025\/revisions\/45691"}],"wp:attachment":[{"href":"https:\/\/www.initiative-sauberes-trinkwasser.ch\/fr\/wp-json\/wp\/v2\/media?parent=20025"}],"curies":[{"name":"wp","href":"https:\/\/api.w.org\/{rel}","templated":true}]}}