{"id":20033,"date":"2018-10-16T11:55:28","date_gmt":"2018-10-16T09:55:28","guid":{"rendered":"https:\/\/www.initiative-sauberes-trinkwasser.ch\/communique-de-presse\/"},"modified":"2021-06-14T08:03:53","modified_gmt":"2021-06-14T06:03:53","slug":"communique-de-presse","status":"publish","type":"page","link":"https:\/\/www.initiative-sauberes-trinkwasser.ch\/fr\/communique-de-presse\/","title":{"rendered":"Communiqu\u00e9 de presse"},"content":{"rendered":"<p><a href=\"https:\/\/www.initiative-sauberes-trinkwasser.ch\/wp-content\/uploads\/2021\/06\/TWI_FR_Medienmitteilung_Abstimmung.pdf\" target=\"_blank\" rel=\"noopener\">Non \u00e0 l&rsquo;initiative pour une eau potable propre : les mauvaises incitations de la politique agricole demeurent<\/a><\/p>\n<p><a href=\"https:\/\/www.initiative-sauberes-trinkwasser.ch\/fr\/communique-de-presse-du-22-mars-2021\/\">D\u00e9but de la campagne de vote \u00e0 la ferme biologique Farngut \u00e0 Grossaffoltern<\/a> &#8211; 22 mars 2021<\/p>\n<p><a href=\"https:\/\/www.initiative-sauberes-trinkwasser.ch\/fr\/les-inquietudes-et-les-craintes-de-la-population-ignorees\/\">Suspension des travaux sur la politique agricole 22+ : Les inqui\u00e9tudes et les craintes de la population ignor\u00e9es.<\/a><br \/><a href=\"https:\/\/www.initiative-sauberes-trinkwasser.ch\/fr\/sbv-studie-aengste-schueren-statt-an-loesungen-zu-arbeiten\/\">Etude de l&rsquo;USP \u2013 Attiser les craintes au lieu de trouver des solutions<\/a><br \/><a href=\"https:\/\/www.initiative-sauberes-trinkwasser.ch\/wp-content\/uploads\/2018\/01\/FRMedienm.18.1.18.pdf\" target=\"_blank\" rel=\"noopener noreferrer\">D\u00e9poser l\u2019initiative le 18\u00a0janvier 2018<br \/><\/a><a href=\"https:\/\/www.initiative-sauberes-trinkwasser.ch\/wp-content\/uploads\/2017\/01\/MM_Pestizidgetr%C3%A4nkte-B%C3%A4che.pdf\" target=\"_blank\" rel=\"noopener noreferrer\">Pestizidgetr\u00e4nkte B\u00e4che vom 4. April 2017<br \/><\/a><a href=\"https:\/\/www.initiative-sauberes-trinkwasser.ch\/wp-content\/uploads\/2017\/01\/Medienmitteilung.pdf\" target=\"_blank\" rel=\"noopener noreferrer\">Medienmitteilung vom 22. M\u00e4rz 2017<\/a><\/p>\n\n\n<div style=\"height:20px\" aria-hidden=\"true\" class=\"wp-block-spacer\"><\/div>\n","protected":false},"excerpt":{"rendered":"<p>Non \u00e0 l&rsquo;initiative pour une eau potable propre : les mauvaises incitations de la politique agricole demeurent D\u00e9but de la campagne de vote \u00e0 la ferme biologique Farngut \u00e0 Grossaffoltern &#8211; 22 mars 2021 Suspension des travaux sur la politique agricole 22+ : Les inqui\u00e9tudes et les craintes de la population ignor\u00e9es.Etude de l&rsquo;USP \u2013 [&hellip;]<\/p>\n","protected":false},"author":5,"featured_media":0,"parent":0,"menu_order":0,"comment_status":"closed","ping_status":"open","template":"","meta":{"inline_featured_image":false},"acf":[],"featured_image_urls":{"full":"","thumbnail":"","medium":"","medium_large":"","large":"","1536x1536":"","2048x2048":"","post-thumbnail":"","twentytwenty-fullscreen":""},"post_excerpt_stackable":"<p>Non \u00e0 l&rsquo;initiative pour une eau potable propre : les mauvaises incitations de la politique agricole demeurent D\u00e9but de la campagne de vote \u00e0 la ferme biologique Farngut \u00e0 Grossaffoltern &#8211; 22 mars 2021 Suspension des travaux sur la politique agricole 22+ : Les inqui\u00e9tudes et les craintes de la population ignor\u00e9es.Etude de l&rsquo;USP \u2013 Attiser les craintes au lieu de trouver des solutionsD\u00e9poser l\u2019initiative le 18\u00a0janvier 2018Pestizidgetr\u00e4nkte B\u00e4che vom 4. April 2017Medienmitteilung vom 22. M\u00e4rz 2017<\/p>\n","category_list":"","author_info":{"name":"Walter Kummer","url":"https:\/\/www.initiative-sauberes-trinkwasser.ch\/fr\/author\/walter-kummer\/"},"comments_num":"0 commentaire","featured_image_urls_v2":{"full":"","thumbnail":"","medium":"","medium_large":"","large":"","1536x1536":"","2048x2048":"","post-thumbnail":"","twentytwenty-fullscreen":""},"post_excerpt_stackable_v2":"<p>Non \u00e0 l&rsquo;initiative pour une eau potable propre : les mauvaises incitations de la politique agricole demeurent D\u00e9but de la campagne de vote \u00e0 la ferme biologique Farngut \u00e0 Grossaffoltern &#8211; 22 mars 2021 Suspension des travaux sur la politique agricole 22+ : Les inqui\u00e9tudes et les craintes de la population ignor\u00e9es.Etude de l&rsquo;USP \u2013 Attiser les craintes au lieu de trouver des solutionsD\u00e9poser l\u2019initiative le 18\u00a0janvier 2018Pestizidgetr\u00e4nkte B\u00e4che vom 4. April 2017Medienmitteilung vom 22. M\u00e4rz 2017<\/p>\n","category_list_v2":"","author_info_v2":{"name":"Walter Kummer","url":"https:\/\/www.initiative-sauberes-trinkwasser.ch\/fr\/author\/walter-kummer\/"},"comments_num_v2":"0 commentaire","yoast_head":"<!-- This site is optimized with the Yoast SEO plugin v19.4 - https:\/\/yoast.com\/wordpress\/plugins\/seo\/ -->\n<title>Communiqu\u00e9 de presse - Trinkwasserinitiative<\/title>\n<meta name=\"robots\" content=\"index, follow, max-snippet:-1, max-image-preview:large, max-video-preview:-1\" \/>\n<link rel=\"canonical\" href=\"https:\/\/www.initiative-sauberes-trinkwasser.ch\/fr\/communique-de-presse\/\" \/>\n<meta property=\"og:locale\" content=\"fr_FR\" \/>\n<meta property=\"og:type\" content=\"article\" \/>\n<meta property=\"og:title\" content=\"Communiqu\u00e9 de presse - Trinkwasserinitiative\" \/>\n<meta property=\"og:description\" content=\"Non \u00e0 l&rsquo;initiative pour une eau potable propre : les mauvaises incitations de la politique agricole demeurent D\u00e9but de la campagne de vote \u00e0 la ferme biologique Farngut \u00e0 Grossaffoltern &#8211; 22 mars 2021 Suspension des travaux sur la politique agricole 22+ : Les inqui\u00e9tudes et les craintes de la population ignor\u00e9es.Etude de l&rsquo;USP \u2013 [&hellip;]\" \/>\n<meta property=\"og:url\" content=\"https:\/\/www.initiative-sauberes-trinkwasser.ch\/fr\/communique-de-presse\/\" \/>\n<meta property=\"og:site_name\" content=\"Trinkwasserinitiative\" \/>\n<meta property=\"article:modified_time\" content=\"2021-06-14T06:03:53+00:00\" \/>\n<meta property=\"og:image\" content=\"https:\/\/www.initiative-sauberes-trinkwasser.ch\/wp-content\/uploads\/2020\/12\/TWI_Spenden_unterstu\u0308tzen_FB-1.png\" \/>\n\t<meta property=\"og:image:width\" content=\"3917\" \/>\n\t<meta property=\"og:image:height\" content=\"3283\" \/>\n\t<meta property=\"og:image:type\" content=\"image\/png\" \/>\n<meta name=\"twitter:card\" content=\"summary_large_image\" \/>\n<meta name=\"twitter:label1\" content=\"Dur\u00e9e de lecture estim\u00e9e\" \/>\n\t<meta name=\"twitter:data1\" content=\"1 minute\" \/>\n<script type=\"application\/ld+json\" class=\"yoast-schema-graph\">{\"@context\":\"https:\/\/schema.org\",\"@graph\":[{\"@type\":\"WebSite\",\"@id\":\"https:\/\/www.initiative-sauberes-trinkwasser.ch\/#website\",\"url\":\"https:\/\/www.initiative-sauberes-trinkwasser.ch\/\",\"name\":\"Trinkwasserinitiative\",\"description\":\"\",\"potentialAction\":[{\"@type\":\"SearchAction\",\"target\":{\"@type\":\"EntryPoint\",\"urlTemplate\":\"https:\/\/www.initiative-sauberes-trinkwasser.ch\/?s={search_term_string}\"},\"query-input\":\"required name=search_term_string\"}],\"inLanguage\":\"fr-FR\"},{\"@type\":\"WebPage\",\"@id\":\"https:\/\/www.initiative-sauberes-trinkwasser.ch\/fr\/communique-de-presse\/\",\"url\":\"https:\/\/www.initiative-sauberes-trinkwasser.ch\/fr\/communique-de-presse\/\",\"name\":\"Communiqu\u00e9 de presse - Trinkwasserinitiative\",\"isPartOf\":{\"@id\":\"https:\/\/www.initiative-sauberes-trinkwasser.ch\/#website\"},\"datePublished\":\"2018-10-16T09:55:28+00:00\",\"dateModified\":\"2021-06-14T06:03:53+00:00\",\"breadcrumb\":{\"@id\":\"https:\/\/www.initiative-sauberes-trinkwasser.ch\/fr\/communique-de-presse\/#breadcrumb\"},\"inLanguage\":\"fr-FR\",\"potentialAction\":[{\"@type\":\"ReadAction\",\"target\":[\"https:\/\/www.initiative-sauberes-trinkwasser.ch\/fr\/communique-de-presse\/\"]}]},{\"@type\":\"BreadcrumbList\",\"@id\":\"https:\/\/www.initiative-sauberes-trinkwasser.ch\/fr\/communique-de-presse\/#breadcrumb\",\"itemListElement\":[{\"@type\":\"ListItem\",\"position\":1,\"name\":\"Home\",\"item\":\"https:\/\/www.initiative-sauberes-trinkwasser.ch\/fr\/\"},{\"@type\":\"ListItem\",\"position\":2,\"name\":\"Communiqu\u00e9 de presse\"}]}]}<\/script>\n<!-- \/ Yoast SEO plugin. -->","yoast_head_json":{"title":"Communiqu\u00e9 de presse - Trinkwasserinitiative","robots":{"index":"index","follow":"follow","max-snippet":"max-snippet:-1","max-image-preview":"max-image-preview:large","max-video-preview":"max-video-preview:-1"},"canonical":"https:\/\/www.initiative-sauberes-trinkwasser.ch\/fr\/communique-de-presse\/","og_locale":"fr_FR","og_type":"article","og_title":"Communiqu\u00e9 de presse - Trinkwasserinitiative","og_description":"Non \u00e0 l&rsquo;initiative pour une eau potable propre : les mauvaises incitations de la politique agricole demeurent D\u00e9but de la campagne de vote \u00e0 la ferme biologique Farngut \u00e0 Grossaffoltern &#8211; 22 mars 2021 Suspension des travaux sur la politique agricole 22+ : Les inqui\u00e9tudes et les craintes de la population ignor\u00e9es.Etude de l&rsquo;USP \u2013 [&hellip;]","og_url":"https:\/\/www.initiative-sauberes-trinkwasser.ch\/fr\/communique-de-presse\/","og_site_name":"Trinkwasserinitiative","article_modified_time":"2021-06-14T06:03:53+00:00","og_image":[{"width":3917,"height":3283,"url":"https:\/\/www.initiative-sauberes-trinkwasser.ch\/wp-content\/uploads\/2020\/12\/TWI_Spenden_unterstu\u0308tzen_FB-1.png","type":"image\/png"}],"twitter_card":"summary_large_image","twitter_misc":{"Dur\u00e9e de lecture estim\u00e9e":"1 minute"},"schema":{"@context":"https:\/\/schema.org","@graph":[{"@type":"WebSite","@id":"https:\/\/www.initiative-sauberes-trinkwasser.ch\/#website","url":"https:\/\/www.initiative-sauberes-trinkwasser.ch\/","name":"Trinkwasserinitiative","description":"","potentialAction":[{"@type":"SearchAction","target":{"@type":"EntryPoint","urlTemplate":"https:\/\/www.initiative-sauberes-trinkwasser.ch\/?s={search_term_string}"},"query-input":"required name=search_term_string"}],"inLanguage":"fr-FR"},{"@type":"WebPage","@id":"https:\/\/www.initiative-sauberes-trinkwasser.ch\/fr\/communique-de-presse\/","url":"https:\/\/www.initiative-sauberes-trinkwasser.ch\/fr\/communique-de-presse\/","name":"Communiqu\u00e9 de presse - Trinkwasserinitiative","isPartOf":{"@id":"https:\/\/www.initiative-sauberes-trinkwasser.ch\/#website"},"datePublished":"2018-10-16T09:55:28+00:00","dateModified":"2021-06-14T06:03:53+00:00","breadcrumb":{"@id":"https:\/\/www.initiative-sauberes-trinkwasser.ch\/fr\/communique-de-presse\/#breadcrumb"},"inLanguage":"fr-FR","potentialAction":[{"@type":"ReadAction","target":["https:\/\/www.initiative-sauberes-trinkwasser.ch\/fr\/communique-de-presse\/"]}]},{"@type":"BreadcrumbList","@id":"https:\/\/www.initiative-sauberes-trinkwasser.ch\/fr\/communique-de-presse\/#breadcrumb","itemListElement":[{"@type":"ListItem","position":1,"name":"Home","item":"https:\/\/www.initiative-sauberes-trinkwasser.ch\/fr\/"},{"@type":"ListItem","position":2,"name":"Communiqu\u00e9 de presse"}]}]}},"_links":{"self":[{"href":"https:\/\/www.initiative-sauberes-trinkwasser.ch\/fr\/wp-json\/wp\/v2\/pages\/20033"}],"collection":[{"href":"https:\/\/www.initiative-sauberes-trinkwasser.ch\/fr\/wp-json\/wp\/v2\/pages"}],"about":[{"href":"https:\/\/www.initiative-sauberes-trinkwasser.ch\/fr\/wp-json\/wp\/v2\/types\/page"}],"author":[{"embeddable":true,"href":"https:\/\/www.initiative-sauberes-trinkwasser.ch\/fr\/wp-json\/wp\/v2\/users\/5"}],"replies":[{"embeddable":true,"href":"https:\/\/www.initiative-sauberes-trinkwasser.ch\/fr\/wp-json\/wp\/v2\/comments?post=20033"}],"version-history":[{"count":7,"href":"https:\/\/www.initiative-sauberes-trinkwasser.ch\/fr\/wp-json\/wp\/v2\/pages\/20033\/revisions"}],"predecessor-version":[{"id":38428,"href":"https:\/\/www.initiative-sauberes-trinkwasser.ch\/fr\/wp-json\/wp\/v2\/pages\/20033\/revisions\/38428"}],"wp:attachment":[{"href":"https:\/\/www.initiative-sauberes-trinkwasser.ch\/fr\/wp-json\/wp\/v2\/media?parent=20033"}],"curies":[{"name":"wp","href":"https:\/\/api.w.org\/{rel}","templated":true}]}}