{"id":20041,"date":"2019-06-28T08:41:30","date_gmt":"2019-06-28T06:41:30","guid":{"rendered":"https:\/\/www.initiative-sauberes-trinkwasser.ch\/commande-du-materiel\/"},"modified":"2021-06-10T14:48:48","modified_gmt":"2021-06-10T12:48:48","slug":"commande-du-materiel","status":"publish","type":"page","link":"https:\/\/www.initiative-sauberes-trinkwasser.ch\/fr\/commande-du-materiel\/","title":{"rendered":"Commander du mat\u00e9riel"},"content":{"rendered":"\n<div class=\"wp-block-columns\">\n<div class=\"wp-block-column\">\n<figure class=\"wp-block-image size-large is-style-default\"><img loading=\"lazy\" width=\"1024\" height=\"737\" src=\"https:\/\/www.initiative-sauberes-trinkwasser.ch\/wp-content\/uploads\/2021\/05\/TWI_Fahne_FR_Ausverkauft-1024x737.png\" alt=\"\" class=\"wp-image-37660\" srcset=\"https:\/\/www.initiative-sauberes-trinkwasser.ch\/wp-content\/uploads\/2021\/05\/TWI_Fahne_FR_Ausverkauft-1024x737.png 1024w, https:\/\/www.initiative-sauberes-trinkwasser.ch\/wp-content\/uploads\/2021\/05\/TWI_Fahne_FR_Ausverkauft-300x216.png 300w, https:\/\/www.initiative-sauberes-trinkwasser.ch\/wp-content\/uploads\/2021\/05\/TWI_Fahne_FR_Ausverkauft-768x553.png 768w, https:\/\/www.initiative-sauberes-trinkwasser.ch\/wp-content\/uploads\/2021\/05\/TWI_Fahne_FR_Ausverkauft-1536x1105.png 1536w, https:\/\/www.initiative-sauberes-trinkwasser.ch\/wp-content\/uploads\/2021\/05\/TWI_Fahne_FR_Ausverkauft-2048x1473.png 2048w, https:\/\/www.initiative-sauberes-trinkwasser.ch\/wp-content\/uploads\/2021\/05\/TWI_Fahne_FR_Ausverkauft-1200x863.png 1200w, https:\/\/www.initiative-sauberes-trinkwasser.ch\/wp-content\/uploads\/2021\/05\/TWI_Fahne_FR_Ausverkauft-1980x1425.png 1980w\" sizes=\"(max-width: 1024px) 100vw, 1024px\" \/><\/figure>\n\n\n\n<figure class=\"wp-block-image size-large\"><img loading=\"lazy\" width=\"1024\" height=\"613\" src=\"https:\/\/www.initiative-sauberes-trinkwasser.ch\/wp-content\/uploads\/2021\/03\/Velo-fr-h-1024x613.jpg\" alt=\"\" class=\"wp-image-25974\" srcset=\"https:\/\/www.initiative-sauberes-trinkwasser.ch\/wp-content\/uploads\/2021\/03\/Velo-fr-h-1024x613.jpg 1024w, https:\/\/www.initiative-sauberes-trinkwasser.ch\/wp-content\/uploads\/2021\/03\/Velo-fr-h-300x180.jpg 300w, https:\/\/www.initiative-sauberes-trinkwasser.ch\/wp-content\/uploads\/2021\/03\/Velo-fr-h-768x460.jpg 768w, https:\/\/www.initiative-sauberes-trinkwasser.ch\/wp-content\/uploads\/2021\/03\/Velo-fr-h-1536x919.jpg 1536w, https:\/\/www.initiative-sauberes-trinkwasser.ch\/wp-content\/uploads\/2021\/03\/Velo-fr-h-2048x1226.jpg 2048w, https:\/\/www.initiative-sauberes-trinkwasser.ch\/wp-content\/uploads\/2021\/03\/Velo-fr-h-1200x718.jpg 1200w, https:\/\/www.initiative-sauberes-trinkwasser.ch\/wp-content\/uploads\/2021\/03\/Velo-fr-h-1980x1185.jpg 1980w\" sizes=\"(max-width: 1024px) 100vw, 1024px\" \/><figcaption>Affiche pour v\u00e9lo homme<\/figcaption><\/figure>\n\n\n\n<figure class=\"wp-block-image size-large\"><img loading=\"lazy\" width=\"1024\" height=\"611\" src=\"https:\/\/www.initiative-sauberes-trinkwasser.ch\/wp-content\/uploads\/2021\/03\/Velo-fr-f-1024x611.jpg\" alt=\"\" class=\"wp-image-25978\" srcset=\"https:\/\/www.initiative-sauberes-trinkwasser.ch\/wp-content\/uploads\/2021\/03\/Velo-fr-f-1024x611.jpg 1024w, https:\/\/www.initiative-sauberes-trinkwasser.ch\/wp-content\/uploads\/2021\/03\/Velo-fr-f-300x179.jpg 300w, https:\/\/www.initiative-sauberes-trinkwasser.ch\/wp-content\/uploads\/2021\/03\/Velo-fr-f-768x458.jpg 768w, https:\/\/www.initiative-sauberes-trinkwasser.ch\/wp-content\/uploads\/2021\/03\/Velo-fr-f-1536x916.jpg 1536w, https:\/\/www.initiative-sauberes-trinkwasser.ch\/wp-content\/uploads\/2021\/03\/Velo-fr-f-2048x1222.jpg 2048w, https:\/\/www.initiative-sauberes-trinkwasser.ch\/wp-content\/uploads\/2021\/03\/Velo-fr-f-1200x716.jpg 1200w, https:\/\/www.initiative-sauberes-trinkwasser.ch\/wp-content\/uploads\/2021\/03\/Velo-fr-f-1980x1181.jpg 1980w\" sizes=\"(max-width: 1024px) 100vw, 1024px\" \/><figcaption>Affiche pour v\u00e9lo femme<\/figcaption><\/figure>\n\n\n\n<p><\/p>\n<\/div>\n\n\n\n<div class=\"wp-block-column\">\n<p>Ch\u00e8re sympathisante, cher sympathisant, <\/p>\n\n\n\n<p>Merci beaucoup pour votre soutien.<\/p>\n\n\n\n<p>L&rsquo;envoi de mat\u00e9riel de campagne est termin\u00e9.<\/p>\n<\/div>\n<\/div>\n\n\n\n<div style=\"height:20px\" aria-hidden=\"true\" class=\"wp-block-spacer\"><\/div>\n\n\n\n<h2>Images &amp; photos<\/h2>\n\n\n\n<p>Vous pouvez utiliser ces images pour soutenir la campagne de votation :<\/p>\n\n\n\n<div class=\"wp-block-columns\">\n<div class=\"wp-block-column\">\n<figure class=\"wp-block-image size-large is-style-default\"><a href=\"https:\/\/www.initiative-sauberes-trinkwasser.ch\/wp-content\/uploads\/2021\/04\/Facebook-Titelbild_UnsereSubventionen_FR-scaled.jpg\" target=\"_blank\" rel=\"noopener\"><img loading=\"lazy\" width=\"1024\" height=\"450\" src=\"https:\/\/www.initiative-sauberes-trinkwasser.ch\/wp-content\/uploads\/2021\/04\/Facebook-Titelbild_UnsereSubventionen_FR-1024x450.jpg\" alt=\"\" class=\"wp-image-31803\" srcset=\"https:\/\/www.initiative-sauberes-trinkwasser.ch\/wp-content\/uploads\/2021\/04\/Facebook-Titelbild_UnsereSubventionen_FR-1024x450.jpg 1024w, https:\/\/www.initiative-sauberes-trinkwasser.ch\/wp-content\/uploads\/2021\/04\/Facebook-Titelbild_UnsereSubventionen_FR-300x132.jpg 300w, https:\/\/www.initiative-sauberes-trinkwasser.ch\/wp-content\/uploads\/2021\/04\/Facebook-Titelbild_UnsereSubventionen_FR-768x337.jpg 768w, https:\/\/www.initiative-sauberes-trinkwasser.ch\/wp-content\/uploads\/2021\/04\/Facebook-Titelbild_UnsereSubventionen_FR-1536x675.jpg 1536w, https:\/\/www.initiative-sauberes-trinkwasser.ch\/wp-content\/uploads\/2021\/04\/Facebook-Titelbild_UnsereSubventionen_FR-2048x899.jpg 2048w, https:\/\/www.initiative-sauberes-trinkwasser.ch\/wp-content\/uploads\/2021\/04\/Facebook-Titelbild_UnsereSubventionen_FR-1200x527.jpg 1200w, https:\/\/www.initiative-sauberes-trinkwasser.ch\/wp-content\/uploads\/2021\/04\/Facebook-Titelbild_UnsereSubventionen_FR-1980x870.jpg 1980w\" sizes=\"(max-width: 1024px) 100vw, 1024px\" \/><\/a><\/figure>\n<\/div>\n\n\n\n<div class=\"wp-block-column\">\n<figure class=\"wp-block-image size-large is-style-default\"><a href=\"https:\/\/www.initiative-sauberes-trinkwasser.ch\/wp-content\/uploads\/2021\/04\/Facebook-Titelbild_gesunde-Bo\u0308den_FR-scaled.jpg\" target=\"_blank\" rel=\"noopener\"><img loading=\"lazy\" width=\"1024\" height=\"450\" src=\"https:\/\/www.initiative-sauberes-trinkwasser.ch\/wp-content\/uploads\/2021\/04\/Facebook-Titelbild_gesunde-Bo\u0308den_FR-1024x450.jpg\" alt=\"\" class=\"wp-image-31806\" srcset=\"https:\/\/www.initiative-sauberes-trinkwasser.ch\/wp-content\/uploads\/2021\/04\/Facebook-Titelbild_gesunde-Bo\u0308den_FR-1024x450.jpg 1024w, https:\/\/www.initiative-sauberes-trinkwasser.ch\/wp-content\/uploads\/2021\/04\/Facebook-Titelbild_gesunde-Bo\u0308den_FR-300x132.jpg 300w, https:\/\/www.initiative-sauberes-trinkwasser.ch\/wp-content\/uploads\/2021\/04\/Facebook-Titelbild_gesunde-Bo\u0308den_FR-768x337.jpg 768w, https:\/\/www.initiative-sauberes-trinkwasser.ch\/wp-content\/uploads\/2021\/04\/Facebook-Titelbild_gesunde-Bo\u0308den_FR-1536x675.jpg 1536w, https:\/\/www.initiative-sauberes-trinkwasser.ch\/wp-content\/uploads\/2021\/04\/Facebook-Titelbild_gesunde-Bo\u0308den_FR-2048x899.jpg 2048w, https:\/\/www.initiative-sauberes-trinkwasser.ch\/wp-content\/uploads\/2021\/04\/Facebook-Titelbild_gesunde-Bo\u0308den_FR-1200x527.jpg 1200w, https:\/\/www.initiative-sauberes-trinkwasser.ch\/wp-content\/uploads\/2021\/04\/Facebook-Titelbild_gesunde-Bo\u0308den_FR-1980x870.jpg 1980w\" sizes=\"(max-width: 1024px) 100vw, 1024px\" \/><\/a><\/figure>\n<\/div>\n<\/div>\n\n\n\n<div class=\"wp-block-columns\">\n<div class=\"wp-block-column\">\n<figure class=\"wp-block-image size-large is-style-default\"><a href=\"https:\/\/www.initiative-sauberes-trinkwasser.ch\/wp-content\/uploads\/2021\/04\/Facebook-Titelbild_belu\u0308ftete_Seen_FR-scaled.jpg\" target=\"_blank\" rel=\"noopener\"><img loading=\"lazy\" width=\"1024\" height=\"450\" src=\"https:\/\/www.initiative-sauberes-trinkwasser.ch\/wp-content\/uploads\/2021\/04\/Facebook-Titelbild_belu\u0308ftete_Seen_FR-1024x450.jpg\" alt=\"\" class=\"wp-image-31812\" srcset=\"https:\/\/www.initiative-sauberes-trinkwasser.ch\/wp-content\/uploads\/2021\/04\/Facebook-Titelbild_belu\u0308ftete_Seen_FR-1024x450.jpg 1024w, https:\/\/www.initiative-sauberes-trinkwasser.ch\/wp-content\/uploads\/2021\/04\/Facebook-Titelbild_belu\u0308ftete_Seen_FR-300x132.jpg 300w, https:\/\/www.initiative-sauberes-trinkwasser.ch\/wp-content\/uploads\/2021\/04\/Facebook-Titelbild_belu\u0308ftete_Seen_FR-768x337.jpg 768w, https:\/\/www.initiative-sauberes-trinkwasser.ch\/wp-content\/uploads\/2021\/04\/Facebook-Titelbild_belu\u0308ftete_Seen_FR-1536x675.jpg 1536w, https:\/\/www.initiative-sauberes-trinkwasser.ch\/wp-content\/uploads\/2021\/04\/Facebook-Titelbild_belu\u0308ftete_Seen_FR-2048x899.jpg 2048w, https:\/\/www.initiative-sauberes-trinkwasser.ch\/wp-content\/uploads\/2021\/04\/Facebook-Titelbild_belu\u0308ftete_Seen_FR-1200x527.jpg 1200w, https:\/\/www.initiative-sauberes-trinkwasser.ch\/wp-content\/uploads\/2021\/04\/Facebook-Titelbild_belu\u0308ftete_Seen_FR-1980x870.jpg 1980w\" sizes=\"(max-width: 1024px) 100vw, 1024px\" \/><\/a><\/figure>\n<\/div>\n\n\n\n<div class=\"wp-block-column\">\n<figure class=\"wp-block-image size-large is-style-default\"><a href=\"https:\/\/www.initiative-sauberes-trinkwasser.ch\/wp-content\/uploads\/2021\/04\/Facebook-Titelbild_Importfutter_FR-scaled.jpg\" target=\"_blank\" rel=\"noopener\"><img loading=\"lazy\" width=\"1024\" height=\"450\" src=\"https:\/\/www.initiative-sauberes-trinkwasser.ch\/wp-content\/uploads\/2021\/04\/Facebook-Titelbild_Importfutter_FR-1024x450.jpg\" alt=\"\" class=\"wp-image-31815\" srcset=\"https:\/\/www.initiative-sauberes-trinkwasser.ch\/wp-content\/uploads\/2021\/04\/Facebook-Titelbild_Importfutter_FR-1024x450.jpg 1024w, https:\/\/www.initiative-sauberes-trinkwasser.ch\/wp-content\/uploads\/2021\/04\/Facebook-Titelbild_Importfutter_FR-300x132.jpg 300w, https:\/\/www.initiative-sauberes-trinkwasser.ch\/wp-content\/uploads\/2021\/04\/Facebook-Titelbild_Importfutter_FR-768x337.jpg 768w, https:\/\/www.initiative-sauberes-trinkwasser.ch\/wp-content\/uploads\/2021\/04\/Facebook-Titelbild_Importfutter_FR-1536x675.jpg 1536w, https:\/\/www.initiative-sauberes-trinkwasser.ch\/wp-content\/uploads\/2021\/04\/Facebook-Titelbild_Importfutter_FR-2048x899.jpg 2048w, https:\/\/www.initiative-sauberes-trinkwasser.ch\/wp-content\/uploads\/2021\/04\/Facebook-Titelbild_Importfutter_FR-1200x527.jpg 1200w, https:\/\/www.initiative-sauberes-trinkwasser.ch\/wp-content\/uploads\/2021\/04\/Facebook-Titelbild_Importfutter_FR-1980x870.jpg 1980w\" sizes=\"(max-width: 1024px) 100vw, 1024px\" \/><\/a><\/figure>\n<\/div>\n<\/div>\n\n\n\n<div class=\"wp-block-columns\">\n<div class=\"wp-block-column\">\n<figure class=\"wp-block-image size-large is-style-default\"><a href=\"https:\/\/www.initiative-sauberes-trinkwasser.ch\/wp-content\/uploads\/2021\/04\/Facebook-Titelbild_kostenwahrheit_FR-scaled.jpg\" target=\"_blank\" rel=\"noopener\"><img loading=\"lazy\" width=\"1024\" height=\"450\" src=\"https:\/\/www.initiative-sauberes-trinkwasser.ch\/wp-content\/uploads\/2021\/04\/Facebook-Titelbild_kostenwahrheit_FR-1024x450.jpg\" alt=\"\" class=\"wp-image-31821\" srcset=\"https:\/\/www.initiative-sauberes-trinkwasser.ch\/wp-content\/uploads\/2021\/04\/Facebook-Titelbild_kostenwahrheit_FR-1024x450.jpg 1024w, https:\/\/www.initiative-sauberes-trinkwasser.ch\/wp-content\/uploads\/2021\/04\/Facebook-Titelbild_kostenwahrheit_FR-300x132.jpg 300w, https:\/\/www.initiative-sauberes-trinkwasser.ch\/wp-content\/uploads\/2021\/04\/Facebook-Titelbild_kostenwahrheit_FR-768x337.jpg 768w, https:\/\/www.initiative-sauberes-trinkwasser.ch\/wp-content\/uploads\/2021\/04\/Facebook-Titelbild_kostenwahrheit_FR-1536x675.jpg 1536w, https:\/\/www.initiative-sauberes-trinkwasser.ch\/wp-content\/uploads\/2021\/04\/Facebook-Titelbild_kostenwahrheit_FR-2048x899.jpg 2048w, https:\/\/www.initiative-sauberes-trinkwasser.ch\/wp-content\/uploads\/2021\/04\/Facebook-Titelbild_kostenwahrheit_FR-1200x527.jpg 1200w, https:\/\/www.initiative-sauberes-trinkwasser.ch\/wp-content\/uploads\/2021\/04\/Facebook-Titelbild_kostenwahrheit_FR-1980x870.jpg 1980w\" sizes=\"(max-width: 1024px) 100vw, 1024px\" \/><\/a><\/figure>\n<\/div>\n\n\n\n<div class=\"wp-block-column\">\n<figure class=\"wp-block-image size-large is-style-default\"><a href=\"https:\/\/www.initiative-sauberes-trinkwasser.ch\/wp-content\/uploads\/2021\/04\/Facebook-Titelbild_Biodiversita\u0308t_FR-scaled.jpg\" target=\"_blank\" rel=\"noopener\"><img loading=\"lazy\" width=\"1024\" height=\"450\" src=\"https:\/\/www.initiative-sauberes-trinkwasser.ch\/wp-content\/uploads\/2021\/04\/Facebook-Titelbild_Biodiversita\u0308t_FR-1024x450.jpg\" alt=\"\" class=\"wp-image-31824\" srcset=\"https:\/\/www.initiative-sauberes-trinkwasser.ch\/wp-content\/uploads\/2021\/04\/Facebook-Titelbild_Biodiversita\u0308t_FR-1024x450.jpg 1024w, https:\/\/www.initiative-sauberes-trinkwasser.ch\/wp-content\/uploads\/2021\/04\/Facebook-Titelbild_Biodiversita\u0308t_FR-300x132.jpg 300w, https:\/\/www.initiative-sauberes-trinkwasser.ch\/wp-content\/uploads\/2021\/04\/Facebook-Titelbild_Biodiversita\u0308t_FR-768x337.jpg 768w, https:\/\/www.initiative-sauberes-trinkwasser.ch\/wp-content\/uploads\/2021\/04\/Facebook-Titelbild_Biodiversita\u0308t_FR-1536x675.jpg 1536w, https:\/\/www.initiative-sauberes-trinkwasser.ch\/wp-content\/uploads\/2021\/04\/Facebook-Titelbild_Biodiversita\u0308t_FR-2048x899.jpg 2048w, https:\/\/www.initiative-sauberes-trinkwasser.ch\/wp-content\/uploads\/2021\/04\/Facebook-Titelbild_Biodiversita\u0308t_FR-1200x527.jpg 1200w, https:\/\/www.initiative-sauberes-trinkwasser.ch\/wp-content\/uploads\/2021\/04\/Facebook-Titelbild_Biodiversita\u0308t_FR-1980x870.jpg 1980w\" sizes=\"(max-width: 1024px) 100vw, 1024px\" \/><\/a><\/figure>\n<\/div>\n<\/div>\n\n\n\n<div class=\"wp-block-columns\">\n<div class=\"wp-block-column\">\n<figure class=\"wp-block-image size-full is-style-default\"><a href=\"https:\/\/www.initiative-sauberes-trinkwasser.ch\/wp-content\/uploads\/2021\/04\/TWI_OUI.png\" target=\"_blank\" rel=\"noopener\"><img loading=\"lazy\" width=\"2487\" height=\"581\" src=\"https:\/\/www.initiative-sauberes-trinkwasser.ch\/wp-content\/uploads\/2021\/04\/TWI_OUI.png\" alt=\"\" class=\"wp-image-32519\" srcset=\"https:\/\/www.initiative-sauberes-trinkwasser.ch\/wp-content\/uploads\/2021\/04\/TWI_OUI.png 2487w, https:\/\/www.initiative-sauberes-trinkwasser.ch\/wp-content\/uploads\/2021\/04\/TWI_OUI-300x70.png 300w, https:\/\/www.initiative-sauberes-trinkwasser.ch\/wp-content\/uploads\/2021\/04\/TWI_OUI-1024x239.png 1024w, https:\/\/www.initiative-sauberes-trinkwasser.ch\/wp-content\/uploads\/2021\/04\/TWI_OUI-768x179.png 768w, https:\/\/www.initiative-sauberes-trinkwasser.ch\/wp-content\/uploads\/2021\/04\/TWI_OUI-1536x359.png 1536w, https:\/\/www.initiative-sauberes-trinkwasser.ch\/wp-content\/uploads\/2021\/04\/TWI_OUI-2048x478.png 2048w, https:\/\/www.initiative-sauberes-trinkwasser.ch\/wp-content\/uploads\/2021\/04\/TWI_OUI-1200x280.png 1200w, https:\/\/www.initiative-sauberes-trinkwasser.ch\/wp-content\/uploads\/2021\/04\/TWI_OUI-1980x463.png 1980w\" sizes=\"(max-width: 2487px) 100vw, 2487px\" \/><\/a><\/figure>\n<\/div>\n\n\n\n<div class=\"wp-block-column\"><\/div>\n<\/div>\n\n\n\n<p id=\"block-48727665-f6a5-4c21-a215-14dfb93ac76e\">En cliquant sur ce lien, vous pouvez t\u00e9l\u00e9charger tous les graphiques en haute r\u00e9solution :<\/p>\n\n\n\n<div class=\"wp-block-file\"><a href=\"https:\/\/www.initiative-sauberes-trinkwasser.ch\/wp-content\/uploads\/2021\/04\/TWI_FR_Bildmaterial.zip\"><span style=\"color:#009fe3\" class=\"has-inline-color\">Initiative_eau_potable_propre_images<\/span><\/a><\/div>\n","protected":false},"excerpt":{"rendered":"<p>Ch\u00e8re sympathisante, cher sympathisant, Merci beaucoup pour votre soutien. L&rsquo;envoi de mat\u00e9riel de campagne est termin\u00e9. Images &amp; photos Vous pouvez utiliser ces images pour soutenir la campagne de votation : En cliquant sur ce lien, vous pouvez t\u00e9l\u00e9charger tous les graphiques en haute r\u00e9solution :<\/p>\n","protected":false},"author":5,"featured_media":0,"parent":0,"menu_order":0,"comment_status":"closed","ping_status":"open","template":"","meta":{"inline_featured_image":false},"acf":[],"featured_image_urls":{"full":"","thumbnail":"","medium":"","medium_large":"","large":"","1536x1536":"","2048x2048":"","post-thumbnail":"","twentytwenty-fullscreen":""},"post_excerpt_stackable":"<p>Affiche pour v\u00e9lo homme Affiche pour v\u00e9lo femme Ch\u00e8re sympathisante, cher sympathisant, Merci beaucoup pour votre soutien. L&rsquo;envoi de mat\u00e9riel de campagne est termin\u00e9. Images &amp; photos Vous pouvez utiliser ces images pour soutenir la campagne de votation : En cliquant sur ce lien, vous pouvez t\u00e9l\u00e9charger tous les graphiques en haute r\u00e9solution : Initiative_eau_potable_propre_images<\/p>\n","category_list":"","author_info":{"name":"Walter Kummer","url":"https:\/\/www.initiative-sauberes-trinkwasser.ch\/fr\/author\/walter-kummer\/"},"comments_num":"0 commentaire","featured_image_urls_v2":{"full":"","thumbnail":"","medium":"","medium_large":"","large":"","1536x1536":"","2048x2048":"","post-thumbnail":"","twentytwenty-fullscreen":""},"post_excerpt_stackable_v2":"<p>Affiche pour v\u00e9lo homme Affiche pour v\u00e9lo femme Ch\u00e8re sympathisante, cher sympathisant, Merci beaucoup pour votre soutien. L&rsquo;envoi de mat\u00e9riel de campagne est termin\u00e9. Images &amp; photos Vous pouvez utiliser ces images pour soutenir la campagne de votation : En cliquant sur ce lien, vous pouvez t\u00e9l\u00e9charger tous les graphiques en haute r\u00e9solution : Initiative_eau_potable_propre_images<\/p>\n","category_list_v2":"","author_info_v2":{"name":"Walter Kummer","url":"https:\/\/www.initiative-sauberes-trinkwasser.ch\/fr\/author\/walter-kummer\/"},"comments_num_v2":"0 commentaire","yoast_head":"<!-- This site is optimized with the Yoast SEO plugin v19.4 - https:\/\/yoast.com\/wordpress\/plugins\/seo\/ -->\n<title>Commander du mat\u00e9riel - Initiative pour une eau potable propre<\/title>\n<meta name=\"robots\" content=\"index, follow, max-snippet:-1, max-image-preview:large, max-video-preview:-1\" \/>\n<link rel=\"canonical\" href=\"https:\/\/www.initiative-sauberes-trinkwasser.ch\/fr\/commande-du-materiel\/\" \/>\n<meta property=\"og:locale\" content=\"fr_FR\" \/>\n<meta property=\"og:type\" content=\"article\" \/>\n<meta property=\"og:title\" content=\"Commander du mat\u00e9riel - Initiative pour une eau potable propre\" \/>\n<meta property=\"og:description\" content=\"Ch\u00e8re sympathisante, cher sympathisant, Merci beaucoup pour votre soutien. L&rsquo;envoi de mat\u00e9riel de campagne est termin\u00e9. Images &amp; photos Vous pouvez utiliser ces images pour soutenir la campagne de votation : En cliquant sur ce lien, vous pouvez t\u00e9l\u00e9charger tous les graphiques en haute r\u00e9solution :\" \/>\n<meta property=\"og:url\" content=\"https:\/\/www.initiative-sauberes-trinkwasser.ch\/fr\/commande-du-materiel\/\" \/>\n<meta property=\"og:site_name\" content=\"Trinkwasserinitiative\" \/>\n<meta property=\"article:modified_time\" content=\"2021-06-10T12:48:48+00:00\" \/>\n<meta property=\"og:image\" content=\"https:\/\/www.initiative-sauberes-trinkwasser.ch\/wp-content\/uploads\/2021\/05\/TWI_Fahne_FR_Ausverkauft-1024x737.png\" \/>\n<meta name=\"twitter:card\" content=\"summary_large_image\" \/>\n<meta name=\"twitter:label1\" content=\"Dur\u00e9e de lecture estim\u00e9e\" \/>\n\t<meta name=\"twitter:data1\" content=\"3 minutes\" \/>\n<script type=\"application\/ld+json\" class=\"yoast-schema-graph\">{\"@context\":\"https:\/\/schema.org\",\"@graph\":[{\"@type\":\"WebSite\",\"@id\":\"https:\/\/www.initiative-sauberes-trinkwasser.ch\/#website\",\"url\":\"https:\/\/www.initiative-sauberes-trinkwasser.ch\/\",\"name\":\"Trinkwasserinitiative\",\"description\":\"\",\"potentialAction\":[{\"@type\":\"SearchAction\",\"target\":{\"@type\":\"EntryPoint\",\"urlTemplate\":\"https:\/\/www.initiative-sauberes-trinkwasser.ch\/?s={search_term_string}\"},\"query-input\":\"required name=search_term_string\"}],\"inLanguage\":\"fr-FR\"},{\"@type\":\"WebPage\",\"@id\":\"https:\/\/www.initiative-sauberes-trinkwasser.ch\/fr\/commande-du-materiel\/\",\"url\":\"https:\/\/www.initiative-sauberes-trinkwasser.ch\/fr\/commande-du-materiel\/\",\"name\":\"Commander du mat\u00e9riel - Initiative pour une eau potable propre\",\"isPartOf\":{\"@id\":\"https:\/\/www.initiative-sauberes-trinkwasser.ch\/#website\"},\"datePublished\":\"2019-06-28T06:41:30+00:00\",\"dateModified\":\"2021-06-10T12:48:48+00:00\",\"breadcrumb\":{\"@id\":\"https:\/\/www.initiative-sauberes-trinkwasser.ch\/fr\/commande-du-materiel\/#breadcrumb\"},\"inLanguage\":\"fr-FR\",\"potentialAction\":[{\"@type\":\"ReadAction\",\"target\":[\"https:\/\/www.initiative-sauberes-trinkwasser.ch\/fr\/commande-du-materiel\/\"]}]},{\"@type\":\"BreadcrumbList\",\"@id\":\"https:\/\/www.initiative-sauberes-trinkwasser.ch\/fr\/commande-du-materiel\/#breadcrumb\",\"itemListElement\":[{\"@type\":\"ListItem\",\"position\":1,\"name\":\"Home\",\"item\":\"https:\/\/www.initiative-sauberes-trinkwasser.ch\/fr\/\"},{\"@type\":\"ListItem\",\"position\":2,\"name\":\"Commander du mat\u00e9riel\"}]}]}<\/script>\n<!-- \/ Yoast SEO plugin. -->","yoast_head_json":{"title":"Commander du mat\u00e9riel - Initiative pour une eau potable propre","robots":{"index":"index","follow":"follow","max-snippet":"max-snippet:-1","max-image-preview":"max-image-preview:large","max-video-preview":"max-video-preview:-1"},"canonical":"https:\/\/www.initiative-sauberes-trinkwasser.ch\/fr\/commande-du-materiel\/","og_locale":"fr_FR","og_type":"article","og_title":"Commander du mat\u00e9riel - Initiative pour une eau potable propre","og_description":"Ch\u00e8re sympathisante, cher sympathisant, Merci beaucoup pour votre soutien. L&rsquo;envoi de mat\u00e9riel de campagne est termin\u00e9. Images &amp; photos Vous pouvez utiliser ces images pour soutenir la campagne de votation : En cliquant sur ce lien, vous pouvez t\u00e9l\u00e9charger tous les graphiques en haute r\u00e9solution :","og_url":"https:\/\/www.initiative-sauberes-trinkwasser.ch\/fr\/commande-du-materiel\/","og_site_name":"Trinkwasserinitiative","article_modified_time":"2021-06-10T12:48:48+00:00","og_image":[{"url":"https:\/\/www.initiative-sauberes-trinkwasser.ch\/wp-content\/uploads\/2021\/05\/TWI_Fahne_FR_Ausverkauft-1024x737.png"}],"twitter_card":"summary_large_image","twitter_misc":{"Dur\u00e9e de lecture estim\u00e9e":"3 minutes"},"schema":{"@context":"https:\/\/schema.org","@graph":[{"@type":"WebSite","@id":"https:\/\/www.initiative-sauberes-trinkwasser.ch\/#website","url":"https:\/\/www.initiative-sauberes-trinkwasser.ch\/","name":"Trinkwasserinitiative","description":"","potentialAction":[{"@type":"SearchAction","target":{"@type":"EntryPoint","urlTemplate":"https:\/\/www.initiative-sauberes-trinkwasser.ch\/?s={search_term_string}"},"query-input":"required name=search_term_string"}],"inLanguage":"fr-FR"},{"@type":"WebPage","@id":"https:\/\/www.initiative-sauberes-trinkwasser.ch\/fr\/commande-du-materiel\/","url":"https:\/\/www.initiative-sauberes-trinkwasser.ch\/fr\/commande-du-materiel\/","name":"Commander du mat\u00e9riel - Initiative pour une eau potable propre","isPartOf":{"@id":"https:\/\/www.initiative-sauberes-trinkwasser.ch\/#website"},"datePublished":"2019-06-28T06:41:30+00:00","dateModified":"2021-06-10T12:48:48+00:00","breadcrumb":{"@id":"https:\/\/www.initiative-sauberes-trinkwasser.ch\/fr\/commande-du-materiel\/#breadcrumb"},"inLanguage":"fr-FR","potentialAction":[{"@type":"ReadAction","target":["https:\/\/www.initiative-sauberes-trinkwasser.ch\/fr\/commande-du-materiel\/"]}]},{"@type":"BreadcrumbList","@id":"https:\/\/www.initiative-sauberes-trinkwasser.ch\/fr\/commande-du-materiel\/#breadcrumb","itemListElement":[{"@type":"ListItem","position":1,"name":"Home","item":"https:\/\/www.initiative-sauberes-trinkwasser.ch\/fr\/"},{"@type":"ListItem","position":2,"name":"Commander du mat\u00e9riel"}]}]}},"_links":{"self":[{"href":"https:\/\/www.initiative-sauberes-trinkwasser.ch\/fr\/wp-json\/wp\/v2\/pages\/20041"}],"collection":[{"href":"https:\/\/www.initiative-sauberes-trinkwasser.ch\/fr\/wp-json\/wp\/v2\/pages"}],"about":[{"href":"https:\/\/www.initiative-sauberes-trinkwasser.ch\/fr\/wp-json\/wp\/v2\/types\/page"}],"author":[{"embeddable":true,"href":"https:\/\/www.initiative-sauberes-trinkwasser.ch\/fr\/wp-json\/wp\/v2\/users\/5"}],"replies":[{"embeddable":true,"href":"https:\/\/www.initiative-sauberes-trinkwasser.ch\/fr\/wp-json\/wp\/v2\/comments?post=20041"}],"version-history":[{"count":21,"href":"https:\/\/www.initiative-sauberes-trinkwasser.ch\/fr\/wp-json\/wp\/v2\/pages\/20041\/revisions"}],"predecessor-version":[{"id":38407,"href":"https:\/\/www.initiative-sauberes-trinkwasser.ch\/fr\/wp-json\/wp\/v2\/pages\/20041\/revisions\/38407"}],"wp:attachment":[{"href":"https:\/\/www.initiative-sauberes-trinkwasser.ch\/fr\/wp-json\/wp\/v2\/media?parent=20041"}],"curies":[{"name":"wp","href":"https:\/\/api.w.org\/{rel}","templated":true}]}}