{"id":20042,"date":"2019-10-12T08:37:08","date_gmt":"2019-10-12T06:37:08","guid":{"rendered":"https:\/\/www.initiative-sauberes-trinkwasser.ch\/recherche-et-soutien-financier\/"},"modified":"2025-12-09T23:21:13","modified_gmt":"2025-12-09T22:21:13","slug":"recherche-et-soutien-financier","status":"publish","type":"page","link":"https:\/\/www.initiative-sauberes-trinkwasser.ch\/fr\/recherche-et-soutien-financier\/","title":{"rendered":"Recherche et soutien financier"},"content":{"rendered":"<h3 style=\"clear: both;\">L\u2019initiative<strong> exige que le gouvernement f\u00e9d\u00e9ral n&rsquo;apporte un soutien financier \u00e0 la recherche, au conseil et \u00e0 la formation en agriculture et n&rsquo;accorde des aides \u00e0 l&rsquo;investissement que si elles r\u00e9pondent aux nouvelles exigences. Cela cr\u00e9era les conditions d&rsquo;une production alimentaire durable, respectueuse de l&rsquo;environnement et de l&rsquo;eau potable.<\/strong><\/h3>\n<p>Une grande partie des deniers de l\u2019\u00c9tat vont aujourd\u2019hui \u00e0 la recherche afin d\u2019\u00e9tudier les dommages caus\u00e9s par les substances toxiques et l&rsquo;utilisation excessive d&rsquo;engrais dans l&rsquo;agriculture. Lorsque des probl\u00e8mes importants \u00e9mergent, ils sont examin\u00e9s et trait\u00e9s de mani\u00e8re \u00e0 limiter les d\u00e9g\u00e2ts.<\/p>\n<p>L&rsquo;\u00c9tat ne met aujourd&rsquo;hui en revanche que tr\u00e8s peu de moyens \u00e0 disposition de la vulgarisation et de la recherche encourageant une agriculture rurale ne d\u00e9pendant pas de substances toxiques. L\u2019initiative offre ainsi \u00e0 l&rsquo;agriculture suisse une grande chance puisque la demande de produits alimentaires biologiques, sans antibiotiques et pesticides, augmente de mani\u00e8re exponentielle.<\/p>\n<p>Le rendement plus faible lors de la conversion \u00e0 une production sans pesticides est principalement d\u00fb au fait que les m\u00e9thodes de production \u00e9cologique n&rsquo;ont pas encore fait l&rsquo;objet de recherches suffisantes. Si l&rsquo;initiative est accept\u00e9e, la Conf\u00e9d\u00e9ration sera oblig\u00e9e d&rsquo;orienter la recherche, la vulgarisation et la formation agricoles ainsi que les aides aux investissements sp\u00e9cifiquement vers une production alimentaire qui se passe de plus en plus de pesticides ainsi que de l&rsquo;utilisation pr\u00e9ventive d&rsquo;antibiotiques et qui produit efficacement et durablement \u00e0 partir de ses propres ressources.<\/p>\n<p>L&rsquo;agriculture sans pesticides ne doit donc pas en soi entra\u00eener une baisse des rendements. Gr\u00e2ce \u00e0 un investissement accru dans la recherche, de nouvelles m\u00e9thodes et mesures peuvent \u00eatre d\u00e9velopp\u00e9es pour une agriculture plus \u00e9cologique et les rendements peuvent \u00eatre continuellement augment\u00e9s.<\/p>\n<p><a href=\"https:\/\/www.initiative-sauberes-trinkwasser.ch\/fr\/questions-frequemment-posees\/\">Arguments<\/a><\/p>\n<p><strong>Plus d&rsquo;informations:<\/strong><br \/><a href=\"https:\/\/www.srf.ch\/play\/tv\/rundschau\/video\/verstaubte-ausbildung-junge-bauern-lernen-wenig-ueber-nachhaltigkeit?id=7a5ce8b5-4c0a-4ab5-b7e0-5d5e238da4d4\" target=\"_blank\" rel=\"noopener noreferrer\">La formation agricole a des lacunes concernant l&rsquo;environnement (en allemand)<\/a><br \/><a href=\"https:\/\/web.archive.org\/web\/20241102140330\/https:\/\/www.agroscope.admin.ch\/agroscope\/fr\/home\/actualite\/newsroom\/2019\/10-17_artenvielfalt-und-ertrag.html\" target=\"_blank\" rel=\"noopener noreferrer\">Plus la biodiversit\u00e9 est \u00e9lev\u00e9e, plus les rendements sont \u00e9lev\u00e9s<\/a><\/p>\n\n\n<div style=\"height:20px\" aria-hidden=\"true\" class=\"wp-block-spacer\"><\/div>\n","protected":false},"excerpt":{"rendered":"<p>L\u2019initiative exige que le gouvernement f\u00e9d\u00e9ral n&rsquo;apporte un soutien financier \u00e0 la recherche, au conseil et \u00e0 la formation en agriculture et n&rsquo;accorde des aides \u00e0 l&rsquo;investissement que si elles r\u00e9pondent aux nouvelles exigences. Cela cr\u00e9era les conditions d&rsquo;une production alimentaire durable, respectueuse de l&rsquo;environnement et de l&rsquo;eau potable. Une grande partie des deniers de [&hellip;]<\/p>\n","protected":false},"author":5,"featured_media":0,"parent":0,"menu_order":0,"comment_status":"closed","ping_status":"open","template":"","meta":{"inline_featured_image":false},"acf":[],"featured_image_urls":{"full":"","thumbnail":"","medium":"","medium_large":"","large":"","1536x1536":"","2048x2048":"","post-thumbnail":"","twentytwenty-fullscreen":""},"post_excerpt_stackable":"<p>L\u2019initiative exige que le gouvernement f\u00e9d\u00e9ral n&rsquo;apporte un soutien financier \u00e0 la recherche, au conseil et \u00e0 la formation en agriculture et n&rsquo;accorde des aides \u00e0 l&rsquo;investissement que si elles r\u00e9pondent aux nouvelles exigences. Cela cr\u00e9era les conditions d&rsquo;une production alimentaire durable, respectueuse de l&rsquo;environnement et de l&rsquo;eau potable. Une grande partie des deniers de l\u2019\u00c9tat vont aujourd\u2019hui \u00e0 la recherche afin d\u2019\u00e9tudier les dommages caus\u00e9s par les substances toxiques et l&rsquo;utilisation excessive d&rsquo;engrais dans l&rsquo;agriculture. Lorsque des probl\u00e8mes importants \u00e9mergent, ils sont examin\u00e9s et trait\u00e9s de mani\u00e8re \u00e0 limiter les d\u00e9g\u00e2ts. L&rsquo;\u00c9tat ne met aujourd&rsquo;hui en revanche que tr\u00e8s\u2026<\/p>\n","category_list":"","author_info":{"name":"Walter Kummer","url":"https:\/\/www.initiative-sauberes-trinkwasser.ch\/fr\/author\/walter-kummer\/"},"comments_num":"0 commentaire","featured_image_urls_v2":{"full":"","thumbnail":"","medium":"","medium_large":"","large":"","1536x1536":"","2048x2048":"","post-thumbnail":"","twentytwenty-fullscreen":""},"post_excerpt_stackable_v2":"<p>L\u2019initiative exige que le gouvernement f\u00e9d\u00e9ral n&rsquo;apporte un soutien financier \u00e0 la recherche, au conseil et \u00e0 la formation en agriculture et n&rsquo;accorde des aides \u00e0 l&rsquo;investissement que si elles r\u00e9pondent aux nouvelles exigences. Cela cr\u00e9era les conditions d&rsquo;une production alimentaire durable, respectueuse de l&rsquo;environnement et de l&rsquo;eau potable. Une grande partie des deniers de l\u2019\u00c9tat vont aujourd\u2019hui \u00e0 la recherche afin d\u2019\u00e9tudier les dommages caus\u00e9s par les substances toxiques et l&rsquo;utilisation excessive d&rsquo;engrais dans l&rsquo;agriculture. Lorsque des probl\u00e8mes importants \u00e9mergent, ils sont examin\u00e9s et trait\u00e9s de mani\u00e8re \u00e0 limiter les d\u00e9g\u00e2ts. L&rsquo;\u00c9tat ne met aujourd&rsquo;hui en revanche que tr\u00e8s\u2026<\/p>\n","category_list_v2":"","author_info_v2":{"name":"Walter Kummer","url":"https:\/\/www.initiative-sauberes-trinkwasser.ch\/fr\/author\/walter-kummer\/"},"comments_num_v2":"0 commentaire","yoast_head":"<!-- This site is optimized with the Yoast SEO plugin v19.4 - https:\/\/yoast.com\/wordpress\/plugins\/seo\/ -->\n<title>Recherche et soutien financier - Trinkwasserinitiative<\/title>\n<meta name=\"robots\" content=\"index, follow, max-snippet:-1, max-image-preview:large, max-video-preview:-1\" \/>\n<link rel=\"canonical\" href=\"https:\/\/www.initiative-sauberes-trinkwasser.ch\/fr\/recherche-et-soutien-financier\/\" \/>\n<meta property=\"og:locale\" content=\"fr_FR\" \/>\n<meta property=\"og:type\" content=\"article\" \/>\n<meta property=\"og:title\" content=\"Recherche et soutien financier - Trinkwasserinitiative\" \/>\n<meta property=\"og:description\" content=\"L\u2019initiative exige que le gouvernement f\u00e9d\u00e9ral n&rsquo;apporte un soutien financier \u00e0 la recherche, au conseil et \u00e0 la formation en agriculture et n&rsquo;accorde des aides \u00e0 l&rsquo;investissement que si elles r\u00e9pondent aux nouvelles exigences. Cela cr\u00e9era les conditions d&rsquo;une production alimentaire durable, respectueuse de l&rsquo;environnement et de l&rsquo;eau potable. Une grande partie des deniers de [&hellip;]\" \/>\n<meta property=\"og:url\" content=\"https:\/\/www.initiative-sauberes-trinkwasser.ch\/fr\/recherche-et-soutien-financier\/\" \/>\n<meta property=\"og:site_name\" content=\"Trinkwasserinitiative\" \/>\n<meta property=\"article:modified_time\" content=\"2025-12-09T22:21:13+00:00\" \/>\n<meta property=\"og:image\" content=\"https:\/\/www.initiative-sauberes-trinkwasser.ch\/wp-content\/uploads\/2020\/12\/TWI_Spenden_unterstu\u0308tzen_FB-1.png\" \/>\n\t<meta property=\"og:image:width\" content=\"3917\" \/>\n\t<meta property=\"og:image:height\" content=\"3283\" \/>\n\t<meta property=\"og:image:type\" content=\"image\/png\" \/>\n<meta name=\"twitter:card\" content=\"summary_large_image\" \/>\n<meta name=\"twitter:label1\" content=\"Dur\u00e9e de lecture estim\u00e9e\" \/>\n\t<meta name=\"twitter:data1\" content=\"2 minutes\" \/>\n<script type=\"application\/ld+json\" class=\"yoast-schema-graph\">{\"@context\":\"https:\/\/schema.org\",\"@graph\":[{\"@type\":\"WebSite\",\"@id\":\"https:\/\/www.initiative-sauberes-trinkwasser.ch\/#website\",\"url\":\"https:\/\/www.initiative-sauberes-trinkwasser.ch\/\",\"name\":\"Trinkwasserinitiative\",\"description\":\"\",\"potentialAction\":[{\"@type\":\"SearchAction\",\"target\":{\"@type\":\"EntryPoint\",\"urlTemplate\":\"https:\/\/www.initiative-sauberes-trinkwasser.ch\/?s={search_term_string}\"},\"query-input\":\"required name=search_term_string\"}],\"inLanguage\":\"fr-FR\"},{\"@type\":\"WebPage\",\"@id\":\"https:\/\/www.initiative-sauberes-trinkwasser.ch\/fr\/recherche-et-soutien-financier\/\",\"url\":\"https:\/\/www.initiative-sauberes-trinkwasser.ch\/fr\/recherche-et-soutien-financier\/\",\"name\":\"Recherche et soutien financier - Trinkwasserinitiative\",\"isPartOf\":{\"@id\":\"https:\/\/www.initiative-sauberes-trinkwasser.ch\/#website\"},\"datePublished\":\"2019-10-12T06:37:08+00:00\",\"dateModified\":\"2025-12-09T22:21:13+00:00\",\"breadcrumb\":{\"@id\":\"https:\/\/www.initiative-sauberes-trinkwasser.ch\/fr\/recherche-et-soutien-financier\/#breadcrumb\"},\"inLanguage\":\"fr-FR\",\"potentialAction\":[{\"@type\":\"ReadAction\",\"target\":[\"https:\/\/www.initiative-sauberes-trinkwasser.ch\/fr\/recherche-et-soutien-financier\/\"]}]},{\"@type\":\"BreadcrumbList\",\"@id\":\"https:\/\/www.initiative-sauberes-trinkwasser.ch\/fr\/recherche-et-soutien-financier\/#breadcrumb\",\"itemListElement\":[{\"@type\":\"ListItem\",\"position\":1,\"name\":\"Home\",\"item\":\"https:\/\/www.initiative-sauberes-trinkwasser.ch\/fr\/\"},{\"@type\":\"ListItem\",\"position\":2,\"name\":\"Recherche et soutien financier\"}]}]}<\/script>\n<!-- \/ Yoast SEO plugin. -->","yoast_head_json":{"title":"Recherche et soutien financier - Trinkwasserinitiative","robots":{"index":"index","follow":"follow","max-snippet":"max-snippet:-1","max-image-preview":"max-image-preview:large","max-video-preview":"max-video-preview:-1"},"canonical":"https:\/\/www.initiative-sauberes-trinkwasser.ch\/fr\/recherche-et-soutien-financier\/","og_locale":"fr_FR","og_type":"article","og_title":"Recherche et soutien financier - Trinkwasserinitiative","og_description":"L\u2019initiative exige que le gouvernement f\u00e9d\u00e9ral n&rsquo;apporte un soutien financier \u00e0 la recherche, au conseil et \u00e0 la formation en agriculture et n&rsquo;accorde des aides \u00e0 l&rsquo;investissement que si elles r\u00e9pondent aux nouvelles exigences. Cela cr\u00e9era les conditions d&rsquo;une production alimentaire durable, respectueuse de l&rsquo;environnement et de l&rsquo;eau potable. Une grande partie des deniers de [&hellip;]","og_url":"https:\/\/www.initiative-sauberes-trinkwasser.ch\/fr\/recherche-et-soutien-financier\/","og_site_name":"Trinkwasserinitiative","article_modified_time":"2025-12-09T22:21:13+00:00","og_image":[{"width":3917,"height":3283,"url":"https:\/\/www.initiative-sauberes-trinkwasser.ch\/wp-content\/uploads\/2020\/12\/TWI_Spenden_unterstu\u0308tzen_FB-1.png","type":"image\/png"}],"twitter_card":"summary_large_image","twitter_misc":{"Dur\u00e9e de lecture estim\u00e9e":"2 minutes"},"schema":{"@context":"https:\/\/schema.org","@graph":[{"@type":"WebSite","@id":"https:\/\/www.initiative-sauberes-trinkwasser.ch\/#website","url":"https:\/\/www.initiative-sauberes-trinkwasser.ch\/","name":"Trinkwasserinitiative","description":"","potentialAction":[{"@type":"SearchAction","target":{"@type":"EntryPoint","urlTemplate":"https:\/\/www.initiative-sauberes-trinkwasser.ch\/?s={search_term_string}"},"query-input":"required name=search_term_string"}],"inLanguage":"fr-FR"},{"@type":"WebPage","@id":"https:\/\/www.initiative-sauberes-trinkwasser.ch\/fr\/recherche-et-soutien-financier\/","url":"https:\/\/www.initiative-sauberes-trinkwasser.ch\/fr\/recherche-et-soutien-financier\/","name":"Recherche et soutien financier - Trinkwasserinitiative","isPartOf":{"@id":"https:\/\/www.initiative-sauberes-trinkwasser.ch\/#website"},"datePublished":"2019-10-12T06:37:08+00:00","dateModified":"2025-12-09T22:21:13+00:00","breadcrumb":{"@id":"https:\/\/www.initiative-sauberes-trinkwasser.ch\/fr\/recherche-et-soutien-financier\/#breadcrumb"},"inLanguage":"fr-FR","potentialAction":[{"@type":"ReadAction","target":["https:\/\/www.initiative-sauberes-trinkwasser.ch\/fr\/recherche-et-soutien-financier\/"]}]},{"@type":"BreadcrumbList","@id":"https:\/\/www.initiative-sauberes-trinkwasser.ch\/fr\/recherche-et-soutien-financier\/#breadcrumb","itemListElement":[{"@type":"ListItem","position":1,"name":"Home","item":"https:\/\/www.initiative-sauberes-trinkwasser.ch\/fr\/"},{"@type":"ListItem","position":2,"name":"Recherche et soutien financier"}]}]}},"_links":{"self":[{"href":"https:\/\/www.initiative-sauberes-trinkwasser.ch\/fr\/wp-json\/wp\/v2\/pages\/20042"}],"collection":[{"href":"https:\/\/www.initiative-sauberes-trinkwasser.ch\/fr\/wp-json\/wp\/v2\/pages"}],"about":[{"href":"https:\/\/www.initiative-sauberes-trinkwasser.ch\/fr\/wp-json\/wp\/v2\/types\/page"}],"author":[{"embeddable":true,"href":"https:\/\/www.initiative-sauberes-trinkwasser.ch\/fr\/wp-json\/wp\/v2\/users\/5"}],"replies":[{"embeddable":true,"href":"https:\/\/www.initiative-sauberes-trinkwasser.ch\/fr\/wp-json\/wp\/v2\/comments?post=20042"}],"version-history":[{"count":3,"href":"https:\/\/www.initiative-sauberes-trinkwasser.ch\/fr\/wp-json\/wp\/v2\/pages\/20042\/revisions"}],"predecessor-version":[{"id":45687,"href":"https:\/\/www.initiative-sauberes-trinkwasser.ch\/fr\/wp-json\/wp\/v2\/pages\/20042\/revisions\/45687"}],"wp:attachment":[{"href":"https:\/\/www.initiative-sauberes-trinkwasser.ch\/fr\/wp-json\/wp\/v2\/media?parent=20042"}],"curies":[{"name":"wp","href":"https:\/\/api.w.org\/{rel}","templated":true}]}}