{"id":21243,"date":"2020-11-18T15:17:02","date_gmt":"2020-11-18T14:17:02","guid":{"rendered":"https:\/\/wasser.delinat.com\/?page_id=21243"},"modified":"2025-12-22T16:51:24","modified_gmt":"2025-12-22T15:51:24","slug":"initiative-pour-une-eau-potable-propre","status":"publish","type":"page","link":"https:\/\/www.initiative-sauberes-trinkwasser.ch\/fr\/","title":{"rendered":""},"content":{"rendered":"\n<h1 class=\"has-primary-color has-text-color\">Les pesticides, les r\u00e9sistances aux antibiotiques et le lisier mettent l&rsquo;eau potable et notre sant\u00e9 en danger<\/h1>\n\n\n\n<p style=\"font-size:16px\">L&rsquo;initiative pour une eau potable propre exige qu&rsquo;\u00e0 l&rsquo;avenir, nos milliards d&rsquo;imp\u00f4ts soient investis dans une production alimentaire sans pesticides, qui n&rsquo;utilise pas d&rsquo;antibiotiques \u00e0 titre pr\u00e9ventif et qui \u00e9l\u00e8ve le b\u00e9tail qu&rsquo;elle peut nourrir avec du fourrage local. En plus des milliards de subventions, les agricultrices et agriculteurs devront \u00eatre soutenus par la recherche, la formation et les aides \u00e0 l\u2019investissement.<\/p>\n\n\n\n<div class=\"wp-block-columns\">\n<div class=\"wp-block-column\">\n<div class=\"button ctButton\"><a href=\"https:\/\/www.initiative-sauberes-trinkwasser.ch\/fr\/arguments\/\" class=\"paypal\" rel=\"noopener noreferrer\" target=\"_self\">Arguments<\/a><\/div>\n<\/div>\n\n\n\n<div class=\"wp-block-column\">\n<div class=\"button ctButton\"><a href=\"https:\/\/www.initiative-sauberes-trinkwasser.ch\/fr\/questions-frequentes\/\" class=\"paypal\" rel=\"noopener noreferrer\" target=\"_self\">Questions fr\u00e9quentes<\/a><\/div>\n<\/div>\n\n\n\n<div class=\"wp-block-column\">\n<div class=\"button ctButton\"><a href=\"https:\/\/www.initiative-sauberes-trinkwasser.ch\/fr\/faire-un-don\/\" class=\"paypal\" rel=\"noopener noreferrer\" target=\"_self\">Faire un don<\/a><\/div>\n<\/div>\n<\/div>\n\n\n\n<div class=\"alignwide wp-block-ugb-video-popup ugb-video-popup ugb-e3efd66 ugb-video-popup--v3 ugb-main-block\" id=\"erklaervideo\"><style>.ugb-e3efd66 .ugb-video-popup__wrapper{max-width:800px;height:360px !important;border-radius:0px;background-color:#dbdbdb;background-image:url(https:\/\/www.initiative-sauberes-trinkwasser.ch\/wp-content\/uploads\/2020\/12\/Bildschirmfoto-2020-12-15-um-16.03.55.png);background-position:center center}.ugb-e3efd66 .ugb-video-popup__wrapper:before{background-color:#dbdbdb;opacity:0.5}.ugb-e3efd66 .ugb-video-popup__wrapper:hover:before{opacity:0.2}@media screen and (max-width:768px){.ugb-e3efd66 .ugb-video-popup__wrapper{max-width:300px;height:300px !important}}<\/style><div class=\"ugb-inner-block\"><div class=\"ugb-block-content\"><div class=\"ugb-video-popup__wrapper ugb--shadow-0 ugb--has-background-overlay\" data-video=\"0la4DKBEmW4\"><button class=\"ugb-video-popup__overlay\" aria-label=\"Play\"><span class=\"ugb-video-popup__play-button\"><svg viewbox=\"0 0 34 34\" xmlns=\"http:\/\/www.w3.org\/2000\/svg\" class=\"ugb-play-button-outline\" width=\"50\" height=\"50\"><path d=\"M17 34C7.6 34 0 26.4 0 17S7.6 0 17 0s17 7.6 17 17-7.6 17-17 17zm0-32C8.7 2 2 8.7 2 17s6.7 15 15 15 15-6.7 15-15S25.3 2 17 2z\"><\/path><path d=\"M12 25.7V8.3L27 17l-15 8.7zm2-14v10.5l9-5.3-9-5.2z\"><\/path><\/svg><\/span><\/button><\/div><\/div><\/div><\/div>\n\n\n\n<h2>Nos soutiens :<\/h2>\n\n\n\n<div class=\"wp-block-columns unterstuetzer\">\n<div class=\"wp-block-column\">\n<div class=\"wp-block-image is-style-rounded\"><figure class=\"aligncenter size-large is-resized\"><a href=\"https:\/\/www.initiative-sauberes-trinkwasser.ch\/fr\/4aqua-experts\/\"><img loading=\"lazy\" src=\"https:\/\/www.initiative-sauberes-trinkwasser.ch\/wp-content\/uploads\/2021\/05\/TWI_Roman_Wiget_250px.jpg\" alt=\"\" class=\"wp-image-21717\" width=\"250\" height=\"250\"><\/a><figcaption><br>Roman Wiget, ing\u00e9nieur EPFL et distributeur d&rsquo;eau<br><a href=\"https:\/\/web.archive.org\/web\/20240804074454\/https:\/\/fr.4aqua.ch\/fachleute\" target=\"_blank\" rel=\"noreferrer noopener\">Comit\u00e9 scientifique 4Aqua<\/a><\/figcaption><\/figure><\/div>\n\n\n\n<p><\/p>\n<\/div>\n\n\n\n<div class=\"wp-block-column\">\n<div class=\"wp-block-image is-style-rounded\"><figure class=\"aligncenter size-large is-resized\"><a href=\"https:\/\/www.initiative-sauberes-trinkwasser.ch\/fr\/thomas-stocker\/\"><img loading=\"lazy\" src=\"https:\/\/www.initiative-sauberes-trinkwasser.ch\/wp-content\/uploads\/2021\/03\/Thomas_Stocker_250px.jpg\" alt=\"\" class=\"wp-image-21122\" width=\"250\" height=\"250\"><\/a><figcaption>Climatologue<br><a href=\"https:\/\/www.initiative-sauberes-trinkwasser.ch\/fr\/thomas-stocker\/\">Prof. Thomas Stocker<\/a><\/figcaption><\/figure><\/div>\n\n\n\n<p><\/p>\n<\/div>\n\n\n\n<div class=\"wp-block-column\">\n<div class=\"wp-block-image is-style-rounded\"><figure class=\"aligncenter size-large is-resized\"><a href=\"\/fr\/markus-bucher\/\"><img loading=\"lazy\" src=\"https:\/\/www.initiative-sauberes-trinkwasser.ch\/wp-content\/uploads\/2020\/11\/Markus_Bucher-250x250-1.png\" alt=\"\" class=\"wp-image-21125\" width=\"250\" height=\"250\" srcset=\"https:\/\/www.initiative-sauberes-trinkwasser.ch\/wp-content\/uploads\/2020\/11\/Markus_Bucher-250x250-1.png 250w, https:\/\/www.initiative-sauberes-trinkwasser.ch\/wp-content\/uploads\/2020\/11\/Markus_Bucher-250x250-1-150x150.png 150w\" sizes=\"(max-width: 250px) 100vw, 250px\" \/><\/a><figcaption>Agriculteur bio\n<br><a href=\"\/fr\/markus-bucher\/\">Markus Bucher<\/a><\/figcaption><\/figure><\/div>\n<\/div>\n\n\n\n<div class=\"wp-block-column\">\n<div class=\"wp-block-image is-style-rounded\"><figure class=\"aligncenter size-large is-resized\"><a href=\"\/fr\/karl-schefer-2\/\"><img loading=\"lazy\" src=\"https:\/\/www.initiative-sauberes-trinkwasser.ch\/wp-content\/uploads\/2020\/11\/00639_karl_schefer-250x250-1.jpg\" alt=\"\" class=\"wp-image-21129\" width=\"250\" height=\"250\" srcset=\"https:\/\/www.initiative-sauberes-trinkwasser.ch\/wp-content\/uploads\/2020\/11\/00639_karl_schefer-250x250-1.jpg 250w, https:\/\/www.initiative-sauberes-trinkwasser.ch\/wp-content\/uploads\/2020\/11\/00639_karl_schefer-250x250-1-150x150.jpg 150w\" sizes=\"(max-width: 250px) 100vw, 250px\" \/><\/a><figcaption>Fondateur de Delinat<br><a href=\"\/fr\/karl-schefer-2\/\">Karl Schefer<\/a><\/figcaption><\/figure><\/div>\n\n\n\n<p><\/p>\n<\/div>\n<\/div>\n\n\n\n<div class=\"wp-block-columns\">\n<div class=\"wp-block-column\">\n<div class=\"wp-block-image is-style-rounded\"><figure class=\"aligncenter size-large\"><img loading=\"lazy\" width=\"800\" height=\"800\" src=\"https:\/\/www.initiative-sauberes-trinkwasser.ch\/wp-content\/uploads\/2021\/04\/800px-Ade\u0300le_Thorens_Goumaz_2019-1.jpeg\" alt=\"\" class=\"wp-image-34959\" srcset=\"https:\/\/www.initiative-sauberes-trinkwasser.ch\/wp-content\/uploads\/2021\/04\/800px-Ade\u0300le_Thorens_Goumaz_2019-1.jpeg 800w, https:\/\/www.initiative-sauberes-trinkwasser.ch\/wp-content\/uploads\/2021\/04\/800px-Ade\u0300le_Thorens_Goumaz_2019-1-300x300.jpeg 300w, https:\/\/www.initiative-sauberes-trinkwasser.ch\/wp-content\/uploads\/2021\/04\/800px-Ade\u0300le_Thorens_Goumaz_2019-1-150x150.jpeg 150w, https:\/\/www.initiative-sauberes-trinkwasser.ch\/wp-content\/uploads\/2021\/04\/800px-Ade\u0300le_Thorens_Goumaz_2019-1-768x768.jpeg 768w\" sizes=\"(max-width: 800px) 100vw, 800px\" \/><figcaption><sup>Ad\u00e8le Thorens, Conseill\u00e8re nationale Les Verts<\/sup><br><a href=\"https:\/\/www.initiative-sauberes-trinkwasser.ch\/fr\/comite-eau-potable-propre\/\">Comit\u00e9 romand<\/a><\/figcaption><\/figure><\/div>\n<\/div>\n\n\n\n<div class=\"wp-block-column\">\n<div class=\"wp-block-image is-style-rounded\"><figure class=\"aligncenter size-large\"><img loading=\"lazy\" width=\"250\" height=\"250\" src=\"https:\/\/www.initiative-sauberes-trinkwasser.ch\/wp-content\/uploads\/2020\/11\/Rolf_Frischknecht-250x250-1.png\" alt=\"\" class=\"wp-image-21162\" srcset=\"https:\/\/www.initiative-sauberes-trinkwasser.ch\/wp-content\/uploads\/2020\/11\/Rolf_Frischknecht-250x250-1.png 250w, https:\/\/www.initiative-sauberes-trinkwasser.ch\/wp-content\/uploads\/2020\/11\/Rolf_Frischknecht-250x250-1-150x150.png 150w\" sizes=\"(max-width: 250px) 100vw, 250px\" \/><figcaption><sup>V\u00e9t\u00e9rinaire<\/sup><br><a href=\"https:\/\/www.initiative-sauberes-trinkwasser.ch\/fr\/rolf-frischknecht\/\">Rolf Frischknecht<\/a><\/figcaption><\/figure><\/div>\n<\/div>\n\n\n\n<div class=\"wp-block-column\">\n<div class=\"wp-block-image is-style-rounded\"><figure class=\"aligncenter size-large\"><img loading=\"lazy\" width=\"250\" height=\"250\" src=\"https:\/\/www.initiative-sauberes-trinkwasser.ch\/wp-content\/uploads\/2021\/05\/Roland_Lenz_250px.jpg\" alt=\"\" class=\"wp-image-35697\" srcset=\"https:\/\/www.initiative-sauberes-trinkwasser.ch\/wp-content\/uploads\/2021\/05\/Roland_Lenz_250px.jpg 250w, https:\/\/www.initiative-sauberes-trinkwasser.ch\/wp-content\/uploads\/2021\/05\/Roland_Lenz_250px-150x150.jpg 150w\" sizes=\"(max-width: 250px) 100vw, 250px\" \/><figcaption><sup>Roland Lenz, vigneron bio<\/sup><br><a href=\"https:\/\/web.archive.org\/web\/20210614020233\/https:\/\/bauern-fuer-trinkwasser.ch\/?lang=fr\" target=\"_blank\" rel=\"noreferrer noopener\">Comit\u00e9 paysan<\/a><\/figcaption><\/figure><\/div>\n<\/div>\n\n\n\n<div class=\"wp-block-column\">\n<div class=\"wp-block-image is-style-rounded\"><figure class=\"aligncenter size-large\"><img loading=\"lazy\" width=\"250\" height=\"250\" src=\"https:\/\/www.initiative-sauberes-trinkwasser.ch\/wp-content\/uploads\/2020\/11\/Helena_Greter-250x250-1.png\" alt=\"\" class=\"wp-image-21156\" title=\"\" srcset=\"https:\/\/www.initiative-sauberes-trinkwasser.ch\/wp-content\/uploads\/2020\/11\/Helena_Greter-250x250-1.png 250w, https:\/\/www.initiative-sauberes-trinkwasser.ch\/wp-content\/uploads\/2020\/11\/Helena_Greter-250x250-1-150x150.png 150w\" sizes=\"(max-width: 250px) 100vw, 250px\" \/><figcaption><sup>Apicultrice et biologiste<\/sup><br><a href=\"https:\/\/web.archive.org\/web\/20220521153950\/https:\/\/www.initiative-sauberes-trinkwasser.ch\/fr\/helena-greter\/\">Helena Greter<\/a><\/figcaption><\/figure><\/div>\n\n\n\n<p><\/p>\n<\/div>\n<\/div>\n\n\n\n<div class=\"wp-block-columns\">\n<div class=\"wp-block-column\"><\/div>\n\n\n\n<div class=\"wp-block-column\">\n<div class=\"button ctButton\"><a href=\"https:\/\/www.initiative-sauberes-trinkwasser.ch\/fr\/soutien\/\" class=\"paypal\" rel=\"noopener noreferrer\" target=\"_self\">Tous les soutiens<\/a><\/div>\n<\/div>\n\n\n\n<div class=\"wp-block-column\"><\/div>\n<\/div>\n\n\n\n<div class=\"wp-block-columns\">\n<div class=\"wp-block-column\"><\/div>\n\n\n\n<div class=\"wp-block-column\">\n<div class=\"button ctButton\"><a href=\"https:\/\/www.initiative-sauberes-trinkwasser.ch\/fr\/supporters-2\/\" class=\"paypal\" rel=\"noopener noreferrer\" target=\"_self\">Vid\u00e9os &amp; statements<\/a><\/div>\n<\/div>\n\n\n\n<div class=\"wp-block-column\"><\/div>\n<\/div>\n","protected":false},"excerpt":{"rendered":"<p>Les pesticides, les r\u00e9sistances aux antibiotiques et le lisier mettent l&rsquo;eau potable et notre sant\u00e9 en danger L&rsquo;initiative pour une eau potable propre exige qu&rsquo;\u00e0 l&rsquo;avenir, nos milliards d&rsquo;imp\u00f4ts soient investis dans une production alimentaire sans pesticides, qui n&rsquo;utilise pas d&rsquo;antibiotiques \u00e0 titre pr\u00e9ventif et qui \u00e9l\u00e8ve le b\u00e9tail qu&rsquo;elle peut nourrir avec du fourrage [&hellip;]<\/p>\n","protected":false},"author":5,"featured_media":0,"parent":0,"menu_order":-1,"comment_status":"closed","ping_status":"closed","template":"templates\/template-full-width.php","meta":{"inline_featured_image":false},"acf":[],"featured_image_urls":{"full":"","thumbnail":"","medium":"","medium_large":"","large":"","1536x1536":"","2048x2048":"","post-thumbnail":"","twentytwenty-fullscreen":""},"post_excerpt_stackable":"<p>Les pesticides, les r\u00e9sistances aux antibiotiques et le lisier mettent l&rsquo;eau potable et notre sant\u00e9 en danger L&rsquo;initiative pour une eau potable propre exige qu&rsquo;\u00e0 l&rsquo;avenir, nos milliards d&rsquo;imp\u00f4ts soient investis dans une production alimentaire sans pesticides, qui n&rsquo;utilise pas d&rsquo;antibiotiques \u00e0 titre pr\u00e9ventif et qui \u00e9l\u00e8ve le b\u00e9tail qu&rsquo;elle peut nourrir avec du fourrage local. En plus des milliards de subventions, les agricultrices et agriculteurs devront \u00eatre soutenus par la recherche, la formation et les aides \u00e0 l\u2019investissement. Arguments Questions fr\u00e9quentes Faire un don Nos soutiens : Roman Wiget, ing\u00e9nieur EPFL et distributeur d&rsquo;eauComit\u00e9 scientifique 4Aqua ClimatologueProf. Thomas Stocker\u2026<\/p>\n","category_list":"","author_info":{"name":"Walter Kummer","url":"https:\/\/www.initiative-sauberes-trinkwasser.ch\/fr\/author\/walter-kummer\/"},"comments_num":"0 commentaire","featured_image_urls_v2":{"full":"","thumbnail":"","medium":"","medium_large":"","large":"","1536x1536":"","2048x2048":"","post-thumbnail":"","twentytwenty-fullscreen":""},"post_excerpt_stackable_v2":"<p>Les pesticides, les r\u00e9sistances aux antibiotiques et le lisier mettent l&rsquo;eau potable et notre sant\u00e9 en danger L&rsquo;initiative pour une eau potable propre exige qu&rsquo;\u00e0 l&rsquo;avenir, nos milliards d&rsquo;imp\u00f4ts soient investis dans une production alimentaire sans pesticides, qui n&rsquo;utilise pas d&rsquo;antibiotiques \u00e0 titre pr\u00e9ventif et qui \u00e9l\u00e8ve le b\u00e9tail qu&rsquo;elle peut nourrir avec du fourrage local. En plus des milliards de subventions, les agricultrices et agriculteurs devront \u00eatre soutenus par la recherche, la formation et les aides \u00e0 l\u2019investissement. Arguments Questions fr\u00e9quentes Faire un don Nos soutiens : Roman Wiget, ing\u00e9nieur EPFL et distributeur d&rsquo;eauComit\u00e9 scientifique 4Aqua ClimatologueProf. Thomas Stocker\u2026<\/p>\n","category_list_v2":"","author_info_v2":{"name":"Walter Kummer","url":"https:\/\/www.initiative-sauberes-trinkwasser.ch\/fr\/author\/walter-kummer\/"},"comments_num_v2":"0 commentaire","yoast_head":"<!-- This site is optimized with the Yoast SEO plugin v19.4 - https:\/\/yoast.com\/wordpress\/plugins\/seo\/ -->\n<title>OUI \u00e0 l&#039;initiative pour une eau potable propre<\/title>\n<meta name=\"description\" content=\"L\u2019initiative pour une eau potable propre exige qu\u2019\u00e0 l\u2019avenir, nos milliards d\u2019imp\u00f4ts soient investis dans une production alimentaire sans pesticides, qui n\u2019utilise pas d\u2019antibiotiques \u00e0 titre pr\u00e9ventif et qui \u00e9l\u00e8ve le b\u00e9tail qu\u2019elle peut nourrir avec du fourrage local.\" \/>\n<meta name=\"robots\" content=\"index, follow, max-snippet:-1, max-image-preview:large, max-video-preview:-1\" \/>\n<link rel=\"canonical\" href=\"https:\/\/www.initiative-sauberes-trinkwasser.ch\/fr\/\" \/>\n<meta property=\"og:locale\" content=\"fr_FR\" \/>\n<meta property=\"og:type\" content=\"article\" \/>\n<meta property=\"og:title\" content=\"Initiative pour une eau potable propre\" \/>\n<meta property=\"og:description\" content=\"Initiative pour une eau potable propre\" \/>\n<meta property=\"og:url\" content=\"https:\/\/www.initiative-sauberes-trinkwasser.ch\/fr\/\" \/>\n<meta property=\"og:site_name\" content=\"Trinkwasserinitiative\" \/>\n<meta property=\"article:modified_time\" content=\"2025-12-22T15:51:24+00:00\" \/>\n<meta property=\"og:image\" content=\"https:\/\/www.initiative-sauberes-trinkwasser.ch\/wp-content\/uploads\/2020\/12\/TWI_Spenden_Unterstu\u0308tzen_FB.png\" \/>\n<meta name=\"twitter:card\" content=\"summary_large_image\" \/>\n<meta name=\"twitter:label1\" content=\"Dur\u00e9e de lecture estim\u00e9e\" \/>\n\t<meta name=\"twitter:data1\" content=\"3 minutes\" \/>\n<script type=\"application\/ld+json\" class=\"yoast-schema-graph\">{\"@context\":\"https:\/\/schema.org\",\"@graph\":[{\"@type\":\"WebSite\",\"@id\":\"https:\/\/www.initiative-sauberes-trinkwasser.ch\/#website\",\"url\":\"https:\/\/www.initiative-sauberes-trinkwasser.ch\/\",\"name\":\"Trinkwasserinitiative\",\"description\":\"\",\"potentialAction\":[{\"@type\":\"SearchAction\",\"target\":{\"@type\":\"EntryPoint\",\"urlTemplate\":\"https:\/\/www.initiative-sauberes-trinkwasser.ch\/?s={search_term_string}\"},\"query-input\":\"required name=search_term_string\"}],\"inLanguage\":\"fr-FR\"},{\"@type\":\"WebPage\",\"@id\":\"https:\/\/www.initiative-sauberes-trinkwasser.ch\/fr\/\",\"url\":\"https:\/\/www.initiative-sauberes-trinkwasser.ch\/fr\/\",\"name\":\"OUI \u00e0 l'initiative pour une eau potable propre\",\"isPartOf\":{\"@id\":\"https:\/\/www.initiative-sauberes-trinkwasser.ch\/#website\"},\"datePublished\":\"2020-11-18T14:17:02+00:00\",\"dateModified\":\"2025-12-22T15:51:24+00:00\",\"description\":\"L\u2019initiative pour une eau potable propre exige qu\u2019\u00e0 l\u2019avenir, nos milliards d\u2019imp\u00f4ts soient investis dans une production alimentaire sans pesticides, qui n\u2019utilise pas d\u2019antibiotiques \u00e0 titre pr\u00e9ventif et qui \u00e9l\u00e8ve le b\u00e9tail qu\u2019elle peut nourrir avec du fourrage local.\",\"breadcrumb\":{\"@id\":\"https:\/\/www.initiative-sauberes-trinkwasser.ch\/fr\/#breadcrumb\"},\"inLanguage\":\"fr-FR\",\"potentialAction\":[{\"@type\":\"ReadAction\",\"target\":[\"https:\/\/www.initiative-sauberes-trinkwasser.ch\/fr\/\"]}]},{\"@type\":\"BreadcrumbList\",\"@id\":\"https:\/\/www.initiative-sauberes-trinkwasser.ch\/fr\/#breadcrumb\",\"itemListElement\":[{\"@type\":\"ListItem\",\"position\":1,\"name\":\"Home\",\"item\":\"https:\/\/www.initiative-sauberes-trinkwasser.ch\/fr\/\"},{\"@type\":\"ListItem\",\"position\":2,\"name\":\"\"}]}]}<\/script>\n<!-- \/ Yoast SEO plugin. -->","yoast_head_json":{"title":"OUI \u00e0 l'initiative pour une eau potable propre","description":"L\u2019initiative pour une eau potable propre exige qu\u2019\u00e0 l\u2019avenir, nos milliards d\u2019imp\u00f4ts soient investis dans une production alimentaire sans pesticides, qui n\u2019utilise pas d\u2019antibiotiques \u00e0 titre pr\u00e9ventif et qui \u00e9l\u00e8ve le b\u00e9tail qu\u2019elle peut nourrir avec du fourrage local.","robots":{"index":"index","follow":"follow","max-snippet":"max-snippet:-1","max-image-preview":"max-image-preview:large","max-video-preview":"max-video-preview:-1"},"canonical":"https:\/\/www.initiative-sauberes-trinkwasser.ch\/fr\/","og_locale":"fr_FR","og_type":"article","og_title":"Initiative pour une eau potable propre","og_description":"Initiative pour une eau potable propre","og_url":"https:\/\/www.initiative-sauberes-trinkwasser.ch\/fr\/","og_site_name":"Trinkwasserinitiative","article_modified_time":"2025-12-22T15:51:24+00:00","og_image":[{"url":"https:\/\/www.initiative-sauberes-trinkwasser.ch\/wp-content\/uploads\/2020\/12\/TWI_Spenden_Unterstu\u0308tzen_FB.png"}],"twitter_card":"summary_large_image","twitter_misc":{"Dur\u00e9e de lecture estim\u00e9e":"3 minutes"},"schema":{"@context":"https:\/\/schema.org","@graph":[{"@type":"WebSite","@id":"https:\/\/www.initiative-sauberes-trinkwasser.ch\/#website","url":"https:\/\/www.initiative-sauberes-trinkwasser.ch\/","name":"Trinkwasserinitiative","description":"","potentialAction":[{"@type":"SearchAction","target":{"@type":"EntryPoint","urlTemplate":"https:\/\/www.initiative-sauberes-trinkwasser.ch\/?s={search_term_string}"},"query-input":"required name=search_term_string"}],"inLanguage":"fr-FR"},{"@type":"WebPage","@id":"https:\/\/www.initiative-sauberes-trinkwasser.ch\/fr\/","url":"https:\/\/www.initiative-sauberes-trinkwasser.ch\/fr\/","name":"OUI \u00e0 l'initiative pour une eau potable propre","isPartOf":{"@id":"https:\/\/www.initiative-sauberes-trinkwasser.ch\/#website"},"datePublished":"2020-11-18T14:17:02+00:00","dateModified":"2025-12-22T15:51:24+00:00","description":"L\u2019initiative pour une eau potable propre exige qu\u2019\u00e0 l\u2019avenir, nos milliards d\u2019imp\u00f4ts soient investis dans une production alimentaire sans pesticides, qui n\u2019utilise pas d\u2019antibiotiques \u00e0 titre pr\u00e9ventif et qui \u00e9l\u00e8ve le b\u00e9tail qu\u2019elle peut nourrir avec du fourrage local.","breadcrumb":{"@id":"https:\/\/www.initiative-sauberes-trinkwasser.ch\/fr\/#breadcrumb"},"inLanguage":"fr-FR","potentialAction":[{"@type":"ReadAction","target":["https:\/\/www.initiative-sauberes-trinkwasser.ch\/fr\/"]}]},{"@type":"BreadcrumbList","@id":"https:\/\/www.initiative-sauberes-trinkwasser.ch\/fr\/#breadcrumb","itemListElement":[{"@type":"ListItem","position":1,"name":"Home","item":"https:\/\/www.initiative-sauberes-trinkwasser.ch\/fr\/"},{"@type":"ListItem","position":2,"name":""}]}]}},"_links":{"self":[{"href":"https:\/\/www.initiative-sauberes-trinkwasser.ch\/fr\/wp-json\/wp\/v2\/pages\/21243"}],"collection":[{"href":"https:\/\/www.initiative-sauberes-trinkwasser.ch\/fr\/wp-json\/wp\/v2\/pages"}],"about":[{"href":"https:\/\/www.initiative-sauberes-trinkwasser.ch\/fr\/wp-json\/wp\/v2\/types\/page"}],"author":[{"embeddable":true,"href":"https:\/\/www.initiative-sauberes-trinkwasser.ch\/fr\/wp-json\/wp\/v2\/users\/5"}],"replies":[{"embeddable":true,"href":"https:\/\/www.initiative-sauberes-trinkwasser.ch\/fr\/wp-json\/wp\/v2\/comments?post=21243"}],"version-history":[{"count":89,"href":"https:\/\/www.initiative-sauberes-trinkwasser.ch\/fr\/wp-json\/wp\/v2\/pages\/21243\/revisions"}],"predecessor-version":[{"id":45729,"href":"https:\/\/www.initiative-sauberes-trinkwasser.ch\/fr\/wp-json\/wp\/v2\/pages\/21243\/revisions\/45729"}],"wp:attachment":[{"href":"https:\/\/www.initiative-sauberes-trinkwasser.ch\/fr\/wp-json\/wp\/v2\/media?parent=21243"}],"curies":[{"name":"wp","href":"https:\/\/api.w.org\/{rel}","templated":true}]}}