{"id":20051,"date":"2016-11-06T19:50:20","date_gmt":"2016-11-06T18:50:20","guid":{"rendered":"https:\/\/www.initiative-sauberes-trinkwasser.ch\/batteri-resistenti-agli-antibiotici\/"},"modified":"2024-07-31T19:33:49","modified_gmt":"2024-07-31T17:33:49","slug":"batteri-resistenti-agli-antibiotici","status":"publish","type":"page","link":"https:\/\/www.initiative-sauberes-trinkwasser.ch\/it\/batteri-resistenti-agli-antibiotici\/","title":{"rendered":"Batteri resistenti agli antibiotici"},"content":{"rendered":"<p><strong>L&#8217;iniziativa chiede che le aziende agricole che utilizzano antibiotici a scopo profilattico nell&#8217;allevamento di bestiame da reddito e il cui sistema di produzione prevede l&#8217;uso regolare di antibiotici siano escluse dai pagamenti diretti.<\/strong><\/p>\n<p>Gli antibiotici sono medicinali e devono essere utilizzati solo come tali. L&#8217;eccessivo consumo veterinario di antibiotici a scopo profilattico aumenta il problema della resistenza batterica.<\/p>\n<p>La ricerca di una redditivit\u00e0 sempre pi\u00f9 alta nella produzione di carne e latte dell&#8217;agricoltura svizzera ha un prezzo elevato. Oggi in Svizzera vengono impiegate circa <a href=\"https:\/\/www.blv.admin.ch\/blv\/it\/home\/dokumentation\/nsb-news-list.msg-id-71304.html\" target=\"_blank\" rel=\"noopener noreferrer\">32 tonnellate di antibiotici<\/a> all&#8217;anno nell\u2019ambito della zootecnia, principalmente a titolo preventivo per evitare che gli animali, indeboliti dagli eccessivi incroci, si ammalino. La maggior parte degli antibiotici usati negli allevamenti finiscono in seguito nei campi tramite liquami e letame e da qui nel ciclo dell&#8217;acqua.<\/p>\n<p>L&#8217;uso eccessivo di antibiotici ha portato alla formazione di batteri resistenti agli antibiotici, che la Commissione federale per la sicurezza biologica ha definito &#8220;la pi\u00f9 grande minaccia per la salute della popolazione svizzera&#8221; gi\u00e0 nel <a href=\"https:\/\/web.archive.org\/web\/20211227195356\/https:\/\/www.efbs.admin.ch\/inhalte\/dokumentation\/medienmitteilungen\/MM_EFBS_Antibiotikaresistenzen_I_15.12.2014.pdf\" target=\"_blank\" rel=\"noopener noreferrer\">2014<\/a>. La minaccia \u00e8 multipla poich\u00e9 questi batteri resistenti agli antibiotici possono diffondersi attraverso le <a href=\"http:\/\/www.news.uzh.ch\/de\/articles\/2013\/resistente-bakterien-erobern-die-schweiz.html\" target=\"_blank\" rel=\"noopener noreferrer\">risorse idriche<\/a> nonch\u00e9 tramite il <a href=\"http:\/\/www.unibe.ch\/aktuell\/medien\/media_relations\/medienmitteilungen\/2017\/medienmitteilungen_2017\/neues_antibiotikaresistenz_gen_in_milch_entdeckt\/index_ger.html\" target=\"_blank\" rel=\"noopener noreferrer\">cibo<\/a>, <a href=\"https:\/\/www.initiative-sauberes-trinkwasser.ch\/wp-content\/uploads\/2016\/11\/ag_buergmann.pdf\" target=\"_blank\" rel=\"noopener noreferrer\">l&#8217;acqua potabile<\/a> e persino <a href=\"https:\/\/www.heise.de\/tp\/features\/Multiresistente-Gene-verbreiten-sich-auch-ueber-die-Luft-4120622.html\" target=\"_blank\" rel=\"noopener noreferrer\">l&#8217;aria<\/a>.<\/p>\n<figure id=\"attachment_8938\" aria-describedby=\"caption-attachment-8938\" style=\"width: 795px\" class=\"wp-caption alignnone\"><a href=\"https:\/\/www.initiative-sauberes-trinkwasser.ch\/wp-content\/uploads\/2018\/11\/Artikelblid_Antibiotikaresistenz_011118.jpg\"><img loading=\"lazy\" class=\"wp-image-8938 size-large\" src=\"https:\/\/www.initiative-sauberes-trinkwasser.ch\/wp-content\/uploads\/2018\/11\/Artikelblid_Antibiotikaresistenz_011118-795x421.jpg\" alt=\"\" width=\"795\" height=\"421\"><\/a><figcaption id=\"caption-attachment-8938\" class=\"wp-caption-text\"><em>Fotografia: Klaus Petrus<\/em><\/figcaption><\/figure>\n<p>Eppure, \u00e8 tuttora permesso di utilizzare gli antibiotici a scopo profilattico negli allevamenti di bestiame. La revisione parziale dell&#8217;ordinanza del 1\u00b0 aprile 2016 sui medicamenti veterinari <a href=\"https:\/\/www.admin.ch\/opc\/it\/classified-compilation\/20030705\/index.html\" target=\"_blank\" rel=\"noopener noreferrer\" class=\"broken_link\">(OMVet)<\/a> introduce purtroppo solo una restrizione &#8211; <strong>ma non un divieto<\/strong> \u2013 della dispensazione di scorte di antibiotici destinati alla profilassi.<\/p>\n<p>Solo se sono disponibili antibiotici efficaci potremo continuare a curare gravi infezioni, effettuare trapianti, interventi chirurgici o chemioterapia. Se non adottiamo al pi\u00f9 presto provvedimenti adeguati, rischiamo di ritornare a condizioni mediche come lo erano 100 anni fa, quando la penicillina non era ancora stata scoperta.<\/p>\n<p>Questi fatti dovrebbero allarmarci e indurci a prendere provvedimenti immediati nel settore della zootecnia. Che l\u2019allevamento di bestiame sia fattibile anche senza l&#8217;uso regolare e profilattico di antibiotici \u00e8 ampiamento noto, \u00e8 gi\u00e0 praticato e deve diventare la norma &#8211; a beneficio degli esseri umani e degli animali.<\/p>\n<p><a href=\"https:\/\/www.initiative-sauberes-trinkwasser.ch\/it\/domande-frequenti\/\">Argomenti<\/a><\/p>\n\n\n<div style=\"height:20px\" aria-hidden=\"true\" class=\"wp-block-spacer\"><\/div>\n","protected":false},"excerpt":{"rendered":"<p>L&#8217;iniziativa chiede che le aziende agricole che utilizzano antibiotici a scopo profilattico nell&#8217;allevamento di bestiame da reddito e il cui sistema di produzione prevede l&#8217;uso regolare di antibiotici siano escluse dai pagamenti diretti. Gli antibiotici sono medicinali e devono essere utilizzati solo come tali. L&#8217;eccessivo consumo veterinario di antibiotici a scopo profilattico aumenta il problema [&hellip;]<\/p>\n","protected":false},"author":5,"featured_media":0,"parent":0,"menu_order":0,"comment_status":"closed","ping_status":"open","template":"","meta":{"inline_featured_image":false},"acf":[],"featured_image_urls":{"full":"","thumbnail":"","medium":"","medium_large":"","large":"","1536x1536":"","2048x2048":"","post-thumbnail":"","twentytwenty-fullscreen":""},"post_excerpt_stackable":"<p>L&#8217;iniziativa chiede che le aziende agricole che utilizzano antibiotici a scopo profilattico nell&#8217;allevamento di bestiame da reddito e il cui sistema di produzione prevede l&#8217;uso regolare di antibiotici siano escluse dai pagamenti diretti. Gli antibiotici sono medicinali e devono essere utilizzati solo come tali. L&#8217;eccessivo consumo veterinario di antibiotici a scopo profilattico aumenta il problema della resistenza batterica. La ricerca di una redditivit\u00e0 sempre pi\u00f9 alta nella produzione di carne e latte dell&#8217;agricoltura svizzera ha un prezzo elevato. Oggi in Svizzera vengono impiegate circa 32 tonnellate di antibiotici all&#8217;anno nell\u2019ambito della zootecnia, principalmente a titolo preventivo per evitare che gli&hellip;<\/p>\n","category_list":"","author_info":{"name":"Walter Kummer","url":"https:\/\/www.initiative-sauberes-trinkwasser.ch\/it\/author\/walter-kummer\/"},"comments_num":"0 commenti","featured_image_urls_v2":{"full":"","thumbnail":"","medium":"","medium_large":"","large":"","1536x1536":"","2048x2048":"","post-thumbnail":"","twentytwenty-fullscreen":""},"post_excerpt_stackable_v2":"<p>L&#8217;iniziativa chiede che le aziende agricole che utilizzano antibiotici a scopo profilattico nell&#8217;allevamento di bestiame da reddito e il cui sistema di produzione prevede l&#8217;uso regolare di antibiotici siano escluse dai pagamenti diretti. Gli antibiotici sono medicinali e devono essere utilizzati solo come tali. L&#8217;eccessivo consumo veterinario di antibiotici a scopo profilattico aumenta il problema della resistenza batterica. La ricerca di una redditivit\u00e0 sempre pi\u00f9 alta nella produzione di carne e latte dell&#8217;agricoltura svizzera ha un prezzo elevato. Oggi in Svizzera vengono impiegate circa 32 tonnellate di antibiotici all&#8217;anno nell\u2019ambito della zootecnia, principalmente a titolo preventivo per evitare che gli&hellip;<\/p>\n","category_list_v2":"","author_info_v2":{"name":"Walter Kummer","url":"https:\/\/www.initiative-sauberes-trinkwasser.ch\/it\/author\/walter-kummer\/"},"comments_num_v2":"0 commenti","yoast_head":"<!-- This site is optimized with the Yoast SEO plugin v19.4 - https:\/\/yoast.com\/wordpress\/plugins\/seo\/ -->\n<title>Batteri resistenti agli antibiotici - Trinkwasserinitiative<\/title>\n<meta name=\"robots\" content=\"index, follow, max-snippet:-1, max-image-preview:large, max-video-preview:-1\" \/>\n<link rel=\"canonical\" href=\"https:\/\/www.initiative-sauberes-trinkwasser.ch\/it\/batteri-resistenti-agli-antibiotici\/\" \/>\n<meta property=\"og:locale\" content=\"it_IT\" \/>\n<meta property=\"og:type\" content=\"article\" \/>\n<meta property=\"og:title\" content=\"Batteri resistenti agli antibiotici - Trinkwasserinitiative\" \/>\n<meta property=\"og:description\" content=\"L&#8217;iniziativa chiede che le aziende agricole che utilizzano antibiotici a scopo profilattico nell&#8217;allevamento di bestiame da reddito e il cui sistema di produzione prevede l&#8217;uso regolare di antibiotici siano escluse dai pagamenti diretti. Gli antibiotici sono medicinali e devono essere utilizzati solo come tali. L&#8217;eccessivo consumo veterinario di antibiotici a scopo profilattico aumenta il problema [&hellip;]\" \/>\n<meta property=\"og:url\" content=\"https:\/\/www.initiative-sauberes-trinkwasser.ch\/it\/batteri-resistenti-agli-antibiotici\/\" \/>\n<meta property=\"og:site_name\" content=\"Trinkwasserinitiative\" \/>\n<meta property=\"article:modified_time\" content=\"2024-07-31T17:33:49+00:00\" \/>\n<meta property=\"og:image\" content=\"https:\/\/www.initiative-sauberes-trinkwasser.ch\/wp-content\/uploads\/2018\/11\/Artikelblid_Antibiotikaresistenz_011118-795x421.jpg\" \/>\n<meta name=\"twitter:card\" content=\"summary_large_image\" \/>\n<meta name=\"twitter:label1\" content=\"Tempo di lettura stimato\" \/>\n\t<meta name=\"twitter:data1\" content=\"2 minuti\" \/>\n<script type=\"application\/ld+json\" class=\"yoast-schema-graph\">{\"@context\":\"https:\/\/schema.org\",\"@graph\":[{\"@type\":\"WebSite\",\"@id\":\"https:\/\/www.initiative-sauberes-trinkwasser.ch\/#website\",\"url\":\"https:\/\/www.initiative-sauberes-trinkwasser.ch\/\",\"name\":\"Trinkwasserinitiative\",\"description\":\"\",\"potentialAction\":[{\"@type\":\"SearchAction\",\"target\":{\"@type\":\"EntryPoint\",\"urlTemplate\":\"https:\/\/www.initiative-sauberes-trinkwasser.ch\/?s={search_term_string}\"},\"query-input\":\"required name=search_term_string\"}],\"inLanguage\":\"it-IT\"},{\"@type\":\"WebPage\",\"@id\":\"https:\/\/www.initiative-sauberes-trinkwasser.ch\/it\/batteri-resistenti-agli-antibiotici\/\",\"url\":\"https:\/\/www.initiative-sauberes-trinkwasser.ch\/it\/batteri-resistenti-agli-antibiotici\/\",\"name\":\"Batteri resistenti agli antibiotici - Trinkwasserinitiative\",\"isPartOf\":{\"@id\":\"https:\/\/www.initiative-sauberes-trinkwasser.ch\/#website\"},\"datePublished\":\"2016-11-06T18:50:20+00:00\",\"dateModified\":\"2024-07-31T17:33:49+00:00\",\"breadcrumb\":{\"@id\":\"https:\/\/www.initiative-sauberes-trinkwasser.ch\/it\/batteri-resistenti-agli-antibiotici\/#breadcrumb\"},\"inLanguage\":\"it-IT\",\"potentialAction\":[{\"@type\":\"ReadAction\",\"target\":[\"https:\/\/www.initiative-sauberes-trinkwasser.ch\/it\/batteri-resistenti-agli-antibiotici\/\"]}]},{\"@type\":\"BreadcrumbList\",\"@id\":\"https:\/\/www.initiative-sauberes-trinkwasser.ch\/it\/batteri-resistenti-agli-antibiotici\/#breadcrumb\",\"itemListElement\":[{\"@type\":\"ListItem\",\"position\":1,\"name\":\"Home\",\"item\":\"https:\/\/www.initiative-sauberes-trinkwasser.ch\/it\/\"},{\"@type\":\"ListItem\",\"position\":2,\"name\":\"Batteri resistenti agli antibiotici\"}]}]}<\/script>\n<!-- \/ Yoast SEO plugin. -->","yoast_head_json":{"title":"Batteri resistenti agli antibiotici - Trinkwasserinitiative","robots":{"index":"index","follow":"follow","max-snippet":"max-snippet:-1","max-image-preview":"max-image-preview:large","max-video-preview":"max-video-preview:-1"},"canonical":"https:\/\/www.initiative-sauberes-trinkwasser.ch\/it\/batteri-resistenti-agli-antibiotici\/","og_locale":"it_IT","og_type":"article","og_title":"Batteri resistenti agli antibiotici - Trinkwasserinitiative","og_description":"L&#8217;iniziativa chiede che le aziende agricole che utilizzano antibiotici a scopo profilattico nell&#8217;allevamento di bestiame da reddito e il cui sistema di produzione prevede l&#8217;uso regolare di antibiotici siano escluse dai pagamenti diretti. Gli antibiotici sono medicinali e devono essere utilizzati solo come tali. L&#8217;eccessivo consumo veterinario di antibiotici a scopo profilattico aumenta il problema [&hellip;]","og_url":"https:\/\/www.initiative-sauberes-trinkwasser.ch\/it\/batteri-resistenti-agli-antibiotici\/","og_site_name":"Trinkwasserinitiative","article_modified_time":"2024-07-31T17:33:49+00:00","og_image":[{"url":"https:\/\/www.initiative-sauberes-trinkwasser.ch\/wp-content\/uploads\/2018\/11\/Artikelblid_Antibiotikaresistenz_011118-795x421.jpg"}],"twitter_card":"summary_large_image","twitter_misc":{"Tempo di lettura stimato":"2 minuti"},"schema":{"@context":"https:\/\/schema.org","@graph":[{"@type":"WebSite","@id":"https:\/\/www.initiative-sauberes-trinkwasser.ch\/#website","url":"https:\/\/www.initiative-sauberes-trinkwasser.ch\/","name":"Trinkwasserinitiative","description":"","potentialAction":[{"@type":"SearchAction","target":{"@type":"EntryPoint","urlTemplate":"https:\/\/www.initiative-sauberes-trinkwasser.ch\/?s={search_term_string}"},"query-input":"required name=search_term_string"}],"inLanguage":"it-IT"},{"@type":"WebPage","@id":"https:\/\/www.initiative-sauberes-trinkwasser.ch\/it\/batteri-resistenti-agli-antibiotici\/","url":"https:\/\/www.initiative-sauberes-trinkwasser.ch\/it\/batteri-resistenti-agli-antibiotici\/","name":"Batteri resistenti agli antibiotici - Trinkwasserinitiative","isPartOf":{"@id":"https:\/\/www.initiative-sauberes-trinkwasser.ch\/#website"},"datePublished":"2016-11-06T18:50:20+00:00","dateModified":"2024-07-31T17:33:49+00:00","breadcrumb":{"@id":"https:\/\/www.initiative-sauberes-trinkwasser.ch\/it\/batteri-resistenti-agli-antibiotici\/#breadcrumb"},"inLanguage":"it-IT","potentialAction":[{"@type":"ReadAction","target":["https:\/\/www.initiative-sauberes-trinkwasser.ch\/it\/batteri-resistenti-agli-antibiotici\/"]}]},{"@type":"BreadcrumbList","@id":"https:\/\/www.initiative-sauberes-trinkwasser.ch\/it\/batteri-resistenti-agli-antibiotici\/#breadcrumb","itemListElement":[{"@type":"ListItem","position":1,"name":"Home","item":"https:\/\/www.initiative-sauberes-trinkwasser.ch\/it\/"},{"@type":"ListItem","position":2,"name":"Batteri resistenti agli antibiotici"}]}]}},"_links":{"self":[{"href":"https:\/\/www.initiative-sauberes-trinkwasser.ch\/it\/wp-json\/wp\/v2\/pages\/20051"}],"collection":[{"href":"https:\/\/www.initiative-sauberes-trinkwasser.ch\/it\/wp-json\/wp\/v2\/pages"}],"about":[{"href":"https:\/\/www.initiative-sauberes-trinkwasser.ch\/it\/wp-json\/wp\/v2\/types\/page"}],"author":[{"embeddable":true,"href":"https:\/\/www.initiative-sauberes-trinkwasser.ch\/it\/wp-json\/wp\/v2\/users\/5"}],"replies":[{"embeddable":true,"href":"https:\/\/www.initiative-sauberes-trinkwasser.ch\/it\/wp-json\/wp\/v2\/comments?post=20051"}],"version-history":[{"count":3,"href":"https:\/\/www.initiative-sauberes-trinkwasser.ch\/it\/wp-json\/wp\/v2\/pages\/20051\/revisions"}],"predecessor-version":[{"id":45513,"href":"https:\/\/www.initiative-sauberes-trinkwasser.ch\/it\/wp-json\/wp\/v2\/pages\/20051\/revisions\/45513"}],"wp:attachment":[{"href":"https:\/\/www.initiative-sauberes-trinkwasser.ch\/it\/wp-json\/wp\/v2\/media?parent=20051"}],"curies":[{"name":"wp","href":"https:\/\/api.w.org\/{rel}","templated":true}]}}