{"id":20054,"date":"2016-11-06T19:55:39","date_gmt":"2016-11-06T18:55:39","guid":{"rendered":"https:\/\/www.initiative-sauberes-trinkwasser.ch\/biodiversita\/"},"modified":"2022-08-02T10:25:41","modified_gmt":"2022-08-02T08:25:41","slug":"biodiversita","status":"publish","type":"page","link":"https:\/\/www.initiative-sauberes-trinkwasser.ch\/it\/biodiversita\/","title":{"rendered":"Biodiversit\u00e1"},"content":{"rendered":"<h3>L&#8217;iniziativa chiede che vengano sovvenzionate solo le aziende agricole che preservano la biodiversit\u00e0.<\/h3>\n<div class=\"kampagne biodiversitaet\">\n<div class=\"img\">La biodiversit\u00e0 svizzera \u2013 il degrado delle\n<p>\u00a0<\/p>\n<figure id=\"attachment_8960\" aria-describedby=\"caption-attachment-8960\" style=\"width: 333px\" class=\"wp-caption alignleft\"><img loading=\"lazy\" class=\"wp-image-8960 size-full\" src=\"https:\/\/www.initiative-sauberes-trinkwasser.ch\/wp-content\/uploads\/2018\/11\/Kampagnensujets_900px_breit_261018_3-1.png\" alt=\"\" width=\"333\" height=\"290\" \/><figcaption id=\"caption-attachment-8960\" class=\"wp-caption-text\"><b>1950<\/b>: la biodiversit\u00e0 di flora e fauna<\/figcaption><\/figure>\n<figure id=\"attachment_8961\" aria-describedby=\"caption-attachment-8961\" style=\"width: 333px\" class=\"wp-caption alignleft\"><img loading=\"lazy\" class=\"wp-image-8961 size-full\" src=\"https:\/\/www.initiative-sauberes-trinkwasser.ch\/wp-content\/uploads\/2018\/11\/Kampagnensujets_900px_breit_261018_3-2.png\" alt=\"\" width=\"333\" height=\"290\" \/><figcaption id=\"caption-attachment-8961\" class=\"wp-caption-text\"><b>Oggi:<\/b> la biodiversit\u00e0 vegetale<\/figcaption><\/figure>\n<figure id=\"attachment_8962\" aria-describedby=\"caption-attachment-8962\" style=\"width: 333px\" class=\"wp-caption alignleft\"><img loading=\"lazy\" class=\"wp-image-8962 size-full\" src=\"https:\/\/www.initiative-sauberes-trinkwasser.ch\/wp-content\/uploads\/2018\/11\/Kampagnensujets_900px_breit_261018_3-3.png\" alt=\"\" width=\"333\" height=\"290\" \/><figcaption id=\"caption-attachment-8962\" class=\"wp-caption-text\"><b>Oggi:<\/b> la biodiversit\u00e0 animale<\/figcaption><\/figure>\n<\/div>\n<div style=\"clear: both;\">\u00a0<\/div>\n<ul>\n<li class=\"reich\">ricca<\/li>\n<li class=\"verarmt\">impoverita<\/li>\n<li class=\"kein\">estinta<\/li>\n<\/ul>\n<\/div>\n<p><em>Fonte: Andreas Bosshard \u00abDas Naturwiesland der Schweiz und Mitteleuropas\u00bb<\/em><\/p>\n<p><a href=\"https:\/\/web.archive.org\/web\/20220228152512\/https:\/\/www.bafu.admin.ch\/bafu\/it\/home\/temi\/biodiversita\/info-specialisti\/misure-per-conservare-e-promuovere-la-biodiversita\/strategia-e-piano-dazione-biodiversita.html\"><strong>La biodiversit\u00e0 costituisce la base di sussistenza per noi e per tutte le generazioni future.<br \/><\/strong><\/a>La biodiversit\u00e0 comprende la ricchezza di specie animali, di piante, funghi e microrganismi, la diversit\u00e0 genetica all&#8217;interno delle varie specie, la diversit\u00e0 degli habitat e le interazioni all&#8217;interno di questi e tra i vari livelli. Una grande biodiversit\u00e0 \u00e8 essenziale per la stabilit\u00e0 e la produttivit\u00e0 degli ecosistemi e per terreni sani e fertili. L&#8217;alimentazione umana \u00e8 per molti versi direttamente dipendente dalla biodiversit\u00e0.<\/p>\n<p>Nessun&#8217;altra attivit\u00e0 umana influenza la biodiversit\u00e0 quanto l&#8217;agricoltura. Per secoli, gli agricoltori dell&#8217;Europa centrale hanno contribuito ad un forte aumento della biodiversit\u00e0. Con l&#8217;avvento dei metodi industriali nella produzione agricola negli anni &#8217;50, la situazione \u00e8 cambiata quasi in un solo colpo. L&#8217;attuale produzione agroalimentare intensiva ha portato nel giro di pochi decenni ad un vero e proprio crollo della biodiversit\u00e0 nel paesaggio naturale.<\/p>\n<p>L&#8217;uso di pesticidi, le eccedenze di letame e le emissioni di azoto provenienti da allevamenti troppo intensivi e dipendenti dalle importazioni di mangimi hanno avuto un impatto devastante. Particolarmente deleterio \u00e8 il fatto che questo tipo di agricoltura, oltre a distruggere la propria base di produzione, si dirige verso un vicolo cieco economico. Questo perch\u00e9 i suoi costi di produzione sono troppo elevati a causa della costosa tecnologia e dei coadiuvanti necessari. Come conseguenza della sua industrializzazione, l&#8217;agricoltura svizzera registra da molti anni un deficit massiccio. Solo grazie ad un&#8217;alta protezione delle frontiere e ai pagamenti miliardari annuali da parte dello Stato, gli agricoltori possono ancora oggi percepire un reddito.<\/p>\n<p>\u00c8 dimostrato che un&#8217;agricoltura pi\u00f9 naturale non solo \u00e8 molto pi\u00f9 economica, ma si prende cura anche della biodiversit\u00e0 e quindi della propria base di produzione anzich\u00e9 distruggerla.<\/p>\n<p><a href=\"https:\/\/www.initiative-sauberes-trinkwasser.ch\/it\/domande-frequenti\/\">Argomenti<\/a><\/p>\n<p><strong>Informazioni:<\/strong><br \/><a href=\"https:\/\/web.archive.org\/web\/20220228152512\/https:\/\/www.bafu.admin.ch\/bafu\/it\/home\/temi\/biodiversita\/info-specialisti\/misure-per-conservare-e-promuovere-la-biodiversita\/strategia-e-piano-dazione-biodiversita.html\" target=\"_blank\" rel=\"noopener noreferrer\">Strategia e piano d\u2019azione Biodiversit\u00e0 Svizzera<\/a><br \/><a href=\"https:\/\/scienzenaturali.ch\/service\/publications\/35223-etat-de-la-biodiversite-en-suisse-en-2014---une-analyse-scientifique?_ga=2.238349698.362827682.1552757229-1112231325.1552757229\" target=\"_blank\" rel=\"noopener noreferrer\">Etat de la biodiversit\u00e9 en Suisse en 2014 &#8211; Une analyse scientifique<\/a><\/p>\n\n\n<div style=\"height:20px\" aria-hidden=\"true\" class=\"wp-block-spacer\"><\/div>\n","protected":false},"excerpt":{"rendered":"<p>L&#8217;iniziativa chiede che vengano sovvenzionate solo le aziende agricole che preservano la biodiversit\u00e0. La biodiversit\u00e0 svizzera \u2013 il degrado delle \u00a0 \u00a0 ricca impoverita estinta Fonte: Andreas Bosshard \u00abDas Naturwiesland der Schweiz und Mitteleuropas\u00bb La biodiversit\u00e0 costituisce la base di sussistenza per noi e per tutte le generazioni future.La biodiversit\u00e0 comprende la ricchezza di specie [&hellip;]<\/p>\n","protected":false},"author":5,"featured_media":0,"parent":0,"menu_order":0,"comment_status":"closed","ping_status":"open","template":"","meta":{"inline_featured_image":false},"acf":[],"featured_image_urls":{"full":"","thumbnail":"","medium":"","medium_large":"","large":"","1536x1536":"","2048x2048":"","post-thumbnail":"","twentytwenty-fullscreen":""},"post_excerpt_stackable":"<p>L&#8217;iniziativa chiede che vengano sovvenzionate solo le aziende agricole che preservano la biodiversit\u00e0. La biodiversit\u00e0 svizzera \u2013 il degrado delle \u00a0 1950: la biodiversit\u00e0 di flora e fauna Oggi: la biodiversit\u00e0 vegetale Oggi: la biodiversit\u00e0 animale \u00a0 ricca impoverita estinta Fonte: Andreas Bosshard \u00abDas Naturwiesland der Schweiz und Mitteleuropas\u00bb La biodiversit\u00e0 costituisce la base di sussistenza per noi e per tutte le generazioni future.La biodiversit\u00e0 comprende la ricchezza di specie animali, di piante, funghi e microrganismi, la diversit\u00e0 genetica all&#8217;interno delle varie specie, la diversit\u00e0 degli habitat e le interazioni all&#8217;interno di questi e tra i vari livelli. Una grande&hellip;<\/p>\n","category_list":"","author_info":{"name":"Walter Kummer","url":"https:\/\/www.initiative-sauberes-trinkwasser.ch\/it\/author\/walter-kummer\/"},"comments_num":"0 commenti","featured_image_urls_v2":{"full":"","thumbnail":"","medium":"","medium_large":"","large":"","1536x1536":"","2048x2048":"","post-thumbnail":"","twentytwenty-fullscreen":""},"post_excerpt_stackable_v2":"<p>L&#8217;iniziativa chiede che vengano sovvenzionate solo le aziende agricole che preservano la biodiversit\u00e0. La biodiversit\u00e0 svizzera \u2013 il degrado delle \u00a0 1950: la biodiversit\u00e0 di flora e fauna Oggi: la biodiversit\u00e0 vegetale Oggi: la biodiversit\u00e0 animale \u00a0 ricca impoverita estinta Fonte: Andreas Bosshard \u00abDas Naturwiesland der Schweiz und Mitteleuropas\u00bb La biodiversit\u00e0 costituisce la base di sussistenza per noi e per tutte le generazioni future.La biodiversit\u00e0 comprende la ricchezza di specie animali, di piante, funghi e microrganismi, la diversit\u00e0 genetica all&#8217;interno delle varie specie, la diversit\u00e0 degli habitat e le interazioni all&#8217;interno di questi e tra i vari livelli. Una grande&hellip;<\/p>\n","category_list_v2":"","author_info_v2":{"name":"Walter Kummer","url":"https:\/\/www.initiative-sauberes-trinkwasser.ch\/it\/author\/walter-kummer\/"},"comments_num_v2":"0 commenti","yoast_head":"<!-- This site is optimized with the Yoast SEO plugin v19.4 - https:\/\/yoast.com\/wordpress\/plugins\/seo\/ -->\n<title>Biodiversit\u00e1 - Trinkwasserinitiative<\/title>\n<meta name=\"robots\" content=\"index, follow, max-snippet:-1, max-image-preview:large, max-video-preview:-1\" \/>\n<link rel=\"canonical\" href=\"https:\/\/www.initiative-sauberes-trinkwasser.ch\/it\/biodiversita\/\" \/>\n<meta property=\"og:locale\" content=\"it_IT\" \/>\n<meta property=\"og:type\" content=\"article\" \/>\n<meta property=\"og:title\" content=\"Biodiversit\u00e1 - Trinkwasserinitiative\" \/>\n<meta property=\"og:description\" content=\"L&#8217;iniziativa chiede che vengano sovvenzionate solo le aziende agricole che preservano la biodiversit\u00e0. La biodiversit\u00e0 svizzera \u2013 il degrado delle \u00a0 \u00a0 ricca impoverita estinta Fonte: Andreas Bosshard \u00abDas Naturwiesland der Schweiz und Mitteleuropas\u00bb La biodiversit\u00e0 costituisce la base di sussistenza per noi e per tutte le generazioni future.La biodiversit\u00e0 comprende la ricchezza di specie [&hellip;]\" \/>\n<meta property=\"og:url\" content=\"https:\/\/www.initiative-sauberes-trinkwasser.ch\/it\/biodiversita\/\" \/>\n<meta property=\"og:site_name\" content=\"Trinkwasserinitiative\" \/>\n<meta property=\"article:modified_time\" content=\"2022-08-02T08:25:41+00:00\" \/>\n<meta property=\"og:image\" content=\"https:\/\/www.initiative-sauberes-trinkwasser.ch\/wp-content\/uploads\/2018\/11\/Kampagnensujets_900px_breit_261018_3-1.png\" \/>\n<meta name=\"twitter:card\" content=\"summary_large_image\" \/>\n<meta name=\"twitter:label1\" content=\"Tempo di lettura stimato\" \/>\n\t<meta name=\"twitter:data1\" content=\"3 minuti\" \/>\n<script type=\"application\/ld+json\" class=\"yoast-schema-graph\">{\"@context\":\"https:\/\/schema.org\",\"@graph\":[{\"@type\":\"WebSite\",\"@id\":\"https:\/\/www.initiative-sauberes-trinkwasser.ch\/#website\",\"url\":\"https:\/\/www.initiative-sauberes-trinkwasser.ch\/\",\"name\":\"Trinkwasserinitiative\",\"description\":\"\",\"potentialAction\":[{\"@type\":\"SearchAction\",\"target\":{\"@type\":\"EntryPoint\",\"urlTemplate\":\"https:\/\/www.initiative-sauberes-trinkwasser.ch\/?s={search_term_string}\"},\"query-input\":\"required name=search_term_string\"}],\"inLanguage\":\"it-IT\"},{\"@type\":\"WebPage\",\"@id\":\"https:\/\/www.initiative-sauberes-trinkwasser.ch\/it\/biodiversita\/\",\"url\":\"https:\/\/www.initiative-sauberes-trinkwasser.ch\/it\/biodiversita\/\",\"name\":\"Biodiversit\u00e1 - Trinkwasserinitiative\",\"isPartOf\":{\"@id\":\"https:\/\/www.initiative-sauberes-trinkwasser.ch\/#website\"},\"datePublished\":\"2016-11-06T18:55:39+00:00\",\"dateModified\":\"2022-08-02T08:25:41+00:00\",\"breadcrumb\":{\"@id\":\"https:\/\/www.initiative-sauberes-trinkwasser.ch\/it\/biodiversita\/#breadcrumb\"},\"inLanguage\":\"it-IT\",\"potentialAction\":[{\"@type\":\"ReadAction\",\"target\":[\"https:\/\/www.initiative-sauberes-trinkwasser.ch\/it\/biodiversita\/\"]}]},{\"@type\":\"BreadcrumbList\",\"@id\":\"https:\/\/www.initiative-sauberes-trinkwasser.ch\/it\/biodiversita\/#breadcrumb\",\"itemListElement\":[{\"@type\":\"ListItem\",\"position\":1,\"name\":\"Home\",\"item\":\"https:\/\/www.initiative-sauberes-trinkwasser.ch\/it\/\"},{\"@type\":\"ListItem\",\"position\":2,\"name\":\"Biodiversit\u00e1\"}]}]}<\/script>\n<!-- \/ Yoast SEO plugin. -->","yoast_head_json":{"title":"Biodiversit\u00e1 - Trinkwasserinitiative","robots":{"index":"index","follow":"follow","max-snippet":"max-snippet:-1","max-image-preview":"max-image-preview:large","max-video-preview":"max-video-preview:-1"},"canonical":"https:\/\/www.initiative-sauberes-trinkwasser.ch\/it\/biodiversita\/","og_locale":"it_IT","og_type":"article","og_title":"Biodiversit\u00e1 - Trinkwasserinitiative","og_description":"L&#8217;iniziativa chiede che vengano sovvenzionate solo le aziende agricole che preservano la biodiversit\u00e0. La biodiversit\u00e0 svizzera \u2013 il degrado delle \u00a0 \u00a0 ricca impoverita estinta Fonte: Andreas Bosshard \u00abDas Naturwiesland der Schweiz und Mitteleuropas\u00bb La biodiversit\u00e0 costituisce la base di sussistenza per noi e per tutte le generazioni future.La biodiversit\u00e0 comprende la ricchezza di specie [&hellip;]","og_url":"https:\/\/www.initiative-sauberes-trinkwasser.ch\/it\/biodiversita\/","og_site_name":"Trinkwasserinitiative","article_modified_time":"2022-08-02T08:25:41+00:00","og_image":[{"url":"https:\/\/www.initiative-sauberes-trinkwasser.ch\/wp-content\/uploads\/2018\/11\/Kampagnensujets_900px_breit_261018_3-1.png"}],"twitter_card":"summary_large_image","twitter_misc":{"Tempo di lettura stimato":"3 minuti"},"schema":{"@context":"https:\/\/schema.org","@graph":[{"@type":"WebSite","@id":"https:\/\/www.initiative-sauberes-trinkwasser.ch\/#website","url":"https:\/\/www.initiative-sauberes-trinkwasser.ch\/","name":"Trinkwasserinitiative","description":"","potentialAction":[{"@type":"SearchAction","target":{"@type":"EntryPoint","urlTemplate":"https:\/\/www.initiative-sauberes-trinkwasser.ch\/?s={search_term_string}"},"query-input":"required name=search_term_string"}],"inLanguage":"it-IT"},{"@type":"WebPage","@id":"https:\/\/www.initiative-sauberes-trinkwasser.ch\/it\/biodiversita\/","url":"https:\/\/www.initiative-sauberes-trinkwasser.ch\/it\/biodiversita\/","name":"Biodiversit\u00e1 - Trinkwasserinitiative","isPartOf":{"@id":"https:\/\/www.initiative-sauberes-trinkwasser.ch\/#website"},"datePublished":"2016-11-06T18:55:39+00:00","dateModified":"2022-08-02T08:25:41+00:00","breadcrumb":{"@id":"https:\/\/www.initiative-sauberes-trinkwasser.ch\/it\/biodiversita\/#breadcrumb"},"inLanguage":"it-IT","potentialAction":[{"@type":"ReadAction","target":["https:\/\/www.initiative-sauberes-trinkwasser.ch\/it\/biodiversita\/"]}]},{"@type":"BreadcrumbList","@id":"https:\/\/www.initiative-sauberes-trinkwasser.ch\/it\/biodiversita\/#breadcrumb","itemListElement":[{"@type":"ListItem","position":1,"name":"Home","item":"https:\/\/www.initiative-sauberes-trinkwasser.ch\/it\/"},{"@type":"ListItem","position":2,"name":"Biodiversit\u00e1"}]}]}},"_links":{"self":[{"href":"https:\/\/www.initiative-sauberes-trinkwasser.ch\/it\/wp-json\/wp\/v2\/pages\/20054"}],"collection":[{"href":"https:\/\/www.initiative-sauberes-trinkwasser.ch\/it\/wp-json\/wp\/v2\/pages"}],"about":[{"href":"https:\/\/www.initiative-sauberes-trinkwasser.ch\/it\/wp-json\/wp\/v2\/types\/page"}],"author":[{"embeddable":true,"href":"https:\/\/www.initiative-sauberes-trinkwasser.ch\/it\/wp-json\/wp\/v2\/users\/5"}],"replies":[{"embeddable":true,"href":"https:\/\/www.initiative-sauberes-trinkwasser.ch\/it\/wp-json\/wp\/v2\/comments?post=20054"}],"version-history":[{"count":4,"href":"https:\/\/www.initiative-sauberes-trinkwasser.ch\/it\/wp-json\/wp\/v2\/pages\/20054\/revisions"}],"predecessor-version":[{"id":38990,"href":"https:\/\/www.initiative-sauberes-trinkwasser.ch\/it\/wp-json\/wp\/v2\/pages\/20054\/revisions\/38990"}],"wp:attachment":[{"href":"https:\/\/www.initiative-sauberes-trinkwasser.ch\/it\/wp-json\/wp\/v2\/media?parent=20054"}],"curies":[{"name":"wp","href":"https:\/\/api.w.org\/{rel}","templated":true}]}}