{"id":20066,"date":"2019-10-12T08:37:08","date_gmt":"2019-10-12T06:37:08","guid":{"rendered":"https:\/\/www.initiative-sauberes-trinkwasser.ch\/ricerca-contributi-dinvestimento\/"},"modified":"2021-02-03T19:09:50","modified_gmt":"2021-02-03T18:09:50","slug":"ricerca-contributi-dinvestimento","status":"publish","type":"page","link":"https:\/\/www.initiative-sauberes-trinkwasser.ch\/it\/ricerca-contributi-dinvestimento\/","title":{"rendered":"Ricerca, Contributi d\u2019investimento"},"content":{"rendered":"<p><strong>L&#8217;iniziativa prevede che la Confederazione sostenga finanziariamente la ricerca agricola, la consulenza e la formazione e concede aiuti agli investimenti solo se soddisfano i nuovi requisiti. Ci\u00f2 creer\u00e0 le condizioni per una produzione alimentare sostenibile, rispettosa dell&#8217;ambiente e dell&#8217;acqua potabile.<\/strong><\/p>\n<p>Gran parte dei fondi statali destinati alla ricerca e alla consulenza viene oggi utilizzata per studiare i danni causati dalle sostanze tossiche e dall&#8217;uso eccessivo di fertilizzanti in agricoltura. Quando poi i problemi diventano intollerabili si fanno analisi e consulenze per tentare di limitare i danni. Purtroppo attualmente la Confederazione non mette a disposizione alcun finanziamento per consulenza e ricerca volte a promuovere un&#8217;agricoltura che non abbia bisogno di tante sostanze tossiche. Ci\u00f2 non soltanto \u00e8 estremamente inefficiente, ma fa perdere all&#8217;agricoltura svizzera una grande opportunit\u00e0 di mercato. La domanda per alimenti esenti da pesticidi e antibiotici e prodotti con metodi che rispettino l&#8217;ambiente aumenta vertiginosamente.<\/p>\n<p>Se l&#8217;iniziativa viene approvata, lo Stato sar\u00e0 tenuto ad orientare ricerca, consulenza, formazione e incentivi in materia agricola in modo mirato verso una produzione alimentare che gradualmente far\u00e0 a meno di pesticidi e trattamenti profilattici con antibiotici e sar\u00e0 in grado, con le proprie risorse, di produrre in modo efficace e sostenibile.<\/p>\n<p><a href=\"https:\/\/www.initiative-sauberes-trinkwasser.ch\/it\/domande-frequenti\/\">Argomenti<\/a><\/p>\n\n\n<div style=\"height:20px\" aria-hidden=\"true\" class=\"wp-block-spacer\"><\/div>\n","protected":false},"excerpt":{"rendered":"<p>L&#8217;iniziativa prevede che la Confederazione sostenga finanziariamente la ricerca agricola, la consulenza e la formazione e concede aiuti agli investimenti solo se soddisfano i nuovi requisiti. Ci\u00f2 creer\u00e0 le condizioni per una produzione alimentare sostenibile, rispettosa dell&#8217;ambiente e dell&#8217;acqua potabile. Gran parte dei fondi statali destinati alla ricerca e alla consulenza viene oggi utilizzata per [&hellip;]<\/p>\n","protected":false},"author":5,"featured_media":0,"parent":0,"menu_order":0,"comment_status":"closed","ping_status":"open","template":"","meta":{"inline_featured_image":false},"acf":[],"featured_image_urls":{"full":"","thumbnail":"","medium":"","medium_large":"","large":"","1536x1536":"","2048x2048":"","post-thumbnail":"","twentytwenty-fullscreen":""},"post_excerpt_stackable":"<p>L&#8217;iniziativa prevede che la Confederazione sostenga finanziariamente la ricerca agricola, la consulenza e la formazione e concede aiuti agli investimenti solo se soddisfano i nuovi requisiti. Ci\u00f2 creer\u00e0 le condizioni per una produzione alimentare sostenibile, rispettosa dell&#8217;ambiente e dell&#8217;acqua potabile. Gran parte dei fondi statali destinati alla ricerca e alla consulenza viene oggi utilizzata per studiare i danni causati dalle sostanze tossiche e dall&#8217;uso eccessivo di fertilizzanti in agricoltura. Quando poi i problemi diventano intollerabili si fanno analisi e consulenze per tentare di limitare i danni. Purtroppo attualmente la Confederazione non mette a disposizione alcun finanziamento per consulenza e ricerca&hellip;<\/p>\n","category_list":"","author_info":{"name":"Walter Kummer","url":"https:\/\/www.initiative-sauberes-trinkwasser.ch\/it\/author\/walter-kummer\/"},"comments_num":"0 commenti","featured_image_urls_v2":{"full":"","thumbnail":"","medium":"","medium_large":"","large":"","1536x1536":"","2048x2048":"","post-thumbnail":"","twentytwenty-fullscreen":""},"post_excerpt_stackable_v2":"<p>L&#8217;iniziativa prevede che la Confederazione sostenga finanziariamente la ricerca agricola, la consulenza e la formazione e concede aiuti agli investimenti solo se soddisfano i nuovi requisiti. Ci\u00f2 creer\u00e0 le condizioni per una produzione alimentare sostenibile, rispettosa dell&#8217;ambiente e dell&#8217;acqua potabile. Gran parte dei fondi statali destinati alla ricerca e alla consulenza viene oggi utilizzata per studiare i danni causati dalle sostanze tossiche e dall&#8217;uso eccessivo di fertilizzanti in agricoltura. Quando poi i problemi diventano intollerabili si fanno analisi e consulenze per tentare di limitare i danni. Purtroppo attualmente la Confederazione non mette a disposizione alcun finanziamento per consulenza e ricerca&hellip;<\/p>\n","category_list_v2":"","author_info_v2":{"name":"Walter Kummer","url":"https:\/\/www.initiative-sauberes-trinkwasser.ch\/it\/author\/walter-kummer\/"},"comments_num_v2":"0 commenti","yoast_head":"<!-- This site is optimized with the Yoast SEO plugin v19.4 - https:\/\/yoast.com\/wordpress\/plugins\/seo\/ -->\n<title>Ricerca, Contributi d\u2019investimento - Trinkwasserinitiative<\/title>\n<meta name=\"robots\" content=\"index, follow, max-snippet:-1, max-image-preview:large, max-video-preview:-1\" \/>\n<link rel=\"canonical\" href=\"https:\/\/www.initiative-sauberes-trinkwasser.ch\/it\/ricerca-contributi-dinvestimento\/\" \/>\n<meta property=\"og:locale\" content=\"it_IT\" \/>\n<meta property=\"og:type\" content=\"article\" \/>\n<meta property=\"og:title\" content=\"Ricerca, Contributi d\u2019investimento - Trinkwasserinitiative\" \/>\n<meta property=\"og:description\" content=\"L&#8217;iniziativa prevede che la Confederazione sostenga finanziariamente la ricerca agricola, la consulenza e la formazione e concede aiuti agli investimenti solo se soddisfano i nuovi requisiti. Ci\u00f2 creer\u00e0 le condizioni per una produzione alimentare sostenibile, rispettosa dell&#8217;ambiente e dell&#8217;acqua potabile. Gran parte dei fondi statali destinati alla ricerca e alla consulenza viene oggi utilizzata per [&hellip;]\" \/>\n<meta property=\"og:url\" content=\"https:\/\/www.initiative-sauberes-trinkwasser.ch\/it\/ricerca-contributi-dinvestimento\/\" \/>\n<meta property=\"og:site_name\" content=\"Trinkwasserinitiative\" \/>\n<meta property=\"article:modified_time\" content=\"2021-02-03T18:09:50+00:00\" \/>\n<meta property=\"og:image\" content=\"https:\/\/www.initiative-sauberes-trinkwasser.ch\/wp-content\/uploads\/2020\/12\/TWI_Spenden_unterstu\u0308tzen_FB-1.png\" \/>\n\t<meta property=\"og:image:width\" content=\"3917\" \/>\n\t<meta property=\"og:image:height\" content=\"3283\" \/>\n\t<meta property=\"og:image:type\" content=\"image\/png\" \/>\n<meta name=\"twitter:card\" content=\"summary_large_image\" \/>\n<meta name=\"twitter:label1\" content=\"Tempo di lettura stimato\" \/>\n\t<meta name=\"twitter:data1\" content=\"1 minuto\" \/>\n<script type=\"application\/ld+json\" class=\"yoast-schema-graph\">{\"@context\":\"https:\/\/schema.org\",\"@graph\":[{\"@type\":\"WebSite\",\"@id\":\"https:\/\/www.initiative-sauberes-trinkwasser.ch\/#website\",\"url\":\"https:\/\/www.initiative-sauberes-trinkwasser.ch\/\",\"name\":\"Trinkwasserinitiative\",\"description\":\"\",\"potentialAction\":[{\"@type\":\"SearchAction\",\"target\":{\"@type\":\"EntryPoint\",\"urlTemplate\":\"https:\/\/www.initiative-sauberes-trinkwasser.ch\/?s={search_term_string}\"},\"query-input\":\"required name=search_term_string\"}],\"inLanguage\":\"it-IT\"},{\"@type\":\"WebPage\",\"@id\":\"https:\/\/www.initiative-sauberes-trinkwasser.ch\/it\/ricerca-contributi-dinvestimento\/\",\"url\":\"https:\/\/www.initiative-sauberes-trinkwasser.ch\/it\/ricerca-contributi-dinvestimento\/\",\"name\":\"Ricerca, Contributi d\u2019investimento - Trinkwasserinitiative\",\"isPartOf\":{\"@id\":\"https:\/\/www.initiative-sauberes-trinkwasser.ch\/#website\"},\"datePublished\":\"2019-10-12T06:37:08+00:00\",\"dateModified\":\"2021-02-03T18:09:50+00:00\",\"breadcrumb\":{\"@id\":\"https:\/\/www.initiative-sauberes-trinkwasser.ch\/it\/ricerca-contributi-dinvestimento\/#breadcrumb\"},\"inLanguage\":\"it-IT\",\"potentialAction\":[{\"@type\":\"ReadAction\",\"target\":[\"https:\/\/www.initiative-sauberes-trinkwasser.ch\/it\/ricerca-contributi-dinvestimento\/\"]}]},{\"@type\":\"BreadcrumbList\",\"@id\":\"https:\/\/www.initiative-sauberes-trinkwasser.ch\/it\/ricerca-contributi-dinvestimento\/#breadcrumb\",\"itemListElement\":[{\"@type\":\"ListItem\",\"position\":1,\"name\":\"Home\",\"item\":\"https:\/\/www.initiative-sauberes-trinkwasser.ch\/it\/\"},{\"@type\":\"ListItem\",\"position\":2,\"name\":\"Ricerca, Contributi d\u2019investimento\"}]}]}<\/script>\n<!-- \/ Yoast SEO plugin. -->","yoast_head_json":{"title":"Ricerca, Contributi d\u2019investimento - Trinkwasserinitiative","robots":{"index":"index","follow":"follow","max-snippet":"max-snippet:-1","max-image-preview":"max-image-preview:large","max-video-preview":"max-video-preview:-1"},"canonical":"https:\/\/www.initiative-sauberes-trinkwasser.ch\/it\/ricerca-contributi-dinvestimento\/","og_locale":"it_IT","og_type":"article","og_title":"Ricerca, Contributi d\u2019investimento - Trinkwasserinitiative","og_description":"L&#8217;iniziativa prevede che la Confederazione sostenga finanziariamente la ricerca agricola, la consulenza e la formazione e concede aiuti agli investimenti solo se soddisfano i nuovi requisiti. Ci\u00f2 creer\u00e0 le condizioni per una produzione alimentare sostenibile, rispettosa dell&#8217;ambiente e dell&#8217;acqua potabile. Gran parte dei fondi statali destinati alla ricerca e alla consulenza viene oggi utilizzata per [&hellip;]","og_url":"https:\/\/www.initiative-sauberes-trinkwasser.ch\/it\/ricerca-contributi-dinvestimento\/","og_site_name":"Trinkwasserinitiative","article_modified_time":"2021-02-03T18:09:50+00:00","og_image":[{"width":3917,"height":3283,"url":"https:\/\/www.initiative-sauberes-trinkwasser.ch\/wp-content\/uploads\/2020\/12\/TWI_Spenden_unterstu\u0308tzen_FB-1.png","type":"image\/png"}],"twitter_card":"summary_large_image","twitter_misc":{"Tempo di lettura stimato":"1 minuto"},"schema":{"@context":"https:\/\/schema.org","@graph":[{"@type":"WebSite","@id":"https:\/\/www.initiative-sauberes-trinkwasser.ch\/#website","url":"https:\/\/www.initiative-sauberes-trinkwasser.ch\/","name":"Trinkwasserinitiative","description":"","potentialAction":[{"@type":"SearchAction","target":{"@type":"EntryPoint","urlTemplate":"https:\/\/www.initiative-sauberes-trinkwasser.ch\/?s={search_term_string}"},"query-input":"required name=search_term_string"}],"inLanguage":"it-IT"},{"@type":"WebPage","@id":"https:\/\/www.initiative-sauberes-trinkwasser.ch\/it\/ricerca-contributi-dinvestimento\/","url":"https:\/\/www.initiative-sauberes-trinkwasser.ch\/it\/ricerca-contributi-dinvestimento\/","name":"Ricerca, Contributi d\u2019investimento - Trinkwasserinitiative","isPartOf":{"@id":"https:\/\/www.initiative-sauberes-trinkwasser.ch\/#website"},"datePublished":"2019-10-12T06:37:08+00:00","dateModified":"2021-02-03T18:09:50+00:00","breadcrumb":{"@id":"https:\/\/www.initiative-sauberes-trinkwasser.ch\/it\/ricerca-contributi-dinvestimento\/#breadcrumb"},"inLanguage":"it-IT","potentialAction":[{"@type":"ReadAction","target":["https:\/\/www.initiative-sauberes-trinkwasser.ch\/it\/ricerca-contributi-dinvestimento\/"]}]},{"@type":"BreadcrumbList","@id":"https:\/\/www.initiative-sauberes-trinkwasser.ch\/it\/ricerca-contributi-dinvestimento\/#breadcrumb","itemListElement":[{"@type":"ListItem","position":1,"name":"Home","item":"https:\/\/www.initiative-sauberes-trinkwasser.ch\/it\/"},{"@type":"ListItem","position":2,"name":"Ricerca, Contributi d\u2019investimento"}]}]}},"_links":{"self":[{"href":"https:\/\/www.initiative-sauberes-trinkwasser.ch\/it\/wp-json\/wp\/v2\/pages\/20066"}],"collection":[{"href":"https:\/\/www.initiative-sauberes-trinkwasser.ch\/it\/wp-json\/wp\/v2\/pages"}],"about":[{"href":"https:\/\/www.initiative-sauberes-trinkwasser.ch\/it\/wp-json\/wp\/v2\/types\/page"}],"author":[{"embeddable":true,"href":"https:\/\/www.initiative-sauberes-trinkwasser.ch\/it\/wp-json\/wp\/v2\/users\/5"}],"replies":[{"embeddable":true,"href":"https:\/\/www.initiative-sauberes-trinkwasser.ch\/it\/wp-json\/wp\/v2\/comments?post=20066"}],"version-history":[{"count":2,"href":"https:\/\/www.initiative-sauberes-trinkwasser.ch\/it\/wp-json\/wp\/v2\/pages\/20066\/revisions"}],"predecessor-version":[{"id":25065,"href":"https:\/\/www.initiative-sauberes-trinkwasser.ch\/it\/wp-json\/wp\/v2\/pages\/20066\/revisions\/25065"}],"wp:attachment":[{"href":"https:\/\/www.initiative-sauberes-trinkwasser.ch\/it\/wp-json\/wp\/v2\/media?parent=20066"}],"curies":[{"name":"wp","href":"https:\/\/api.w.org\/{rel}","templated":true}]}}